{"id":3136528,"date":"2025-09-15T05:36:03","date_gmt":"2025-09-15T03:36:03","guid":{"rendered":"https:\/\/eu.tilta.com\/shop\/cable-de-connexion-nucleus-m-ii-7-broches-a-7-broches\/"},"modified":"2026-02-16T09:03:49","modified_gmt":"2026-02-16T08:03:49","slug":"nucleus-m-ii-7-pin-to-7-pin-connection-cable","status":"publish","type":"product","link":"https:\/\/eu.tilta.com\/fr\/shop\/nucleus-m-ii-7-pin-to-7-pin-connection-cable\/","title":{"rendered":"C\u00e2ble de connexion Nucleus-M II 7 broches \u00e0 7 broches"},"content":{"rendered":"<p>Ce c\u00e2ble d&#8217;alimentation 7 broches \u00e0 7 broches est utilis\u00e9 pour fournir une liaison en guirlande entre deux moteurs Nucleus-M ou Nucleus M-II, permettant \u00e0 la fois la communication et la distribution de l&#8217;alimentation entre les moteurs.<\/p>\n<p>Les poign\u00e9es peuvent \u00e9galement alimenter les moteurs via ce c\u00e2ble, mais les utilisateurs ressentiront moins de couple en raison de la tension plus faible et de la dur\u00e9e de vie r\u00e9duite de la batterie.<\/p>\n<p>Veuillez noter qu&#8217;un c\u00e2ble P-tap \u00e0 7 broches ou 3 broches \u00e0 7 broches est n\u00e9cessaire pour alimenter l&#8217;un des moteurs avant que ce c\u00e2ble ne transf\u00e8re l&#8217;\u00e9nergie et les informations \u00e0 un autre moteur, \u00e0 moins qu&#8217;il ne soit directement connect\u00e9 \u00e0 une poign\u00e9e.<\/p>\n<p>Il est disponible en longueurs de 30 ou 50 cm.<\/p>\n","protected":false},"excerpt":{"rendered":"<p>Ce c\u00e2ble d&#8217;alimentation 7 broches \u00e0 7 broches est utilis\u00e9 pour fournir une liaison en guirlande entre deux moteurs Nucleus-M ou Nucleus M-II, permettant \u00e0 la fois la communication et la distribution de l&#8217;alimentation entre les moteurs. Les poign\u00e9es peuvent [&hellip;]<\/p>\n","protected":false},"featured_media":2859729,"comment_status":"open","ping_status":"closed","template":"","meta":[],"product_cat":[4448,3920],"product_tag":[],"acf":[],"gallery_images":[],"_links":{"self":[{"href":"https:\/\/eu.tilta.com\/fr\/wp-json\/wp\/v2\/product\/3136528"}],"collection":[{"href":"https:\/\/eu.tilta.com\/fr\/wp-json\/wp\/v2\/product"}],"about":[{"href":"https:\/\/eu.tilta.com\/fr\/wp-json\/wp\/v2\/types\/product"}],"replies":[{"embeddable":true,"href":"https:\/\/eu.tilta.com\/fr\/wp-json\/wp\/v2\/comments?post=3136528"}],"wp:featuredmedia":[{"embeddable":true,"href":"https:\/\/eu.tilta.com\/fr\/wp-json\/wp\/v2\/media\/2859729"}],"wp:attachment":[{"href":"https:\/\/eu.tilta.com\/fr\/wp-json\/wp\/v2\/media?parent=3136528"}],"wp:term":[{"taxonomy":"product_cat","embeddable":true,"href":"https:\/\/eu.tilta.com\/fr\/wp-json\/wp\/v2\/product_cat?post=3136528"},{"taxonomy":"product_tag","embeddable":true,"href":"https:\/\/eu.tilta.com\/fr\/wp-json\/wp\/v2\/product_tag?post=3136528"}],"curies":[{"name":"wp","href":"https:\/\/api.w.org\/{rel}","templated":true}]}}