{"id":3136536,"date":"2025-09-15T05:59:08","date_gmt":"2025-09-15T03:59:08","guid":{"rendered":"https:\/\/eu.tilta.com\/shop\/nucleus-m-ii-motor-rod-mount\/"},"modified":"2025-12-05T14:40:22","modified_gmt":"2025-12-05T13:40:22","slug":"nucleus-m-ii-motor-rod-mount","status":"publish","type":"product","link":"https:\/\/eu.tilta.com\/fr\/shop\/nucleus-m-ii-motor-rod-mount\/","title":{"rendered":"Nucleus-M II Motor Rod Mount"},"content":{"rendered":"<p>Ce support de tige de moteur Nucleus-M II se glisse sur le moteur Nucleus-M II pour permettre aux utilisateurs d&#8217;attacher le moteur \u00e0 une tige de 15 mm ou 19 mm.<\/p>\n<p>La nouvelle conception comporte deux tailles diff\u00e9rentes pour chaque taille de tige, ce qui cr\u00e9e une connexion plus s\u00fbre.<\/p>\n","protected":false},"excerpt":{"rendered":"<p>Ce support de tige de moteur Nucleus-M II se glisse sur le moteur Nucleus-M II pour permettre aux utilisateurs d&#8217;attacher le moteur \u00e0 une tige de 15 mm ou 19 mm. La nouvelle conception comporte deux tailles diff\u00e9rentes pour chaque [&hellip;]<\/p>\n","protected":false},"featured_media":2859885,"comment_status":"open","ping_status":"closed","template":"","meta":[],"product_cat":[3920],"product_tag":[],"acf":[],"gallery_images":[2859891],"_links":{"self":[{"href":"https:\/\/eu.tilta.com\/fr\/wp-json\/wp\/v2\/product\/3136536"}],"collection":[{"href":"https:\/\/eu.tilta.com\/fr\/wp-json\/wp\/v2\/product"}],"about":[{"href":"https:\/\/eu.tilta.com\/fr\/wp-json\/wp\/v2\/types\/product"}],"replies":[{"embeddable":true,"href":"https:\/\/eu.tilta.com\/fr\/wp-json\/wp\/v2\/comments?post=3136536"}],"wp:featuredmedia":[{"embeddable":true,"href":"https:\/\/eu.tilta.com\/fr\/wp-json\/wp\/v2\/media\/2859885"}],"wp:attachment":[{"href":"https:\/\/eu.tilta.com\/fr\/wp-json\/wp\/v2\/media?parent=3136536"}],"wp:term":[{"taxonomy":"product_cat","embeddable":true,"href":"https:\/\/eu.tilta.com\/fr\/wp-json\/wp\/v2\/product_cat?post=3136536"},{"taxonomy":"product_tag","embeddable":true,"href":"https:\/\/eu.tilta.com\/fr\/wp-json\/wp\/v2\/product_tag?post=3136536"}],"curies":[{"name":"wp","href":"https:\/\/api.w.org\/{rel}","templated":true}]}}