{"id":3136557,"date":"2025-09-15T06:03:51","date_gmt":"2025-09-15T04:03:51","guid":{"rendered":"https:\/\/eu.tilta.com\/shop\/nucleus-m-ii-mod-motor-gear\/"},"modified":"2025-12-05T14:40:41","modified_gmt":"2025-12-05T13:40:41","slug":"nucleus-m-ii-mod-motor-gear","status":"publish","type":"product","link":"https:\/\/eu.tilta.com\/fr\/shop\/nucleus-m-ii-mod-motor-gear\/","title":{"rendered":"Nucleus-M II Mod Motor Gear"},"content":{"rendered":"<p>L&#8217;engrenage du moteur Nucleus-M II Mod peut \u00eatre utilis\u00e9 pour remplacer l&#8217;engrenage 0,8 du moteur Nucleus-M II afin de vous permettre d&#8217;utiliser le moteur sur des objectifs 0,4, 0,5, 0,6, 0,7 Mod.<\/p>\n<p>Les utilisateurs peuvent utiliser un tournevis \u00e0 t\u00eate plate pour retirer la vis au centre de l&#8217;engrenage du moteur et installer le nouvel engrenage de la m\u00eame mani\u00e8re.<\/p>\n<p>Le retrait de cette vis peut n\u00e9cessiter une bonne dose de force. Veuillez nous contacter pour obtenir de l&#8217;aide.<\/p>\n","protected":false},"excerpt":{"rendered":"<p>L&#8217;engrenage du moteur Nucleus-M II Mod peut \u00eatre utilis\u00e9 pour remplacer l&#8217;engrenage 0,8 du moteur Nucleus-M II afin de vous permettre d&#8217;utiliser le moteur sur des objectifs 0,4, 0,5, 0,6, 0,7 Mod. Les utilisateurs peuvent utiliser un tournevis \u00e0 t\u00eate [&hellip;]<\/p>\n","protected":false},"featured_media":2860195,"comment_status":"open","ping_status":"closed","template":"","meta":[],"product_cat":[3920],"product_tag":[],"acf":[],"gallery_images":[],"_links":{"self":[{"href":"https:\/\/eu.tilta.com\/fr\/wp-json\/wp\/v2\/product\/3136557"}],"collection":[{"href":"https:\/\/eu.tilta.com\/fr\/wp-json\/wp\/v2\/product"}],"about":[{"href":"https:\/\/eu.tilta.com\/fr\/wp-json\/wp\/v2\/types\/product"}],"replies":[{"embeddable":true,"href":"https:\/\/eu.tilta.com\/fr\/wp-json\/wp\/v2\/comments?post=3136557"}],"wp:featuredmedia":[{"embeddable":true,"href":"https:\/\/eu.tilta.com\/fr\/wp-json\/wp\/v2\/media\/2860195"}],"wp:attachment":[{"href":"https:\/\/eu.tilta.com\/fr\/wp-json\/wp\/v2\/media?parent=3136557"}],"wp:term":[{"taxonomy":"product_cat","embeddable":true,"href":"https:\/\/eu.tilta.com\/fr\/wp-json\/wp\/v2\/product_cat?post=3136557"},{"taxonomy":"product_tag","embeddable":true,"href":"https:\/\/eu.tilta.com\/fr\/wp-json\/wp\/v2\/product_tag?post=3136557"}],"curies":[{"name":"wp","href":"https:\/\/api.w.org\/{rel}","templated":true}]}}