{"id":3136579,"date":"2025-09-15T05:30:36","date_gmt":"2025-09-15T03:30:36","guid":{"rendered":"https:\/\/eu.tilta.com\/shop\/disque-de-marquage-a-mise-au-point-electronique-nucleus-m-ii\/"},"modified":"2025-12-05T14:40:49","modified_gmt":"2025-12-05T13:40:49","slug":"nucleus-m-ii-electronic-focus-marking-disk","status":"publish","type":"product","link":"https:\/\/eu.tilta.com\/fr\/shop\/nucleus-m-ii-electronic-focus-marking-disk\/","title":{"rendered":"Disque de marquage \u00e0 mise au point \u00e9lectronique Nucleus-M II"},"content":{"rendered":"<p>Le disque \u00e9lectronique de marquage de la mise au point affiche les informations de mise au point, la profondeur de champ et les rep\u00e8res de r\u00e9glage \u00e0 partir d&#8217;une position de travail confortable.<\/p>\n<p>Ce disque de marquage s&#8217;enclenche de la m\u00eame mani\u00e8re que les versions m\u00e9caniques et est dot\u00e9 d&#8217;un bouton de d\u00e9gagement rapide profond qui permet de le retirer rapidement sans qu&#8217;il ne soit accidentellement d\u00e9connect\u00e9.<\/p>\n<p>Ce disque de marquage est aliment\u00e9 et re\u00e7oit des informations directement du FIZ et l&#8217;\u00e9chelle peut \u00eatre agrandie ou r\u00e9duite selon les besoins.<\/p>\n<p>Veuillez noter que la direction des marques ne peut pas \u00eatre modifi\u00e9e pour le moment.<\/p>\n","protected":false},"excerpt":{"rendered":"<p>Le disque \u00e9lectronique de marquage de la mise au point affiche les informations de mise au point, la profondeur de champ et les rep\u00e8res de r\u00e9glage \u00e0 partir d&#8217;une position de travail confortable. Ce disque de marquage s&#8217;enclenche de la [&hellip;]<\/p>\n","protected":false},"featured_media":2859686,"comment_status":"open","ping_status":"closed","template":"","meta":[],"product_cat":[3920],"product_tag":[],"acf":[],"gallery_images":[2859680],"_links":{"self":[{"href":"https:\/\/eu.tilta.com\/fr\/wp-json\/wp\/v2\/product\/3136579"}],"collection":[{"href":"https:\/\/eu.tilta.com\/fr\/wp-json\/wp\/v2\/product"}],"about":[{"href":"https:\/\/eu.tilta.com\/fr\/wp-json\/wp\/v2\/types\/product"}],"replies":[{"embeddable":true,"href":"https:\/\/eu.tilta.com\/fr\/wp-json\/wp\/v2\/comments?post=3136579"}],"wp:featuredmedia":[{"embeddable":true,"href":"https:\/\/eu.tilta.com\/fr\/wp-json\/wp\/v2\/media\/2859686"}],"wp:attachment":[{"href":"https:\/\/eu.tilta.com\/fr\/wp-json\/wp\/v2\/media?parent=3136579"}],"wp:term":[{"taxonomy":"product_cat","embeddable":true,"href":"https:\/\/eu.tilta.com\/fr\/wp-json\/wp\/v2\/product_cat?post=3136579"},{"taxonomy":"product_tag","embeddable":true,"href":"https:\/\/eu.tilta.com\/fr\/wp-json\/wp\/v2\/product_tag?post=3136579"}],"curies":[{"name":"wp","href":"https:\/\/api.w.org\/{rel}","templated":true}]}}