{"id":3136585,"date":"2025-09-12T09:40:11","date_gmt":"2025-09-12T07:40:11","guid":{"rendered":"https:\/\/eu.tilta.com\/shop\/hydra-x-dan-ming-speed-pan-system\/"},"modified":"2026-02-14T16:50:43","modified_gmt":"2026-02-14T15:50:43","slug":"hydra-x-dan-ming-speed-pan-system","status":"publish","type":"product","link":"https:\/\/eu.tilta.com\/fr\/shop\/hydra-x-dan-ming-speed-pan-system\/","title":{"rendered":"Hydra x Dan Ming Speed Pan System"},"content":{"rendered":"<div class=\"overview-text\">\n<p><em>Voici une collaboration unique en son genre : le syst\u00e8me Hydra x Dan Ming Speed Pan.<\/em><\/p>\n<p>Le syst\u00e8me Speed Pan permet aux utilisateurs de r\u00e9aliser des panoramiques \u00e0 grande vitesse gr\u00e2ce au contr\u00f4le pr\u00e9cis d&#8217;un moteur de suivi de la mise au point sans fil.<\/p>\n<p>Ce syst\u00e8me repose sur une base rotative dot\u00e9e d&#8217;un engrenage pour faire tourner un moteur de focalisation. Les appareils photo de petite taille, comme les cam\u00e9ras d&#8217;action ou les reflex num\u00e9riques, peuvent alors \u00eatre mont\u00e9s \u00e0 l&#8217;aide d&#8217;une plaque de fixation rapide.<\/p>\n<p>Cette base est \u00e9galement dot\u00e9e d&#8217;un axe d&#8217;inclinaison r\u00e9glable qui facilite le cadrage et la cr\u00e9ation d&#8217;angles uniques.<\/p>\n<p>Au bas de cette base, vous trouverez trois rails OTAN qui peuvent \u00eatre utilis\u00e9s pour fixer des bras articul\u00e9s et des ventouses ainsi que d&#8217;autres syst\u00e8mes de support personnalis\u00e9s.<\/p>\n<p>Le kit Pro comprend trois bras articul\u00e9s robustes ainsi que trois ventouses \u00e9lectroniques. Il s&#8217;agit d&#8217;une option de montage s\u00fbre et flexible qui permet d&#8217;aligner le syst\u00e8me dans une vari\u00e9t\u00e9 d&#8217;angles sur un v\u00e9hicule.<\/p>\n<p>Ce syst\u00e8me est con\u00e7u pour aider \u00e0 capturer l&#8217;action \u00e0 grande vitesse que l&#8217;on trouve g\u00e9n\u00e9ralement dans les films de voiture \u00e0 voiture, mais il peut \u00eatre utilis\u00e9 dans d&#8217;autres sc\u00e9narios de prise de vue cr\u00e9atifs gr\u00e2ce aux multiples points de montage sur l&#8217;unit\u00e9 elle-m\u00eame, tels que les filetages NATO et \u00bc&#8221;-20.<\/p>\n<p>Dan Ming a \u00e9t\u00e9 \u00e0 la fois 1er CA et ing\u00e9nieur syst\u00e8me sur F1 : The Movie. Il a jou\u00e9 un r\u00f4le cl\u00e9 dans le d\u00e9veloppement du syst\u00e8me prototype compact &#8220;Sensor on a Stick&#8221; de Sony et a con\u00e7u le Pana-Pan avec Panavision.<\/p>\n<p>Son exp\u00e9rience s&#8217;\u00e9tend \u00e0 de nombreuses productions hollywoodiennes, o\u00f9 il s&#8217;est fait conna\u00eetre pour l&#8217;int\u00e9gration de technologies innovantes dans des sc\u00e9narios de tournage complexes.<\/p>\n<p><strong>REMARQUE : le moteur de suivi sans fil n&#8217;est pas inclus.<\/strong><\/p>\n<\/div>\n","protected":false},"excerpt":{"rendered":"<p>Voici une collaboration unique en son genre : le syst\u00e8me Hydra x Dan Ming Speed Pan. Le syst\u00e8me Speed Pan permet aux utilisateurs de r\u00e9aliser des panoramiques \u00e0 grande vitesse gr\u00e2ce au contr\u00f4le pr\u00e9cis d&#8217;un moteur de suivi de la [&hellip;]<\/p>\n","protected":false},"featured_media":2851652,"comment_status":"open","ping_status":"closed","template":"","meta":[],"product_cat":[4268],"product_tag":[],"acf":[],"gallery_images":[2851660,2851646,2851612,2851602,2851634,2851640,2851628,2851720,2851675,2851668],"_links":{"self":[{"href":"https:\/\/eu.tilta.com\/fr\/wp-json\/wp\/v2\/product\/3136585"}],"collection":[{"href":"https:\/\/eu.tilta.com\/fr\/wp-json\/wp\/v2\/product"}],"about":[{"href":"https:\/\/eu.tilta.com\/fr\/wp-json\/wp\/v2\/types\/product"}],"replies":[{"embeddable":true,"href":"https:\/\/eu.tilta.com\/fr\/wp-json\/wp\/v2\/comments?post=3136585"}],"wp:featuredmedia":[{"embeddable":true,"href":"https:\/\/eu.tilta.com\/fr\/wp-json\/wp\/v2\/media\/2851652"}],"wp:attachment":[{"href":"https:\/\/eu.tilta.com\/fr\/wp-json\/wp\/v2\/media?parent=3136585"}],"wp:term":[{"taxonomy":"product_cat","embeddable":true,"href":"https:\/\/eu.tilta.com\/fr\/wp-json\/wp\/v2\/product_cat?post=3136585"},{"taxonomy":"product_tag","embeddable":true,"href":"https:\/\/eu.tilta.com\/fr\/wp-json\/wp\/v2\/product_tag?post=3136585"}],"curies":[{"name":"wp","href":"https:\/\/api.w.org\/{rel}","templated":true}]}}