{"id":3136586,"date":"2025-09-15T05:27:41","date_gmt":"2025-09-15T03:27:41","guid":{"rendered":"https:\/\/eu.tilta.com\/shop\/adaptateur-entre-la-poignee-nucleus-m-ii-et-la-rosette-standard-arri\/"},"modified":"2025-12-05T14:40:52","modified_gmt":"2025-12-05T13:40:52","slug":"nucleus-m-ii-hand-grip-to-arri-standard-rosette-adapter","status":"publish","type":"product","link":"https:\/\/eu.tilta.com\/fr\/shop\/nucleus-m-ii-hand-grip-to-arri-standard-rosette-adapter\/","title":{"rendered":"Adaptateur entre la poign\u00e9e Nucleus-M II et la rosette standard Arri"},"content":{"rendered":"<p>Le syst\u00e8me de contr\u00f4le d&#8217;objectif sans fil Nucleus-M II a \u00e9t\u00e9 con\u00e7u dans un souci de polyvalence.<\/p>\n<p>Gr\u00e2ce \u00e0 ces adaptateurs, vous pouvez facilement connecter vos poign\u00e9es Nucleus-M II \u00e0 n&#8217;importe quelle connexion Arri Standard Rosette pour permettre un fonctionnement \u00e0 la main ou \u00e0 l&#8217;aide d&#8217;un cardan.<\/p>\n<p>L&#8217;ensemble comprend un adaptateur unique qui peut \u00eatre utilis\u00e9 comme adaptateur gauche ou droit pour les poign\u00e9es Nucleus-M II.<\/p>\n","protected":false},"excerpt":{"rendered":"<p>Le syst\u00e8me de contr\u00f4le d&#8217;objectif sans fil Nucleus-M II a \u00e9t\u00e9 con\u00e7u dans un souci de polyvalence. Gr\u00e2ce \u00e0 ces adaptateurs, vous pouvez facilement connecter vos poign\u00e9es Nucleus-M II \u00e0 n&#8217;importe quelle connexion Arri Standard Rosette pour permettre un fonctionnement [&hellip;]<\/p>\n","protected":false},"featured_media":2859648,"comment_status":"open","ping_status":"closed","template":"","meta":[],"product_cat":[3920],"product_tag":[],"acf":[],"gallery_images":[],"_links":{"self":[{"href":"https:\/\/eu.tilta.com\/fr\/wp-json\/wp\/v2\/product\/3136586"}],"collection":[{"href":"https:\/\/eu.tilta.com\/fr\/wp-json\/wp\/v2\/product"}],"about":[{"href":"https:\/\/eu.tilta.com\/fr\/wp-json\/wp\/v2\/types\/product"}],"replies":[{"embeddable":true,"href":"https:\/\/eu.tilta.com\/fr\/wp-json\/wp\/v2\/comments?post=3136586"}],"wp:featuredmedia":[{"embeddable":true,"href":"https:\/\/eu.tilta.com\/fr\/wp-json\/wp\/v2\/media\/2859648"}],"wp:attachment":[{"href":"https:\/\/eu.tilta.com\/fr\/wp-json\/wp\/v2\/media?parent=3136586"}],"wp:term":[{"taxonomy":"product_cat","embeddable":true,"href":"https:\/\/eu.tilta.com\/fr\/wp-json\/wp\/v2\/product_cat?post=3136586"},{"taxonomy":"product_tag","embeddable":true,"href":"https:\/\/eu.tilta.com\/fr\/wp-json\/wp\/v2\/product_tag?post=3136586"}],"curies":[{"name":"wp","href":"https:\/\/api.w.org\/{rel}","templated":true}]}}