{"id":3136587,"date":"2025-09-11T09:45:16","date_gmt":"2025-09-11T07:45:16","guid":{"rendered":"https:\/\/eu.tilta.com\/shop\/plateau-de-niveau-intermediaire-pour-le-chariot-de-camera-boulder-noir\/"},"modified":"2026-04-15T04:04:37","modified_gmt":"2026-04-15T02:04:37","slug":"mid-level-tray-for-boulder-camera-cart-black","status":"publish","type":"product","link":"https:\/\/eu.tilta.com\/fr\/shop\/mid-level-tray-for-boulder-camera-cart-black\/","title":{"rendered":"Plateau de niveau interm\u00e9diaire pour le chariot de cam\u00e9ra Boulder &#8211; Noir"},"content":{"rendered":"<div class=\"overview-text\">\n<p><em>Pr\u00e9sentation du plateau de milieu de gamme pour le chariot de cam\u00e9ra Boulder  <\/em><\/p>\n<p>Ce plateau peut \u00eatre facilement mont\u00e9 sur les montants principaux du chariot de la cam\u00e9ra afin de fournir une surface suppl\u00e9mentaire \u00e0 diff\u00e9rentes hauteurs.<\/p>\n<p>Il utilise des vis de verrouillage sans outil pour se fixer sur la barre de support qui relie les pieds des chariots de chaque c\u00f4t\u00e9.<\/p>\n<p>Les utilisateurs peuvent ensuite ajuster la hauteur en \u00e9levant ou en abaissant les supports afin d&#8217;accueillir des mallettes ou des accessoires de diff\u00e9rentes tailles.<\/p>\n<p>Cette fonction est particuli\u00e8rement utile lorsqu&#8217;elle est mont\u00e9e en hauteur, car elle cr\u00e9e une fine \u00e9tag\u00e8re suppl\u00e9mentaire pour ranger les outils et autres petites pi\u00e8ces, tout en laissant un grand espace en bas pour ranger les caisses et autres articles plus volumineux.<\/p>\n<\/div>\n","protected":false},"excerpt":{"rendered":"<p>Pr\u00e9sentation du plateau de milieu de gamme pour le chariot de cam\u00e9ra Boulder Ce plateau peut \u00eatre facilement mont\u00e9 sur les montants principaux du chariot de la cam\u00e9ra afin de fournir une surface suppl\u00e9mentaire \u00e0 diff\u00e9rentes hauteurs. Il utilise des [&hellip;]<\/p>\n","protected":false},"featured_media":2846251,"comment_status":"open","ping_status":"closed","template":"","meta":[],"product_cat":[4494,4228],"product_tag":[],"acf":[],"gallery_images":[2846244],"_links":{"self":[{"href":"https:\/\/eu.tilta.com\/fr\/wp-json\/wp\/v2\/product\/3136587"}],"collection":[{"href":"https:\/\/eu.tilta.com\/fr\/wp-json\/wp\/v2\/product"}],"about":[{"href":"https:\/\/eu.tilta.com\/fr\/wp-json\/wp\/v2\/types\/product"}],"replies":[{"embeddable":true,"href":"https:\/\/eu.tilta.com\/fr\/wp-json\/wp\/v2\/comments?post=3136587"}],"wp:featuredmedia":[{"embeddable":true,"href":"https:\/\/eu.tilta.com\/fr\/wp-json\/wp\/v2\/media\/2846251"}],"wp:attachment":[{"href":"https:\/\/eu.tilta.com\/fr\/wp-json\/wp\/v2\/media?parent=3136587"}],"wp:term":[{"taxonomy":"product_cat","embeddable":true,"href":"https:\/\/eu.tilta.com\/fr\/wp-json\/wp\/v2\/product_cat?post=3136587"},{"taxonomy":"product_tag","embeddable":true,"href":"https:\/\/eu.tilta.com\/fr\/wp-json\/wp\/v2\/product_tag?post=3136587"}],"curies":[{"name":"wp","href":"https:\/\/api.w.org\/{rel}","templated":true}]}}