{"id":3136589,"date":"2025-09-15T05:24:36","date_gmt":"2025-09-15T03:24:36","guid":{"rendered":"https:\/\/eu.tilta.com\/shop\/nucleus-m-ii-baby-pin-adapter-for-monitor-mounting-bracket-adaptateur-de-broche-a-bebe-pour-le-support-de-montage-du-moniteur\/"},"modified":"2026-03-13T14:16:44","modified_gmt":"2026-03-13T13:16:44","slug":"nucleus-m-ii-baby-pin-adapter-for-monitor-mounting-bracket","status":"publish","type":"product","link":"https:\/\/eu.tilta.com\/fr\/shop\/nucleus-m-ii-baby-pin-adapter-for-monitor-mounting-bracket\/","title":{"rendered":"Nucleus-M II Baby Pin Adapter for Monitor Mounting Bracket (Adaptateur de broche \u00e0 b\u00e9b\u00e9 pour le support de montage du moniteur)"},"content":{"rendered":"<div class=\"overview-text\">\n<p>Cet adaptateur Baby Pin se connecte directement au support de montage du moniteur pour l&#8217;unit\u00e9 manuelle Nucleus-M II FIZ via une connexion 1\/4\u2033-20.<\/p>\n<p>Cet adaptateur permet aux utilisateurs de monter le FIZ sur un Baby Pin afin de cr\u00e9er une station de tirage de mise au point et comporte un axe d&#8217;inclinaison avec une tension r\u00e9glable.<\/p>\n<p>Une petite attache sur le c\u00f4t\u00e9 permet aux utilisateurs de le fixer \u00e0 l&#8217;\u00e9pingle \u00e0 b\u00e9b\u00e9.<\/p>\n<\/div>\n","protected":false},"excerpt":{"rendered":"<p>Cet adaptateur Baby Pin se connecte directement au support de montage du moniteur pour l&#8217;unit\u00e9 manuelle Nucleus-M II FIZ via une connexion 1\/4\u2033-20. Cet adaptateur permet aux utilisateurs de monter le FIZ sur un Baby Pin afin de cr\u00e9er une [&hellip;]<\/p>\n","protected":false},"featured_media":2859604,"comment_status":"open","ping_status":"closed","template":"","meta":[],"product_cat":[3920],"product_tag":[],"acf":[],"gallery_images":[2859609,2859615],"_links":{"self":[{"href":"https:\/\/eu.tilta.com\/fr\/wp-json\/wp\/v2\/product\/3136589"}],"collection":[{"href":"https:\/\/eu.tilta.com\/fr\/wp-json\/wp\/v2\/product"}],"about":[{"href":"https:\/\/eu.tilta.com\/fr\/wp-json\/wp\/v2\/types\/product"}],"replies":[{"embeddable":true,"href":"https:\/\/eu.tilta.com\/fr\/wp-json\/wp\/v2\/comments?post=3136589"}],"wp:featuredmedia":[{"embeddable":true,"href":"https:\/\/eu.tilta.com\/fr\/wp-json\/wp\/v2\/media\/2859604"}],"wp:attachment":[{"href":"https:\/\/eu.tilta.com\/fr\/wp-json\/wp\/v2\/media?parent=3136589"}],"wp:term":[{"taxonomy":"product_cat","embeddable":true,"href":"https:\/\/eu.tilta.com\/fr\/wp-json\/wp\/v2\/product_cat?post=3136589"},{"taxonomy":"product_tag","embeddable":true,"href":"https:\/\/eu.tilta.com\/fr\/wp-json\/wp\/v2\/product_tag?post=3136589"}],"curies":[{"name":"wp","href":"https:\/\/api.w.org\/{rel}","templated":true}]}}