{"id":3136608,"date":"2025-09-11T09:37:28","date_gmt":"2025-09-11T07:37:28","guid":{"rendered":"https:\/\/eu.tilta.com\/shop\/tilta-boulder-36-chariot-pour-camera\/"},"modified":"2025-12-05T14:43:43","modified_gmt":"2025-12-05T13:43:43","slug":"tilta-boulder-36-camera-cart","status":"publish","type":"product","link":"https:\/\/eu.tilta.com\/fr\/shop\/tilta-boulder-36-camera-cart\/","title":{"rendered":"Tilta Boulder 36&#8243; Chariot pour cam\u00e9ra"},"content":{"rendered":"<div class=\"overview-text\">\n<p>Pr\u00e9sentation du Tilta Boulder Camera Cart &amp; Indie Kit<\/p>\n<p data-start=\"396\" data-end=\"559\">Le Tilta Boulder Camera Cart est un poste de travail portable et robuste con\u00e7u pour r\u00e9pondre aux exigences des cin\u00e9astes professionnels, des techniciens et des amateurs de bricolage.<\/p>\n<p data-start=\"561\" data-end=\"1107\">Con\u00e7u pour \u00eatre polyvalent et pratique, le Boulder est dot\u00e9 d&#8217;un syst\u00e8me de fixation rapide sans outil qui permet de l&#8217;assembler ou de le d\u00e9sassembler facilement \u00e0 la vol\u00e9e, ce qui est parfait pour les plateaux de tournage rapides ou la vie en mouvement. Lorsqu&#8217;il n&#8217;est pas utilis\u00e9, les plateaux sup\u00e9rieur et inf\u00e9rieur du chariot se combinent pour former un bo\u00eetier rigide s\u00e9curis\u00e9, verrouillant les composants \u00e0 l&#8217;int\u00e9rieur. Une poign\u00e9e int\u00e9gr\u00e9e et de petites roues int\u00e9gr\u00e9es transforment l&#8217;unit\u00e9 d\u00e9mont\u00e9e en une valise roulante, ce qui permet de la transporter sans effort d&#8217;un endroit \u00e0 l&#8217;autre et de la charger facilement dans des v\u00e9hicules de petite taille.<\/p>\n<p data-start=\"1109\" data-end=\"1429\">Construit en aluminium durable, le Boulder offre de multiples options de montage, y compris des filetages 1\/4\u2033-20 et 3\/8\u2033-16 avec des points de positionnement, ce qui permet une personnalisation compl\u00e8te avec des accessoires optionnels. Que vous ayez besoin de fixer des bras de moniteur, des porte-outils ou d&#8217;autres \u00e9quipements de soutien, ce chariot est pr\u00eat \u00e0 s&#8217;adapter \u00e0 votre flux de travail.<\/p>\n<p data-start=\"1431\" data-end=\"1461\">Le mod\u00e8le de base comprend<\/p>\n<ul class=\"list-unstyled\" data-start=\"1462\" data-end=\"1733\">\n<li data-start=\"1462\" data-end=\"1534\">Quatre roues (deux fixes et deux pivotantes) pour une mobilit\u00e9 en douceur<\/li>\n<li data-start=\"1535\" data-end=\"1574\">Deux poign\u00e9es pour un contr\u00f4le confortable<\/li>\n<li data-start=\"1575\" data-end=\"1733\">Une large gamme d&#8217;accessoires optionnels vous permet d&#8217;\u00e9tendre le chariot pour en faire une station de travail pour la cam\u00e9ra, une station de mise au point, un hub DIT ou m\u00eame un atelier mobile.<\/li>\n<\/ul>\n<p data-start=\"1735\" data-end=\"1867\">Pour ceux qui recherchent une installation pr\u00eate \u00e0 l&#8217;emploi, le Boulder Camera Cart Indie Kit s&#8217;appuie sur le mod\u00e8le de base avec des am\u00e9liorations incluses :<\/p>\n<ul class=\"list-unstyled\" data-start=\"1868\" data-end=\"2359\">\n<li data-start=\"1868\" data-end=\"1995\">Deux poteaux de support et un support de montage de moniteur dot\u00e9 d&#8217;une plaque \u00e0 d\u00e9gagement rapide compatible avec la plupart des moniteurs standard.<\/li>\n<li data-start=\"1996\" data-end=\"2096\">Un r\u00e9cepteur coulissant de type NATO\/Manfrotto qui permet de positionner avec pr\u00e9cision le moniteur sur la barre.<\/li>\n<li data-start=\"2097\" data-end=\"2219\">Monture de moniteur \u00e0 inclinaison totale, panoramique et rotation instantan\u00e9e de 90\u00b0 pour des transitions transparentes entre le contr\u00f4le horizontal et le contr\u00f4le vertical<\/li>\n<li data-start=\"2220\" data-end=\"2359\">Une table d&#8217;appoint pliable avec support standard IGT, offrant un espace de travail suppl\u00e9mentaire et la possibilit\u00e9 d&#8217;\u00e9changer d&#8217;autres inserts compatibles IGT.<\/li>\n<li>Un rail rapide de 50 mm pour le montage d&#8217;accessoires tels que le Baby Pin, le syst\u00e8me de rangement du tr\u00e9pied, la station d&#8217;accueil Stedicam, etc.<\/li>\n<\/ul>\n<p data-start=\"2361\" data-end=\"2596\">Qu&#8217;il s&#8217;agisse de servir de centre de commandement pour attirer l&#8217;attention ou d&#8217;\u00eatre un compagnon pour les aventures en plein air, le Tilta Boulder est votre solution pour aller partout et faire tout ce que vous voulez. Il est disponible en tant que mod\u00e8le de base flexible ou en tant que Kit Indie complet.<\/p>\n<\/div>\n","protected":false},"excerpt":{"rendered":"<p>Pr\u00e9sentation du Tilta Boulder Camera Cart &amp; Indie Kit Le Tilta Boulder Camera Cart est un poste de travail portable et robuste con\u00e7u pour r\u00e9pondre aux exigences des cin\u00e9astes professionnels, des techniciens et des amateurs de bricolage. Con\u00e7u pour \u00eatre [&hellip;]<\/p>\n","protected":false},"featured_media":2845392,"comment_status":"open","ping_status":"closed","template":"","meta":[],"product_cat":[4228],"product_tag":[],"acf":[],"gallery_images":[2845404,2845428,2845435,2845458,2845449],"_links":{"self":[{"href":"https:\/\/eu.tilta.com\/fr\/wp-json\/wp\/v2\/product\/3136608"}],"collection":[{"href":"https:\/\/eu.tilta.com\/fr\/wp-json\/wp\/v2\/product"}],"about":[{"href":"https:\/\/eu.tilta.com\/fr\/wp-json\/wp\/v2\/types\/product"}],"replies":[{"embeddable":true,"href":"https:\/\/eu.tilta.com\/fr\/wp-json\/wp\/v2\/comments?post=3136608"}],"wp:featuredmedia":[{"embeddable":true,"href":"https:\/\/eu.tilta.com\/fr\/wp-json\/wp\/v2\/media\/2845392"}],"wp:attachment":[{"href":"https:\/\/eu.tilta.com\/fr\/wp-json\/wp\/v2\/media?parent=3136608"}],"wp:term":[{"taxonomy":"product_cat","embeddable":true,"href":"https:\/\/eu.tilta.com\/fr\/wp-json\/wp\/v2\/product_cat?post=3136608"},{"taxonomy":"product_tag","embeddable":true,"href":"https:\/\/eu.tilta.com\/fr\/wp-json\/wp\/v2\/product_tag?post=3136608"}],"curies":[{"name":"wp","href":"https:\/\/api.w.org\/{rel}","templated":true}]}}