{"id":3136624,"date":"2025-09-11T05:59:40","date_gmt":"2025-09-11T03:59:40","guid":{"rendered":"https:\/\/eu.tilta.com\/shop\/tiroir-superieur-avec-serrure-pour-chariot-de-camera-boulder-noir\/"},"modified":"2026-04-15T04:02:19","modified_gmt":"2026-04-15T02:02:19","slug":"top-drawer-with-lock-for-boulder-camera-cart-black","status":"publish","type":"product","link":"https:\/\/eu.tilta.com\/fr\/shop\/top-drawer-with-lock-for-boulder-camera-cart-black\/","title":{"rendered":"Tiroir sup\u00e9rieur avec serrure pour chariot de cam\u00e9ra Boulder &#8211; Noir"},"content":{"rendered":"<div class=\"overview-text\">\n<p><em>Pr\u00e9sentation du tiroir sup\u00e9rieur avec serrure pour le chariot de cam\u00e9ra Boulder  <\/em><\/p>\n<p>Ce tiroir sup\u00e9rieur peut \u00eatre install\u00e9 au bas de l&#8217;\u00e9tag\u00e8re sup\u00e9rieure du <a href=\"https:\/\/eu.tilta.com\/shop\/tilta-boulder-camera-cart\/\">chariot de cam\u00e9ra Boulder<\/a>.<\/p>\n<p>Une fois mont\u00e9, l&#8217;utilisateur peut ouvrir et fermer le tiroir pour y ranger de petits accessoires ou des objets plus pr\u00e9cieux.<\/p>\n<p>Le verrou int\u00e9gr\u00e9 permet aux utilisateurs de prot\u00e9ger les objets de valeur tels que les disques durs ou les objets personnels lorsqu&#8217;ils s&#8217;\u00e9loignent du chariot.<\/p>\n<\/div>\n","protected":false},"excerpt":{"rendered":"<p>Pr\u00e9sentation du tiroir sup\u00e9rieur avec serrure pour le chariot de cam\u00e9ra Boulder Ce tiroir sup\u00e9rieur peut \u00eatre install\u00e9 au bas de l&#8217;\u00e9tag\u00e8re sup\u00e9rieure du chariot de cam\u00e9ra Boulder. Une fois mont\u00e9, l&#8217;utilisateur peut ouvrir et fermer le tiroir pour y [&hellip;]<\/p>\n","protected":false},"featured_media":2844894,"comment_status":"open","ping_status":"closed","template":"","meta":[],"product_cat":[4228],"product_tag":[],"acf":[],"gallery_images":[2844881],"_links":{"self":[{"href":"https:\/\/eu.tilta.com\/fr\/wp-json\/wp\/v2\/product\/3136624"}],"collection":[{"href":"https:\/\/eu.tilta.com\/fr\/wp-json\/wp\/v2\/product"}],"about":[{"href":"https:\/\/eu.tilta.com\/fr\/wp-json\/wp\/v2\/types\/product"}],"replies":[{"embeddable":true,"href":"https:\/\/eu.tilta.com\/fr\/wp-json\/wp\/v2\/comments?post=3136624"}],"wp:featuredmedia":[{"embeddable":true,"href":"https:\/\/eu.tilta.com\/fr\/wp-json\/wp\/v2\/media\/2844894"}],"wp:attachment":[{"href":"https:\/\/eu.tilta.com\/fr\/wp-json\/wp\/v2\/media?parent=3136624"}],"wp:term":[{"taxonomy":"product_cat","embeddable":true,"href":"https:\/\/eu.tilta.com\/fr\/wp-json\/wp\/v2\/product_cat?post=3136624"},{"taxonomy":"product_tag","embeddable":true,"href":"https:\/\/eu.tilta.com\/fr\/wp-json\/wp\/v2\/product_tag?post=3136624"}],"curies":[{"name":"wp","href":"https:\/\/api.w.org\/{rel}","templated":true}]}}