{"id":3136635,"date":"2025-09-11T05:49:18","date_gmt":"2025-09-11T03:49:18","guid":{"rendered":"https:\/\/eu.tilta.com\/shop\/support-robuste-pour-chariot-de-camera-boulder-argent\/"},"modified":"2026-04-15T04:02:21","modified_gmt":"2026-04-15T02:02:21","slug":"heavy-duty-baby-pin-stand-for-boulder-camera-cart-silver","status":"publish","type":"product","link":"https:\/\/eu.tilta.com\/fr\/shop\/heavy-duty-baby-pin-stand-for-boulder-camera-cart-silver\/","title":{"rendered":"Support robuste pour chariot de cam\u00e9ra Boulder &#8211; Argent"},"content":{"rendered":"<div class=\"overview-text\">\n<p><em>Pr\u00e9sentation du support robuste pour broches de b\u00e9b\u00e9 pour le chariot de cam\u00e9ra Boulder<\/em><\/p>\n<p>Ce support robuste se monte dans l&#8217;un des quatre coins du plateau sup\u00e9rieur du chariot de cam\u00e9ra Boulder.<\/p>\n<p>Il peut \u00eatre install\u00e9 sans outils, ce qui permet de le fixer ou de l&#8217;enlever rapidement.<\/p>\n<p>L&#8217;\u00e9pingle \u00e0 b\u00e9b\u00e9 situ\u00e9e en haut permet aux utilisateurs de monter des accessoires compatibles tels que des moniteurs, des supports d&#8217;extension ou des lampes LED \u00e0 utiliser comme lampes de travail.<\/p>\n<p>La hauteur du support est r\u00e9glable, ce qui permet aux utilisateurs de l&#8217;\u00e9lever ou de l&#8217;abaisser selon leurs besoins.<\/p>\n<p>Cette version robuste est parfaite pour les accessoires de plus grande taille plac\u00e9s en hauteur, mais il est toujours recommand\u00e9 de faire preuve de prudence lors de l&#8217;utilisation de ce support.<\/p>\n<\/div>\n","protected":false},"excerpt":{"rendered":"<p>Pr\u00e9sentation du support robuste pour broches de b\u00e9b\u00e9 pour le chariot de cam\u00e9ra Boulder Ce support robuste se monte dans l&#8217;un des quatre coins du plateau sup\u00e9rieur du chariot de cam\u00e9ra Boulder. Il peut \u00eatre install\u00e9 sans outils, ce qui [&hellip;]<\/p>\n","protected":false},"featured_media":2844795,"comment_status":"open","ping_status":"closed","template":"","meta":[],"product_cat":[4228],"product_tag":[],"acf":[],"gallery_images":[2844789],"_links":{"self":[{"href":"https:\/\/eu.tilta.com\/fr\/wp-json\/wp\/v2\/product\/3136635"}],"collection":[{"href":"https:\/\/eu.tilta.com\/fr\/wp-json\/wp\/v2\/product"}],"about":[{"href":"https:\/\/eu.tilta.com\/fr\/wp-json\/wp\/v2\/types\/product"}],"replies":[{"embeddable":true,"href":"https:\/\/eu.tilta.com\/fr\/wp-json\/wp\/v2\/comments?post=3136635"}],"wp:featuredmedia":[{"embeddable":true,"href":"https:\/\/eu.tilta.com\/fr\/wp-json\/wp\/v2\/media\/2844795"}],"wp:attachment":[{"href":"https:\/\/eu.tilta.com\/fr\/wp-json\/wp\/v2\/media?parent=3136635"}],"wp:term":[{"taxonomy":"product_cat","embeddable":true,"href":"https:\/\/eu.tilta.com\/fr\/wp-json\/wp\/v2\/product_cat?post=3136635"},{"taxonomy":"product_tag","embeddable":true,"href":"https:\/\/eu.tilta.com\/fr\/wp-json\/wp\/v2\/product_tag?post=3136635"}],"curies":[{"name":"wp","href":"https:\/\/api.w.org\/{rel}","templated":true}]}}