{"id":3136636,"date":"2025-09-11T05:52:51","date_gmt":"2025-09-11T03:52:51","guid":{"rendered":"https:\/\/eu.tilta.com\/shop\/support-de-trepied-pour-le-chariot-de-camera-boulder-noir\/"},"modified":"2026-04-15T04:02:22","modified_gmt":"2026-04-15T02:02:22","slug":"tripod-holder-for-boulder-camera-cart-black","status":"publish","type":"product","link":"https:\/\/eu.tilta.com\/fr\/shop\/tripod-holder-for-boulder-camera-cart-black\/","title":{"rendered":"Support de tr\u00e9pied pour le chariot de cam\u00e9ra Boulder &#8211; Noir"},"content":{"rendered":"<div class=\"overview-text\">\n<p><em>Pr\u00e9sentation du support de tr\u00e9pied pour le chariot de cam\u00e9ra Boulder<\/em><\/p>\n<p>Ce support de jambe de tr\u00e9pied utilise une connexion bas\u00e9e sur une pince sur la station d&#8217;accueil Steadicam pour le chariot de cam\u00e9ra Boulder.<\/p>\n<p>Cela permet aux utilisateurs de monter leurs jambes de tr\u00e9pied directement sur le chariot de l&#8217;appareil photo.<\/p>\n<p>La hauteur de cet accessoire peut \u00eatre r\u00e9gl\u00e9e pour s&#8217;adapter \u00e0 une gamme de jambes de tr\u00e9pieds de diff\u00e9rentes longueurs.<\/p>\n<\/div>\n","protected":false},"excerpt":{"rendered":"<p>Pr\u00e9sentation du support de tr\u00e9pied pour le chariot de cam\u00e9ra Boulder Ce support de jambe de tr\u00e9pied utilise une connexion bas\u00e9e sur une pince sur la station d&#8217;accueil Steadicam pour le chariot de cam\u00e9ra Boulder. Cela permet aux utilisateurs de [&hellip;]<\/p>\n","protected":false},"featured_media":2844843,"comment_status":"open","ping_status":"closed","template":"","meta":[],"product_cat":[4228],"product_tag":[],"acf":[],"gallery_images":[2844836],"_links":{"self":[{"href":"https:\/\/eu.tilta.com\/fr\/wp-json\/wp\/v2\/product\/3136636"}],"collection":[{"href":"https:\/\/eu.tilta.com\/fr\/wp-json\/wp\/v2\/product"}],"about":[{"href":"https:\/\/eu.tilta.com\/fr\/wp-json\/wp\/v2\/types\/product"}],"replies":[{"embeddable":true,"href":"https:\/\/eu.tilta.com\/fr\/wp-json\/wp\/v2\/comments?post=3136636"}],"wp:featuredmedia":[{"embeddable":true,"href":"https:\/\/eu.tilta.com\/fr\/wp-json\/wp\/v2\/media\/2844843"}],"wp:attachment":[{"href":"https:\/\/eu.tilta.com\/fr\/wp-json\/wp\/v2\/media?parent=3136636"}],"wp:term":[{"taxonomy":"product_cat","embeddable":true,"href":"https:\/\/eu.tilta.com\/fr\/wp-json\/wp\/v2\/product_cat?post=3136636"},{"taxonomy":"product_tag","embeddable":true,"href":"https:\/\/eu.tilta.com\/fr\/wp-json\/wp\/v2\/product_tag?post=3136636"}],"curies":[{"name":"wp","href":"https:\/\/api.w.org\/{rel}","templated":true}]}}