{"id":3136763,"date":"2025-09-11T05:38:21","date_gmt":"2025-09-11T03:38:21","guid":{"rendered":"https:\/\/eu.tilta.com\/shop\/kit-de-support-dextension-pour-le-chariot-de-camera-boulder-noir\/"},"modified":"2026-04-15T04:04:21","modified_gmt":"2026-04-15T02:04:21","slug":"expansion-mounting-bracket-kit-for-boulder-camera-cart-black","status":"publish","type":"product","link":"https:\/\/eu.tilta.com\/fr\/shop\/expansion-mounting-bracket-kit-for-boulder-camera-cart-black\/","title":{"rendered":"Kit de support d&#8217;extension pour le chariot de cam\u00e9ra Boulder &#8211; Noir"},"content":{"rendered":"<div class=\"overview-text\">\n<p><em>Pr\u00e9sentation de la barre de montage pour le chariot de cam\u00e9ra Boulder<\/em><\/p>\n<p>Cette barre se monte sur deux poteaux de support situ\u00e9s sur la partie sup\u00e9rieure du chariot de cam\u00e9ra Boulder.<\/p>\n<p>Cela permet aux utilisateurs de monter des moniteurs externes \u00e0 l&#8217;aide de supports \u00e0 d\u00e9gagement rapide qui ne sont pas inclus.<\/p>\n<p>La barre comporte \u00e9galement de nombreux filetages 1\/4\u2033-20 et 3\/8\u2033-16 qui permettent aux utilisateurs de monter d&#8217;autres accessoires plus petits via des bras articul\u00e9s et d&#8217;autres supports similaires.<\/p>\n<p>Cette barre se monte \u00e0 l&#8217;aide de deux colliers \u00e0 vis \u00e0 bascule, ce qui permet de la monter ou de la d\u00e9monter rapidement et d&#8217;en r\u00e9gler la hauteur.<\/p>\n<\/div>\n","protected":false},"excerpt":{"rendered":"<p>Pr\u00e9sentation de la barre de montage pour le chariot de cam\u00e9ra Boulder Cette barre se monte sur deux poteaux de support situ\u00e9s sur la partie sup\u00e9rieure du chariot de cam\u00e9ra Boulder. Cela permet aux utilisateurs de monter des moniteurs externes [&hellip;]<\/p>\n","protected":false},"featured_media":2844585,"comment_status":"open","ping_status":"closed","template":"","meta":[],"product_cat":[4494,4228],"product_tag":[],"acf":[],"gallery_images":[2844577],"_links":{"self":[{"href":"https:\/\/eu.tilta.com\/fr\/wp-json\/wp\/v2\/product\/3136763"}],"collection":[{"href":"https:\/\/eu.tilta.com\/fr\/wp-json\/wp\/v2\/product"}],"about":[{"href":"https:\/\/eu.tilta.com\/fr\/wp-json\/wp\/v2\/types\/product"}],"replies":[{"embeddable":true,"href":"https:\/\/eu.tilta.com\/fr\/wp-json\/wp\/v2\/comments?post=3136763"}],"wp:featuredmedia":[{"embeddable":true,"href":"https:\/\/eu.tilta.com\/fr\/wp-json\/wp\/v2\/media\/2844585"}],"wp:attachment":[{"href":"https:\/\/eu.tilta.com\/fr\/wp-json\/wp\/v2\/media?parent=3136763"}],"wp:term":[{"taxonomy":"product_cat","embeddable":true,"href":"https:\/\/eu.tilta.com\/fr\/wp-json\/wp\/v2\/product_cat?post=3136763"},{"taxonomy":"product_tag","embeddable":true,"href":"https:\/\/eu.tilta.com\/fr\/wp-json\/wp\/v2\/product_tag?post=3136763"}],"curies":[{"name":"wp","href":"https:\/\/api.w.org\/{rel}","templated":true}]}}