{"id":3136765,"date":"2025-09-11T05:42:31","date_gmt":"2025-09-11T03:42:31","guid":{"rendered":"https:\/\/eu.tilta.com\/shop\/module-dextension-exterieur-igt-pour-le-chariot-de-cameras-boulder-noir\/"},"modified":"2026-04-15T04:02:35","modified_gmt":"2026-04-15T02:02:35","slug":"igt-outdoor-expansion-module-for-boulder-camera-cart-black","status":"publish","type":"product","link":"https:\/\/eu.tilta.com\/fr\/shop\/igt-outdoor-expansion-module-for-boulder-camera-cart-black\/","title":{"rendered":"Module d&#8217;extension ext\u00e9rieur IGT pour le chariot de cam\u00e9ras Boulder &#8211; Noir"},"content":{"rendered":"<p><em>Pr\u00e9sentation du module d&#8217;extension ext\u00e9rieur IGT pour le panier de cam\u00e9ras Boulder  <\/em><\/p>\n<p>Ce module d&#8217;extension de type table lat\u00e9rale se monte sur le c\u00f4t\u00e9 du chariot de cam\u00e9ra Boulder par l&#8217;interm\u00e9diaire de deux connexions \u00e0 pince.<\/p>\n<p>Une fois fix\u00e9 aux pieds du chariot, le module peut \u00eatre pli\u00e9 ou d\u00e9pli\u00e9 rapidement.<\/p>\n<p>La table d&#8217;appoint elle-m\u00eame pr\u00e9sente une d\u00e9coupe IGT standard compatible avec les inserts IGT standard.<\/p>\n<p>Cela signifie qu&#8217;en dehors de l&#8217;utilisation d&#8217;une table normale, les utilisateurs peuvent \u00e9galement utiliser des inserts IGT plus sp\u00e9cialis\u00e9s tels que des petits paniers, des planches \u00e0 d\u00e9couper ou m\u00eame des plaques de cuisson au gaz.<\/p>\n<p>Le module peut \u00eatre install\u00e9 sans outils, ce qui permet de le fixer ou de le retirer rapidement. Il peut \u00eatre mont\u00e9 \u00e0 diff\u00e9rentes hauteurs sur les pieds du chariot.<\/p>\n","protected":false},"excerpt":{"rendered":"<p>Pr\u00e9sentation du module d&#8217;extension ext\u00e9rieur IGT pour le panier de cam\u00e9ras Boulder Ce module d&#8217;extension de type table lat\u00e9rale se monte sur le c\u00f4t\u00e9 du chariot de cam\u00e9ra Boulder par l&#8217;interm\u00e9diaire de deux connexions \u00e0 pince. Une fois fix\u00e9 aux [&hellip;]<\/p>\n","protected":false},"featured_media":2844626,"comment_status":"open","ping_status":"closed","template":"","meta":[],"product_cat":[4228],"product_tag":[],"acf":[],"gallery_images":[2844620],"_links":{"self":[{"href":"https:\/\/eu.tilta.com\/fr\/wp-json\/wp\/v2\/product\/3136765"}],"collection":[{"href":"https:\/\/eu.tilta.com\/fr\/wp-json\/wp\/v2\/product"}],"about":[{"href":"https:\/\/eu.tilta.com\/fr\/wp-json\/wp\/v2\/types\/product"}],"replies":[{"embeddable":true,"href":"https:\/\/eu.tilta.com\/fr\/wp-json\/wp\/v2\/comments?post=3136765"}],"wp:featuredmedia":[{"embeddable":true,"href":"https:\/\/eu.tilta.com\/fr\/wp-json\/wp\/v2\/media\/2844626"}],"wp:attachment":[{"href":"https:\/\/eu.tilta.com\/fr\/wp-json\/wp\/v2\/media?parent=3136765"}],"wp:term":[{"taxonomy":"product_cat","embeddable":true,"href":"https:\/\/eu.tilta.com\/fr\/wp-json\/wp\/v2\/product_cat?post=3136765"},{"taxonomy":"product_tag","embeddable":true,"href":"https:\/\/eu.tilta.com\/fr\/wp-json\/wp\/v2\/product_tag?post=3136765"}],"curies":[{"name":"wp","href":"https:\/\/api.w.org\/{rel}","templated":true}]}}