{"id":3136769,"date":"2025-09-11T05:30:06","date_gmt":"2025-09-11T03:30:06","guid":{"rendered":"https:\/\/eu.tilta.com\/shop\/station-daccueil-steadicam-pour-le-chariot-de-camera-boulder-noir\/"},"modified":"2026-04-15T04:02:35","modified_gmt":"2026-04-15T02:02:35","slug":"steadicam-dock-for-boulder-camera-cart-black","status":"publish","type":"product","link":"https:\/\/eu.tilta.com\/fr\/shop\/steadicam-dock-for-boulder-camera-cart-black\/","title":{"rendered":"Station d&#8217;accueil Steadicam pour le chariot de cam\u00e9ra Boulder &#8211; Noir"},"content":{"rendered":"<div class=\"overview-text\">\n<p><em>Pr\u00e9sentation de la station d&#8217;accueil Steadicam pour le chariot de cam\u00e9ra Boulder<\/em><\/p>\n<p>Cet accessoire se fixe de part et d&#8217;autre du chariot de la cam\u00e9ra \u00e0 l&#8217;aide de deux colliers de fixation.<\/p>\n<p>Une fois ces pinces install\u00e9es, les utilisateurs peuvent les ouvrir et les verrouiller \u00e0 l&#8217;aide d&#8217;une grande vis \u00e0 bascule, ce qui permet d&#8217;assembler la station d&#8217;accueil steadicam sans outil.<\/p>\n<p>La station d&#8217;accueil fonctionne comme un pied de lampe avec une \u00e9pingle \u00e0 b\u00e9b\u00e9 sur le dessus.<\/p>\n<p>La position du chariot est id\u00e9ale pour \u00e9quilibrer les steadicams et autres syst\u00e8mes de support similaires, car elle offre un d\u00e9gagement plus que suffisant pour \u00e9quilibrer et faire pivoter l&#8217;appareil selon les besoins.<\/p>\n<p>La hauteur r\u00e9glable de cet adaptateur lui permet de s&#8217;adapter \u00e0 des montages de diff\u00e9rentes tailles tout en \u00e9tant utile pour d&#8217;autres accessoires tels que de petites lampes LED ou m\u00eame des moniteurs avec le support appropri\u00e9.<\/p>\n<\/div>\n","protected":false},"excerpt":{"rendered":"<p>Pr\u00e9sentation de la station d&#8217;accueil Steadicam pour le chariot de cam\u00e9ra Boulder Cet accessoire se fixe de part et d&#8217;autre du chariot de la cam\u00e9ra \u00e0 l&#8217;aide de deux colliers de fixation. Une fois ces pinces install\u00e9es, les utilisateurs peuvent [&hellip;]<\/p>\n","protected":false},"featured_media":2844447,"comment_status":"open","ping_status":"closed","template":"","meta":[],"product_cat":[4228],"product_tag":[],"acf":[],"gallery_images":[2844441],"_links":{"self":[{"href":"https:\/\/eu.tilta.com\/fr\/wp-json\/wp\/v2\/product\/3136769"}],"collection":[{"href":"https:\/\/eu.tilta.com\/fr\/wp-json\/wp\/v2\/product"}],"about":[{"href":"https:\/\/eu.tilta.com\/fr\/wp-json\/wp\/v2\/types\/product"}],"replies":[{"embeddable":true,"href":"https:\/\/eu.tilta.com\/fr\/wp-json\/wp\/v2\/comments?post=3136769"}],"wp:featuredmedia":[{"embeddable":true,"href":"https:\/\/eu.tilta.com\/fr\/wp-json\/wp\/v2\/media\/2844447"}],"wp:attachment":[{"href":"https:\/\/eu.tilta.com\/fr\/wp-json\/wp\/v2\/media?parent=3136769"}],"wp:term":[{"taxonomy":"product_cat","embeddable":true,"href":"https:\/\/eu.tilta.com\/fr\/wp-json\/wp\/v2\/product_cat?post=3136769"},{"taxonomy":"product_tag","embeddable":true,"href":"https:\/\/eu.tilta.com\/fr\/wp-json\/wp\/v2\/product_tag?post=3136769"}],"curies":[{"name":"wp","href":"https:\/\/api.w.org\/{rel}","templated":true}]}}