{"id":3136776,"date":"2025-09-11T05:15:11","date_gmt":"2025-09-11T03:15:11","guid":{"rendered":"https:\/\/eu.tilta.com\/shop\/adaptateur-compact-pour-chariot-de-camera-boulder-noir\/"},"modified":"2026-04-15T04:02:38","modified_gmt":"2026-04-15T02:02:38","slug":"compact-baby-pin-adapter-for-boulder-camera-cart-black","status":"publish","type":"product","link":"https:\/\/eu.tilta.com\/fr\/shop\/compact-baby-pin-adapter-for-boulder-camera-cart-black\/","title":{"rendered":"Adaptateur compact pour chariot de cam\u00e9ra Boulder &#8211; Noir"},"content":{"rendered":"<div class=\"overview-text\">\n<p><em>Pr\u00e9sentation du support compact Baby Pin pour le chariot de cam\u00e9ra Boulder<\/em><\/p>\n<p>Cet adaptateur compact se monte dans l&#8217;un des quatre coins du plateau sup\u00e9rieur du chariot de cam\u00e9ra Boulder.<\/p>\n<p>Il peut \u00eatre install\u00e9 sans outils, ce qui permet de le fixer ou de l&#8217;enlever rapidement.<\/p>\n<p>L&#8217;\u00e9pingle \u00e0 b\u00e9b\u00e9 situ\u00e9e en haut permet aux utilisateurs de monter des accessoires compatibles tels que des moniteurs, des supports d&#8217;extension ou des lumi\u00e8res LED.<\/p>\n<p>Cette version compacte est parfaite pour les accessoires de petite taille, mais n&#8217;est pas destin\u00e9e \u00e0 supporter des poids plus importants.<\/p>\n<\/div>\n","protected":false},"excerpt":{"rendered":"<p>Pr\u00e9sentation du support compact Baby Pin pour le chariot de cam\u00e9ra Boulder Cet adaptateur compact se monte dans l&#8217;un des quatre coins du plateau sup\u00e9rieur du chariot de cam\u00e9ra Boulder. Il peut \u00eatre install\u00e9 sans outils, ce qui permet de [&hellip;]<\/p>\n","protected":false},"featured_media":2844232,"comment_status":"open","ping_status":"closed","template":"","meta":[],"product_cat":[4228],"product_tag":[],"acf":[],"gallery_images":[2844226],"_links":{"self":[{"href":"https:\/\/eu.tilta.com\/fr\/wp-json\/wp\/v2\/product\/3136776"}],"collection":[{"href":"https:\/\/eu.tilta.com\/fr\/wp-json\/wp\/v2\/product"}],"about":[{"href":"https:\/\/eu.tilta.com\/fr\/wp-json\/wp\/v2\/types\/product"}],"replies":[{"embeddable":true,"href":"https:\/\/eu.tilta.com\/fr\/wp-json\/wp\/v2\/comments?post=3136776"}],"wp:featuredmedia":[{"embeddable":true,"href":"https:\/\/eu.tilta.com\/fr\/wp-json\/wp\/v2\/media\/2844232"}],"wp:attachment":[{"href":"https:\/\/eu.tilta.com\/fr\/wp-json\/wp\/v2\/media?parent=3136776"}],"wp:term":[{"taxonomy":"product_cat","embeddable":true,"href":"https:\/\/eu.tilta.com\/fr\/wp-json\/wp\/v2\/product_cat?post=3136776"},{"taxonomy":"product_tag","embeddable":true,"href":"https:\/\/eu.tilta.com\/fr\/wp-json\/wp\/v2\/product_tag?post=3136776"}],"curies":[{"name":"wp","href":"https:\/\/api.w.org\/{rel}","templated":true}]}}