{"id":3136777,"date":"2025-09-11T05:11:01","date_gmt":"2025-09-11T03:11:01","guid":{"rendered":"https:\/\/eu.tilta.com\/shop\/rotule-fluide-75-100mm-pour-chariot-de-camera-boulder-noir\/"},"modified":"2026-04-15T04:02:38","modified_gmt":"2026-04-15T02:02:38","slug":"75-100mm-fluid-head-ball-mount-for-boulder-camera-cart-black","status":"publish","type":"product","link":"https:\/\/eu.tilta.com\/fr\/shop\/75-100mm-fluid-head-ball-mount-for-boulder-camera-cart-black\/","title":{"rendered":"Rotule fluide 75\/100mm pour chariot de cam\u00e9ra Boulder &#8211; Noir"},"content":{"rendered":"<div class=\"overview-text\">\n<p><em>Pr\u00e9sentation de la rotule fluide 75\/100 mm pour le chariot de cam\u00e9ra Boulder  <\/em><\/p>\n<p>Cette rotule fluide se fixe \u00e0 l&#8217;aide d&#8217;une pince sur la station d&#8217;accueil Steadicam de Boulder Camera Cart.<\/p>\n<p>Cela permet aux utilisateurs de monter leur rotule 75 mm ou 100 mm via un adaptateur amovible \u00e0 filetage de 75 mm.<\/p>\n<p>La hauteur de cet accessoire peut \u00eatre ajust\u00e9e et il peut pivoter, ce qui permet d&#8217;acc\u00e9der plus facilement \u00e0 l&#8217;attache situ\u00e9e sous la t\u00eate du tr\u00e9pied.<\/p>\n<\/div>\n","protected":false},"excerpt":{"rendered":"<p>Pr\u00e9sentation de la rotule fluide 75\/100 mm pour le chariot de cam\u00e9ra Boulder Cette rotule fluide se fixe \u00e0 l&#8217;aide d&#8217;une pince sur la station d&#8217;accueil Steadicam de Boulder Camera Cart. Cela permet aux utilisateurs de monter leur rotule 75 [&hellip;]<\/p>\n","protected":false},"featured_media":2844164,"comment_status":"open","ping_status":"closed","template":"","meta":[],"product_cat":[4228],"product_tag":[],"acf":[],"gallery_images":[2844158],"_links":{"self":[{"href":"https:\/\/eu.tilta.com\/fr\/wp-json\/wp\/v2\/product\/3136777"}],"collection":[{"href":"https:\/\/eu.tilta.com\/fr\/wp-json\/wp\/v2\/product"}],"about":[{"href":"https:\/\/eu.tilta.com\/fr\/wp-json\/wp\/v2\/types\/product"}],"replies":[{"embeddable":true,"href":"https:\/\/eu.tilta.com\/fr\/wp-json\/wp\/v2\/comments?post=3136777"}],"wp:featuredmedia":[{"embeddable":true,"href":"https:\/\/eu.tilta.com\/fr\/wp-json\/wp\/v2\/media\/2844164"}],"wp:attachment":[{"href":"https:\/\/eu.tilta.com\/fr\/wp-json\/wp\/v2\/media?parent=3136777"}],"wp:term":[{"taxonomy":"product_cat","embeddable":true,"href":"https:\/\/eu.tilta.com\/fr\/wp-json\/wp\/v2\/product_cat?post=3136777"},{"taxonomy":"product_tag","embeddable":true,"href":"https:\/\/eu.tilta.com\/fr\/wp-json\/wp\/v2\/product_tag?post=3136777"}],"curies":[{"name":"wp","href":"https:\/\/api.w.org\/{rel}","templated":true}]}}