{"id":3136778,"date":"2025-09-11T05:21:18","date_gmt":"2025-09-11T03:21:18","guid":{"rendered":"https:\/\/eu.tilta.com\/shop\/kit-de-plaque-igt-double-pour-chariot-de-camera-boulder-noir\/"},"modified":"2026-04-15T04:02:38","modified_gmt":"2026-04-15T02:02:38","slug":"dual-igt-plate-kit-for-boulder-camera-cart-black","status":"publish","type":"product","link":"https:\/\/eu.tilta.com\/fr\/shop\/dual-igt-plate-kit-for-boulder-camera-cart-black\/","title":{"rendered":"Kit de plaque IGT double pour chariot de cam\u00e9ra Boulder &#8211; Noir"},"content":{"rendered":"<div class=\"overview-text\">\n<p><em>Kit de plaque IGT double pour le chariot de cam\u00e9ra Boulder<\/em><\/p>\n<p>Cette plaque IGT couvre la taille compl\u00e8te du module d&#8217;extension ext\u00e9rieur IGT pour le chariot de cam\u00e9ra Boulder.<\/p>\n<p>Il peut \u00eatre ins\u00e9r\u00e9 et retir\u00e9 sans aucun outil.<\/p>\n<p>La petite languette situ\u00e9e \u00e0 l&#8217;arri\u00e8re peut \u00eatre ajust\u00e9e afin de bloquer la plaque en place.<\/p>\n<p>Cela signifie que les utilisateurs peuvent abaisser la table lat\u00e9rale du chariot sans que cette plaque ne tombe.<\/p>\n<\/div>\n","protected":false},"excerpt":{"rendered":"<p>Kit de plaque IGT double pour le chariot de cam\u00e9ra Boulder Cette plaque IGT couvre la taille compl\u00e8te du module d&#8217;extension ext\u00e9rieur IGT pour le chariot de cam\u00e9ra Boulder. Il peut \u00eatre ins\u00e9r\u00e9 et retir\u00e9 sans aucun outil. La petite [&hellip;]<\/p>\n","protected":false},"featured_media":2844354,"comment_status":"open","ping_status":"closed","template":"","meta":[],"product_cat":[4228],"product_tag":[],"acf":[],"gallery_images":[2844348],"_links":{"self":[{"href":"https:\/\/eu.tilta.com\/fr\/wp-json\/wp\/v2\/product\/3136778"}],"collection":[{"href":"https:\/\/eu.tilta.com\/fr\/wp-json\/wp\/v2\/product"}],"about":[{"href":"https:\/\/eu.tilta.com\/fr\/wp-json\/wp\/v2\/types\/product"}],"replies":[{"embeddable":true,"href":"https:\/\/eu.tilta.com\/fr\/wp-json\/wp\/v2\/comments?post=3136778"}],"wp:featuredmedia":[{"embeddable":true,"href":"https:\/\/eu.tilta.com\/fr\/wp-json\/wp\/v2\/media\/2844354"}],"wp:attachment":[{"href":"https:\/\/eu.tilta.com\/fr\/wp-json\/wp\/v2\/media?parent=3136778"}],"wp:term":[{"taxonomy":"product_cat","embeddable":true,"href":"https:\/\/eu.tilta.com\/fr\/wp-json\/wp\/v2\/product_cat?post=3136778"},{"taxonomy":"product_tag","embeddable":true,"href":"https:\/\/eu.tilta.com\/fr\/wp-json\/wp\/v2\/product_tag?post=3136778"}],"curies":[{"name":"wp","href":"https:\/\/api.w.org\/{rel}","templated":true}]}}