{"id":3136780,"date":"2025-09-11T05:34:27","date_gmt":"2025-09-11T03:34:27","guid":{"rendered":"https:\/\/eu.tilta.com\/shop\/support-de-montage-de-moniteur-pour-le-chariot-de-camera-boulder-noir\/"},"modified":"2026-04-15T04:02:39","modified_gmt":"2026-04-15T02:02:39","slug":"monitor-mounting-bracket-for-boulder-camera-cart-black","status":"publish","type":"product","link":"https:\/\/eu.tilta.com\/fr\/shop\/monitor-mounting-bracket-for-boulder-camera-cart-black\/","title":{"rendered":"Support de montage de moniteur pour le chariot de cam\u00e9ra Boulder &#8211; Noir"},"content":{"rendered":"<div class=\"overview-text\">\n<p><em>Pr\u00e9sentation du support de montage de moniteur pour le chariot de cam\u00e9ra Boulder<\/em><\/p>\n<p>Ce support est con\u00e7u pour s&#8217;adapter \u00e0 la plupart des moniteurs d&#8217;ordinateur ou de production standard gr\u00e2ce \u00e0 une plaque de fixation rapide de type &#8220;v-lock&#8221;.<\/p>\n<p>Une fois cette plaque fix\u00e9e, le support lui-m\u00eame peut coulisser et se verrouiller sur le poteau de support du chariot de cam\u00e9ra Boulder.<\/p>\n<p>La plaque \u00e0 d\u00e9gagement rapide est compatible avec la norme VESA et prend en charge les mod\u00e8les de montage 100 x 100 mm et 75 x 75 mm pour les moniteurs pesant jusqu&#8217;\u00e0 55 livres, ce qui la rend universellement compatible avec une large gamme d&#8217;\u00e9crans professionnels.<\/p>\n<p>Dot\u00e9 d&#8217;une tension r\u00e9glable, ce support permet au moniteur de s&#8217;incliner et de pivoter, tout en disposant d&#8217;un levier de d\u00e9verrouillage rapide pour faire pivoter le moniteur de 90 degr\u00e9s.<\/p>\n<p>Ce support se fixe \u00e0 l&#8217;aide d&#8217;une vis \u00e0 genouill\u00e8re, ce qui permet de le monter ou de le d\u00e9monter rapidement et d&#8217;en r\u00e9gler la hauteur.<\/p>\n<\/div>\n","protected":false},"excerpt":{"rendered":"<p>Pr\u00e9sentation du support de montage de moniteur pour le chariot de cam\u00e9ra Boulder Ce support est con\u00e7u pour s&#8217;adapter \u00e0 la plupart des moniteurs d&#8217;ordinateur ou de production standard gr\u00e2ce \u00e0 une plaque de fixation rapide de type &#8220;v-lock&#8221;. Une [&hellip;]<\/p>\n","protected":false},"featured_media":2844533,"comment_status":"open","ping_status":"closed","template":"","meta":[],"product_cat":[4228],"product_tag":[],"acf":[],"gallery_images":[2844522],"_links":{"self":[{"href":"https:\/\/eu.tilta.com\/fr\/wp-json\/wp\/v2\/product\/3136780"}],"collection":[{"href":"https:\/\/eu.tilta.com\/fr\/wp-json\/wp\/v2\/product"}],"about":[{"href":"https:\/\/eu.tilta.com\/fr\/wp-json\/wp\/v2\/types\/product"}],"replies":[{"embeddable":true,"href":"https:\/\/eu.tilta.com\/fr\/wp-json\/wp\/v2\/comments?post=3136780"}],"wp:featuredmedia":[{"embeddable":true,"href":"https:\/\/eu.tilta.com\/fr\/wp-json\/wp\/v2\/media\/2844533"}],"wp:attachment":[{"href":"https:\/\/eu.tilta.com\/fr\/wp-json\/wp\/v2\/media?parent=3136780"}],"wp:term":[{"taxonomy":"product_cat","embeddable":true,"href":"https:\/\/eu.tilta.com\/fr\/wp-json\/wp\/v2\/product_cat?post=3136780"},{"taxonomy":"product_tag","embeddable":true,"href":"https:\/\/eu.tilta.com\/fr\/wp-json\/wp\/v2\/product_tag?post=3136780"}],"curies":[{"name":"wp","href":"https:\/\/api.w.org\/{rel}","templated":true}]}}