{"id":3136784,"date":"2025-09-11T05:25:36","date_gmt":"2025-09-11T03:25:36","guid":{"rendered":"https:\/\/eu.tilta.com\/shop\/pieds-de-support-pour-chariot-de-camera-boulder-paire-noir\/"},"modified":"2026-04-15T04:02:41","modified_gmt":"2026-04-15T02:02:41","slug":"support-leg-for-boulder-camera-cart-pair-black","status":"publish","type":"product","link":"https:\/\/eu.tilta.com\/fr\/shop\/support-leg-for-boulder-camera-cart-pair-black\/","title":{"rendered":"Pieds de support pour chariot de cam\u00e9ra Boulder (paire) &#8211; noir"},"content":{"rendered":"<div class=\"overview-text\">\n<p><em>Pr\u00e9sentation de la jambe de support pour le chariot de cam\u00e9ra Boulder  <\/em><\/p>\n<p>Ces pieds de support se montent sur n&#8217;importe quel poteau de support du chariot de la cam\u00e9ra.<\/p>\n<p>Ils peuvent \u00eatre r\u00e9gl\u00e9s \u00e0 diff\u00e9rentes hauteurs, ce qui leur permet de reposer juste au-dessus du sol.<\/p>\n<p>Si n\u00e9cessaire, ils peuvent \u00eatre abaiss\u00e9s afin d&#8217;\u00e9tablir un contact total avec le sol et de mieux soutenir le chariot.<\/p>\n<p>Cette solution est id\u00e9ale pour les installations o\u00f9 le chariot sera utilis\u00e9 pendant une longue p\u00e9riode au m\u00eame endroit.<\/p>\n<p>Il est particuli\u00e8rement utile pour soutenir des accessoires plus grands comme notre parapluie Boulder surdimensionn\u00e9.<\/p>\n<\/div>\n","protected":false},"excerpt":{"rendered":"<p>Pr\u00e9sentation de la jambe de support pour le chariot de cam\u00e9ra Boulder Ces pieds de support se montent sur n&#8217;importe quel poteau de support du chariot de la cam\u00e9ra. Ils peuvent \u00eatre r\u00e9gl\u00e9s \u00e0 diff\u00e9rentes hauteurs, ce qui leur permet [&hellip;]<\/p>\n","protected":false},"featured_media":2844399,"comment_status":"open","ping_status":"closed","template":"","meta":[],"product_cat":[4494,4228],"product_tag":[],"acf":[],"gallery_images":[2844393],"_links":{"self":[{"href":"https:\/\/eu.tilta.com\/fr\/wp-json\/wp\/v2\/product\/3136784"}],"collection":[{"href":"https:\/\/eu.tilta.com\/fr\/wp-json\/wp\/v2\/product"}],"about":[{"href":"https:\/\/eu.tilta.com\/fr\/wp-json\/wp\/v2\/types\/product"}],"replies":[{"embeddable":true,"href":"https:\/\/eu.tilta.com\/fr\/wp-json\/wp\/v2\/comments?post=3136784"}],"wp:featuredmedia":[{"embeddable":true,"href":"https:\/\/eu.tilta.com\/fr\/wp-json\/wp\/v2\/media\/2844399"}],"wp:attachment":[{"href":"https:\/\/eu.tilta.com\/fr\/wp-json\/wp\/v2\/media?parent=3136784"}],"wp:term":[{"taxonomy":"product_cat","embeddable":true,"href":"https:\/\/eu.tilta.com\/fr\/wp-json\/wp\/v2\/product_cat?post=3136784"},{"taxonomy":"product_tag","embeddable":true,"href":"https:\/\/eu.tilta.com\/fr\/wp-json\/wp\/v2\/product_tag?post=3136784"}],"curies":[{"name":"wp","href":"https:\/\/api.w.org\/{rel}","templated":true}]}}