{"id":3136793,"date":"2025-09-11T05:05:48","date_gmt":"2025-09-11T03:05:48","guid":{"rendered":"https:\/\/eu.tilta.com\/shop\/support-de-tete-fluide-150mm-pour-chariot-de-camera-boulder-noir\/"},"modified":"2026-04-15T04:02:48","modified_gmt":"2026-04-15T02:02:48","slug":"150mm-fluid-head-bowl-mount-for-boulder-camera-cart-black","status":"publish","type":"product","link":"https:\/\/eu.tilta.com\/fr\/shop\/150mm-fluid-head-bowl-mount-for-boulder-camera-cart-black\/","title":{"rendered":"Support de t\u00eate fluide 150mm pour chariot de cam\u00e9ra Boulder &#8211; Noir"},"content":{"rendered":"<div class=\"overview-text\">\n<p>Pr\u00e9sentation de la rotule fluide 150 mm pour le chariot de cam\u00e9ra Boulder<\/p>\n<p>Cette rotule fluide se fixe \u00e0 l&#8217;aide d&#8217;une pince sur la station d&#8217;accueil Steadicam de Boulder Camera Cart.<\/p>\n<p>Cela permet aux utilisateurs de monter leur rotule 150 mm sur le chariot de leur appareil photo.<\/p>\n<p>La hauteur de cet accessoire peut \u00eatre ajust\u00e9e et il peut pivoter, ce qui permet d&#8217;acc\u00e9der plus facilement \u00e0 l&#8217;attache situ\u00e9e sous la t\u00eate du tr\u00e9pied.<\/p>\n<\/div>\n","protected":false},"excerpt":{"rendered":"<p>Pr\u00e9sentation de la rotule fluide 150 mm pour le chariot de cam\u00e9ra Boulder Cette rotule fluide se fixe \u00e0 l&#8217;aide d&#8217;une pince sur la station d&#8217;accueil Steadicam de Boulder Camera Cart. Cela permet aux utilisateurs de monter leur rotule 150 [&hellip;]<\/p>\n","protected":false},"featured_media":2844108,"comment_status":"open","ping_status":"closed","template":"","meta":[],"product_cat":[4228],"product_tag":[],"acf":[],"gallery_images":[2844102],"_links":{"self":[{"href":"https:\/\/eu.tilta.com\/fr\/wp-json\/wp\/v2\/product\/3136793"}],"collection":[{"href":"https:\/\/eu.tilta.com\/fr\/wp-json\/wp\/v2\/product"}],"about":[{"href":"https:\/\/eu.tilta.com\/fr\/wp-json\/wp\/v2\/types\/product"}],"replies":[{"embeddable":true,"href":"https:\/\/eu.tilta.com\/fr\/wp-json\/wp\/v2\/comments?post=3136793"}],"wp:featuredmedia":[{"embeddable":true,"href":"https:\/\/eu.tilta.com\/fr\/wp-json\/wp\/v2\/media\/2844108"}],"wp:attachment":[{"href":"https:\/\/eu.tilta.com\/fr\/wp-json\/wp\/v2\/media?parent=3136793"}],"wp:term":[{"taxonomy":"product_cat","embeddable":true,"href":"https:\/\/eu.tilta.com\/fr\/wp-json\/wp\/v2\/product_cat?post=3136793"},{"taxonomy":"product_tag","embeddable":true,"href":"https:\/\/eu.tilta.com\/fr\/wp-json\/wp\/v2\/product_tag?post=3136793"}],"curies":[{"name":"wp","href":"https:\/\/api.w.org\/{rel}","templated":true}]}}