{"id":3136802,"date":"2025-09-11T05:00:12","date_gmt":"2025-09-11T03:00:12","guid":{"rendered":"https:\/\/eu.tilta.com\/shop\/support-de-moniteur-pour-la-barre-de-montage-du-chariot-de-camera-boulder-noir\/"},"modified":"2026-04-15T04:02:52","modified_gmt":"2026-04-15T02:02:52","slug":"monitor-mount-for-boulder-camera-cart-mounting-bar-black","status":"publish","type":"product","link":"https:\/\/eu.tilta.com\/fr\/shop\/monitor-mount-for-boulder-camera-cart-mounting-bar-black\/","title":{"rendered":"Support de moniteur pour la barre de montage du chariot de cam\u00e9ra Boulder &#8211; Noir"},"content":{"rendered":"<div class=\"overview-text\">\n<p data-start=\"427\" data-end=\"730\">Pr\u00e9sentation du support de moniteur pour la barre de montage du chariot de cam\u00e9ra Boulder<\/p>\n<p data-start=\"427\" data-end=\"730\">Ce support est con\u00e7u pour s&#8217;adapter \u00e0 la plupart des moniteurs d&#8217;ordinateur ou de production standard gr\u00e2ce \u00e0 une plaque de fixation rapide de type v-lock. Une fois cette plaque fix\u00e9e, la monture elle-m\u00eame peut \u00eatre gliss\u00e9e et verrouill\u00e9e sur la barre de montage du chariot de cam\u00e9ra Boulder.<\/p>\n<p data-start=\"732\" data-end=\"945\">La plaque \u00e0 d\u00e9gagement rapide est compatible avec la norme VESA et prend en charge les mod\u00e8les de montage 100 x 100 mm et 75 x 75 mm pour les moniteurs pesant jusqu&#8217;\u00e0 55 livres, ce qui la rend universellement compatible avec une large gamme d&#8217;\u00e9crans professionnels.<\/p>\n<p data-start=\"947\" data-end=\"1183\">Dot\u00e9 d&#8217;une tension r\u00e9glable, le support permet \u00e0 l&#8217;\u00e9cran de s&#8217;incliner et de s&#8217;orienter l\u00e9g\u00e8rement, tout en offrant un levier de d\u00e9verrouillage rapide pour faire pivoter l&#8217;\u00e9cran de 90 degr\u00e9s, ce qui est parfait pour passer rapidement de l&#8217;orientation horizontale \u00e0 l&#8217;orientation verticale.<\/p>\n<\/div>\n","protected":false},"excerpt":{"rendered":"<p>Pr\u00e9sentation du support de moniteur pour la barre de montage du chariot de cam\u00e9ra Boulder Ce support est con\u00e7u pour s&#8217;adapter \u00e0 la plupart des moniteurs d&#8217;ordinateur ou de production standard gr\u00e2ce \u00e0 une plaque de fixation rapide de type [&hellip;]<\/p>\n","protected":false},"featured_media":2844041,"comment_status":"open","ping_status":"closed","template":"","meta":[],"product_cat":[4228],"product_tag":[],"acf":[],"gallery_images":[2844034],"_links":{"self":[{"href":"https:\/\/eu.tilta.com\/fr\/wp-json\/wp\/v2\/product\/3136802"}],"collection":[{"href":"https:\/\/eu.tilta.com\/fr\/wp-json\/wp\/v2\/product"}],"about":[{"href":"https:\/\/eu.tilta.com\/fr\/wp-json\/wp\/v2\/types\/product"}],"replies":[{"embeddable":true,"href":"https:\/\/eu.tilta.com\/fr\/wp-json\/wp\/v2\/comments?post=3136802"}],"wp:featuredmedia":[{"embeddable":true,"href":"https:\/\/eu.tilta.com\/fr\/wp-json\/wp\/v2\/media\/2844041"}],"wp:attachment":[{"href":"https:\/\/eu.tilta.com\/fr\/wp-json\/wp\/v2\/media?parent=3136802"}],"wp:term":[{"taxonomy":"product_cat","embeddable":true,"href":"https:\/\/eu.tilta.com\/fr\/wp-json\/wp\/v2\/product_cat?post=3136802"},{"taxonomy":"product_tag","embeddable":true,"href":"https:\/\/eu.tilta.com\/fr\/wp-json\/wp\/v2\/product_tag?post=3136802"}],"curies":[{"name":"wp","href":"https:\/\/api.w.org\/{rel}","templated":true}]}}