{"id":3136814,"date":"2025-09-11T04:28:56","date_gmt":"2025-09-11T02:28:56","guid":{"rendered":"https:\/\/eu.tilta.com\/shop\/plaque-de-fixation-en-metal-pour-le-chariot-de-camera-boulder-noir\/"},"modified":"2026-04-15T04:02:56","modified_gmt":"2026-04-15T02:02:56","slug":"metal-pegboard-for-boulder-camera-cart-black","status":"publish","type":"product","link":"https:\/\/eu.tilta.com\/fr\/shop\/metal-pegboard-for-boulder-camera-cart-black\/","title":{"rendered":"Plaque de fixation en m\u00e9tal pour le chariot de cam\u00e9ra Boulder &#8211; Noir"},"content":{"rendered":"<div class=\"overview-text\">\n<p data-start=\"744\" data-end=\"1029\">Voici le panneau de fixation en m\u00e9tal pour le chariot de cam\u00e9ra Boulder &#8211; noir.<br data-start=\"815\" data-end=\"818\">Cet accessoire polyvalent se monte directement sur deux rails de 40 mm \u00e0 l&#8217;aide du kit de montage d&#8217;extension ou sur un bureau avec l&#8217;adaptateur de montage de bureau pour les accessoires du chariot de cam\u00e9ra Boulder (40 mm).<\/p>\n<p data-start=\"1031\" data-end=\"1275\">Le tableau de pinces offre une surface personnalisable pour suspendre des outils, des c\u00e2bles, des pinces et d&#8217;autres \u00e9quipements \u00e0 l&#8217;aide de crochets standard de 16 mm ou 32 mm. Il est ainsi facile de garder les objets essentiels \u00e0 port\u00e9e de main tout en conservant un poste de travail propre et efficace.<\/p>\n<p data-start=\"1277\" data-end=\"1488\">Contrairement aux \u00e9tag\u00e8res fixes, le tableau \u00e0 pat\u00e8res permet d&#8217;optimiser l&#8217;espace vertical, ce qui permet aux utilisateurs d&#8217;organiser les outils et accessoires de petite taille en dehors de la zone principale du plateau. Cela permet de r\u00e9duire l&#8217;encombrement et d&#8217;am\u00e9liorer l&#8217;efficacit\u00e9 globale du flux de travail.<\/p>\n<p data-start=\"1490\" data-end=\"1767\">Que ce soit sur le plateau de tournage, dans un atelier ou sur le terrain, la construction m\u00e9tallique durable du tableau d&#8217;affichage garantit des performances durables. Sa conception modulaire en fait un bon compl\u00e9ment pour les assistants cam\u00e9ra, les DIT, les m\u00e9caniciens et tous ceux qui cherchent \u00e0 rationaliser leur chariot ou leur installation de bureau.<\/p>\n<\/div>\n","protected":false},"excerpt":{"rendered":"<p>Voici le panneau de fixation en m\u00e9tal pour le chariot de cam\u00e9ra Boulder &#8211; noir.Cet accessoire polyvalent se monte directement sur deux rails de 40 mm \u00e0 l&#8217;aide du kit de montage d&#8217;extension ou sur un bureau avec l&#8217;adaptateur de [&hellip;]<\/p>\n","protected":false},"featured_media":2843786,"comment_status":"open","ping_status":"closed","template":"","meta":[],"product_cat":[4494,4228],"product_tag":[],"acf":[],"gallery_images":[2843779],"_links":{"self":[{"href":"https:\/\/eu.tilta.com\/fr\/wp-json\/wp\/v2\/product\/3136814"}],"collection":[{"href":"https:\/\/eu.tilta.com\/fr\/wp-json\/wp\/v2\/product"}],"about":[{"href":"https:\/\/eu.tilta.com\/fr\/wp-json\/wp\/v2\/types\/product"}],"replies":[{"embeddable":true,"href":"https:\/\/eu.tilta.com\/fr\/wp-json\/wp\/v2\/comments?post=3136814"}],"wp:featuredmedia":[{"embeddable":true,"href":"https:\/\/eu.tilta.com\/fr\/wp-json\/wp\/v2\/media\/2843786"}],"wp:attachment":[{"href":"https:\/\/eu.tilta.com\/fr\/wp-json\/wp\/v2\/media?parent=3136814"}],"wp:term":[{"taxonomy":"product_cat","embeddable":true,"href":"https:\/\/eu.tilta.com\/fr\/wp-json\/wp\/v2\/product_cat?post=3136814"},{"taxonomy":"product_tag","embeddable":true,"href":"https:\/\/eu.tilta.com\/fr\/wp-json\/wp\/v2\/product_tag?post=3136814"}],"curies":[{"name":"wp","href":"https:\/\/api.w.org\/{rel}","templated":true}]}}