{"id":3136997,"date":"2025-08-21T05:54:42","date_gmt":"2025-08-21T03:54:42","guid":{"rendered":"https:\/\/eu.tilta.com\/shop\/etui-de-transport-pour-ecouteurs-fe-ecopak\/"},"modified":"2026-04-15T04:03:05","modified_gmt":"2026-04-15T02:03:05","slug":"fe-ecopak-earbud-carrying-case","status":"publish","type":"product","link":"https:\/\/eu.tilta.com\/fr\/shop\/fe-ecopak-earbud-carrying-case\/","title":{"rendered":"\u00c9tui de transport pour \u00e9couteurs Fe Ecopak"},"content":{"rendered":"<div class=\"overview-text\">\n<p><em>Pr\u00e9sentation de l&#8217;\u00e9tui pour \u00e9couteurs Fe Ecopak<\/em><\/p>\n<p>Cet \u00e9tui est une solution compacte et polyvalente pour le transport quotidien, con\u00e7ue pour ceux qui veulent garder leurs objets essentiels \u00e0 port\u00e9e de main.<\/p>\n<p>Con\u00e7u pour accueillir vos lunettes de vue ou de soleil en toute s\u00e9curit\u00e9, cet \u00e9tui l\u00e9ger est dot\u00e9 d&#8217;un bouton pression en r\u00e9sine durable pour une fermeture audacieuse et tactile.<\/p>\n<p>Chaque d\u00e9tail de l&#8217;\u00e9tui pour \u00e9couteurs Fe est soigneusement \u00e9tudi\u00e9. Le crochet en S \u00e9lastique est un mousqueton polyvalent en alliage d&#8217;aluminium pour une fixation s\u00fbre aux sacs, aux ceintures ou au mat\u00e9riel.<\/p>\n<p>Ecopak\u00ae EPX200 est fabriqu\u00e9 \u00e0 partir de mat\u00e9riaux recycl\u00e9s, respectueux de l&#8217;environnement et con\u00e7us pour \u00eatre recyclables, ainsi que de polyur\u00e9thane \u00e0 forte r\u00e9sistance aux UV, qui ne vieillit pas facilement et ne devient pas cassant.<\/p>\n<p>L&#8217;\u00e9tui Fe Ecopak Earbud Carrying Case est un excellent moyen de garder vos \u00e9l\u00e9ments essentiels organis\u00e9s, accessibles et prot\u00e9g\u00e9s.<\/p>\n<\/div>\n","protected":false},"excerpt":{"rendered":"<p>Pr\u00e9sentation de l&#8217;\u00e9tui pour \u00e9couteurs Fe Ecopak Cet \u00e9tui est une solution compacte et polyvalente pour le transport quotidien, con\u00e7ue pour ceux qui veulent garder leurs objets essentiels \u00e0 port\u00e9e de main. Con\u00e7u pour accueillir vos lunettes de vue ou [&hellip;]<\/p>\n","protected":false},"featured_media":2717576,"comment_status":"open","ping_status":"closed","template":"","meta":[],"product_cat":[4493,2064],"product_tag":[],"acf":[],"gallery_images":[2717581,2717587],"_links":{"self":[{"href":"https:\/\/eu.tilta.com\/fr\/wp-json\/wp\/v2\/product\/3136997"}],"collection":[{"href":"https:\/\/eu.tilta.com\/fr\/wp-json\/wp\/v2\/product"}],"about":[{"href":"https:\/\/eu.tilta.com\/fr\/wp-json\/wp\/v2\/types\/product"}],"replies":[{"embeddable":true,"href":"https:\/\/eu.tilta.com\/fr\/wp-json\/wp\/v2\/comments?post=3136997"}],"wp:featuredmedia":[{"embeddable":true,"href":"https:\/\/eu.tilta.com\/fr\/wp-json\/wp\/v2\/media\/2717576"}],"wp:attachment":[{"href":"https:\/\/eu.tilta.com\/fr\/wp-json\/wp\/v2\/media?parent=3136997"}],"wp:term":[{"taxonomy":"product_cat","embeddable":true,"href":"https:\/\/eu.tilta.com\/fr\/wp-json\/wp\/v2\/product_cat?post=3136997"},{"taxonomy":"product_tag","embeddable":true,"href":"https:\/\/eu.tilta.com\/fr\/wp-json\/wp\/v2\/product_tag?post=3136997"}],"curies":[{"name":"wp","href":"https:\/\/api.w.org\/{rel}","templated":true}]}}