{"id":3137002,"date":"2025-11-03T11:31:55","date_gmt":"2025-11-03T10:31:55","guid":{"rendered":"https:\/\/eu.tilta.com\/shop\/poteau-de-soutien-reglable-hydra\/"},"modified":"2025-12-05T14:42:23","modified_gmt":"2025-12-05T13:42:23","slug":"hydra-adjustable-support-post","status":"publish","type":"product","link":"https:\/\/eu.tilta.com\/fr\/shop\/hydra-adjustable-support-post\/","title":{"rendered":"Poteau de soutien r\u00e9glable Hydra"},"content":{"rendered":"<p>Voici le support ajustable Hydra &#8211; la solution de montage ultime pour les installations professionnelles multi-cam\u00e9ras \u00e0 bord des v\u00e9hicules.<\/p>\n<p>Con\u00e7u pour la diffusion en direct, les revues de voitures et les productions de t\u00e9l\u00e9-r\u00e9alit\u00e9, ce support permet aux r\u00e9alisateurs de monter plusieurs cam\u00e9ras \u00e0 l&#8217;int\u00e9rieur d&#8217;un v\u00e9hicule afin de capturer tous les angles et toutes les r\u00e9actions. Que vous souhaitiez couvrir le conducteur et les passagers ou cr\u00e9er une vue int\u00e9rieure \u00e0 360\u00b0 pour une narration dynamique, le poteau de soutien r\u00e9glable Hydra offre une flexibilit\u00e9 in\u00e9gal\u00e9e et une stabilit\u00e9 fiable.<\/p>\n<p>Dot\u00e9 d&#8217;un syst\u00e8me de passage d&#8217;alimentation int\u00e9gr\u00e9 de 100 W avec une entr\u00e9e USB-C et deux sorties USB-C, il simplifie la distribution de l&#8217;alimentation et la gestion des c\u00e2bles. Les cam\u00e9ras, les moniteurs et les accessoires peuvent \u00eatre aliment\u00e9s directement par le poteau, ce qui r\u00e9duit l&#8217;encombrement et le temps d&#8217;installation.<\/p>\n<p>Con\u00e7ue pour les environnements professionnels, elle s&#8217;int\u00e8gre parfaitement \u00e0 l&#8217;\u00e9cosyst\u00e8me Hydra et s&#8217;associe parfaitement aux ventouses, \u00e0 la rotule Arca ou \u00e0 d&#8217;autres accessoires de montage pour des configurations multi-cam\u00e9ras personnalis\u00e9es. Son empreinte compacte permet d&#8217;utiliser efficacement l&#8217;espace int\u00e9rieur sans nuire au confort ou \u00e0 la s\u00e9curit\u00e9 des passagers.<\/p>\n<p>Disponible en versions 50 cm et 100 cm, le support r\u00e9glable Hydra est le choix id\u00e9al pour les cr\u00e9ateurs de contenu mobile, les \u00e9quipes de production et les sp\u00e9cialistes du car-rig qui exigent flexibilit\u00e9, fiabilit\u00e9 et alimentation \u00e9lectrique propre \u00e0 l&#8217;int\u00e9rieur du v\u00e9hicule.<\/p>\n","protected":false},"excerpt":{"rendered":"<p>Voici le support ajustable Hydra &#8211; la solution de montage ultime pour les installations professionnelles multi-cam\u00e9ras \u00e0 bord des v\u00e9hicules. Con\u00e7u pour la diffusion en direct, les revues de voitures et les productions de t\u00e9l\u00e9-r\u00e9alit\u00e9, ce support permet aux r\u00e9alisateurs [&hellip;]<\/p>\n","protected":false},"featured_media":3136961,"comment_status":"open","ping_status":"closed","template":"","meta":[],"product_cat":[4318],"product_tag":[],"acf":[],"gallery_images":[3136834,3136955,3136840,3136991],"_links":{"self":[{"href":"https:\/\/eu.tilta.com\/fr\/wp-json\/wp\/v2\/product\/3137002"}],"collection":[{"href":"https:\/\/eu.tilta.com\/fr\/wp-json\/wp\/v2\/product"}],"about":[{"href":"https:\/\/eu.tilta.com\/fr\/wp-json\/wp\/v2\/types\/product"}],"replies":[{"embeddable":true,"href":"https:\/\/eu.tilta.com\/fr\/wp-json\/wp\/v2\/comments?post=3137002"}],"wp:featuredmedia":[{"embeddable":true,"href":"https:\/\/eu.tilta.com\/fr\/wp-json\/wp\/v2\/media\/3136961"}],"wp:attachment":[{"href":"https:\/\/eu.tilta.com\/fr\/wp-json\/wp\/v2\/media?parent=3137002"}],"wp:term":[{"taxonomy":"product_cat","embeddable":true,"href":"https:\/\/eu.tilta.com\/fr\/wp-json\/wp\/v2\/product_cat?post=3137002"},{"taxonomy":"product_tag","embeddable":true,"href":"https:\/\/eu.tilta.com\/fr\/wp-json\/wp\/v2\/product_tag?post=3137002"}],"curies":[{"name":"wp","href":"https:\/\/api.w.org\/{rel}","templated":true}]}}