{"id":3137014,"date":"2025-08-18T04:41:57","date_gmt":"2025-08-18T02:41:57","guid":{"rendered":"https:\/\/eu.tilta.com\/shop\/cage-pour-sony-fx2-pro-kit\/"},"modified":"2025-12-05T14:42:23","modified_gmt":"2025-12-05T13:42:23","slug":"camera-cage-for-sony-fx2-pro-kit","status":"publish","type":"product","link":"https:\/\/eu.tilta.com\/fr\/shop\/camera-cage-for-sony-fx2-pro-kit\/","title":{"rendered":"Cage pour Sony FX2 Pro Kit"},"content":{"rendered":"<p><em>Pr\u00e9sentation du kit complet Camera Cage Pro pour Sony FX2<\/em><\/p>\n<p>Cette cage de cam\u00e9ra prend en charge divers accessoires gr\u00e2ce \u00e0 des points de montage tels que des filetages 1\/4&#8243;-20 et 3\/8\u2033-16 avec divers points de positionnement, un r\u00e9cepteur de sabot froid, un rail OTAN et des points de montage pour un support de canne \u00e0 p\u00eache unique.<\/p>\n<p>La nouvelle plaque inf\u00e9rieure ARCA bidirectionnelle est parfaite pour passer rapidement d&#8217;un tr\u00e9pied \u00e0 une cardan DJI. Cette plaque est d\u00e9sormais amovible, ce qui permet aux utilisateurs de la retirer rapidement et de la fixer sur le c\u00f4t\u00e9 de la cage, pour passer facilement \u00e0 une configuration verticale. Veuillez noter que cette cage utilise la norme DJI pour l&#8217;ARCA. La compatibilit\u00e9 avec d&#8217;autres normes n&#8217;est pas garantie.<\/p>\n<p>La cage comprend deux serre-c\u00e2bles pour offrir une s\u00e9curit\u00e9 accrue pour les c\u00e2bles HDMI et USB-C, avec la commodit\u00e9 suppl\u00e9mentaire sans outil des vis \u00e0 oreilles. L&#8217;ajustement parfait de cette cage pr\u00e9serve l&#8217;acc\u00e8s \u00e0 tous les ports et fonctions, y compris le viseur de l&#8217;appareil photo, tandis que sa conception modulaire garantit qu&#8217;elle peut supporter une gamme d&#8217;accessoires de premi\u00e8re partie comme la poign\u00e9e sup\u00e9rieure XLR de Sony.<\/p>\n<p>Ce kit Pro comprend la poign\u00e9e ergonomique Xeno Top Handle, qui se monte sur le rail NATO et offre une meilleure maniabilit\u00e9 et un meilleur fonctionnement gr\u00e2ce \u00e0 son nouveau design avec un d\u00e9gagement plus important. Cette poign\u00e9e dispose d&#8217;une vari\u00e9t\u00e9 de points de montage tels que des filetages 1\/4\u2033-20 et un r\u00e9cepteur Cold Shoe, parfait pour le montage d&#8217;un moniteur externe.<\/p>\n<p>La plaque de base de 15 mm incluse permet aux utilisateurs d&#8217;utiliser les tiges de 15 mm incluses pour monter divers accessoires. La conception \u00e0 hauteur r\u00e9glable permet aux utilisateurs de maintenir la norme LWS 85 mm entre leurs tiges et le centre de leur capteur afin d&#8217;assurer la compatibilit\u00e9 avec une gamme d&#8217;accessoires divers.<\/p>\n<p>La distance entre le centre des tiges et le r\u00e9cepteur Arca varie de 18 \u00e0 38 mm et est compatible avec les plaques Arca standard de DJI. La partie inf\u00e9rieure de la plaque de base est compatible avec les queues d&#8217;aronde standard de Tilta et comporte \u00e9galement des filets 1\/4\u2033-20 pour le montage sur des tr\u00e9pieds et autres syst\u00e8mes de support.<\/p>\n<p>La poign\u00e9e Advanced Power Handle se connecte \u00e0 la cage via le rail NATO et permet d&#8217;alimenter les accessoires ainsi que de contr\u00f4ler le run-stop via le c\u00e2ble inclus. La rotation r\u00e9glable et la dragonne suppl\u00e9mentaire offrent un confort et une flexibilit\u00e9 exceptionnels lors de l&#8217;utilisation du Sony FX2.<\/p>\n<p><strong>Veuillez noter que cette poign\u00e9e n\u00e9cessite une batterie Sony NP-F550, non incluse, pour fonctionner.  <\/strong><\/p>\n","protected":false},"excerpt":{"rendered":"<p>Pr\u00e9sentation du kit complet Camera Cage Pro pour Sony FX2 Cette cage de cam\u00e9ra prend en charge divers accessoires gr\u00e2ce \u00e0 des points de montage tels que des filetages 1\/4&#8243;-20 et 3\/8\u2033-16 avec divers points de positionnement, un r\u00e9cepteur de [&hellip;]<\/p>\n","protected":false},"featured_media":2705293,"comment_status":"open","ping_status":"closed","template":"","meta":[],"product_cat":[4324],"product_tag":[],"acf":[],"gallery_images":[2705310,2705329,2705342,2705286,2705323,2705304],"_links":{"self":[{"href":"https:\/\/eu.tilta.com\/fr\/wp-json\/wp\/v2\/product\/3137014"}],"collection":[{"href":"https:\/\/eu.tilta.com\/fr\/wp-json\/wp\/v2\/product"}],"about":[{"href":"https:\/\/eu.tilta.com\/fr\/wp-json\/wp\/v2\/types\/product"}],"replies":[{"embeddable":true,"href":"https:\/\/eu.tilta.com\/fr\/wp-json\/wp\/v2\/comments?post=3137014"}],"wp:featuredmedia":[{"embeddable":true,"href":"https:\/\/eu.tilta.com\/fr\/wp-json\/wp\/v2\/media\/2705293"}],"wp:attachment":[{"href":"https:\/\/eu.tilta.com\/fr\/wp-json\/wp\/v2\/media?parent=3137014"}],"wp:term":[{"taxonomy":"product_cat","embeddable":true,"href":"https:\/\/eu.tilta.com\/fr\/wp-json\/wp\/v2\/product_cat?post=3137014"},{"taxonomy":"product_tag","embeddable":true,"href":"https:\/\/eu.tilta.com\/fr\/wp-json\/wp\/v2\/product_tag?post=3137014"}],"curies":[{"name":"wp","href":"https:\/\/api.w.org\/{rel}","templated":true}]}}