{"id":3137024,"date":"2025-08-20T05:05:36","date_gmt":"2025-08-20T03:05:36","guid":{"rendered":"https:\/\/eu.tilta.com\/shop\/etui-de-transport-pour-lunettes-fe-x-pac\/"},"modified":"2026-04-15T04:03:22","modified_gmt":"2026-04-15T02:03:22","slug":"fe-x-pac-glasses-carrying-case","status":"publish","type":"product","link":"https:\/\/eu.tilta.com\/fr\/shop\/fe-x-pac-glasses-carrying-case\/","title":{"rendered":"\u00c9tui de transport pour lunettes Fe X-Pac"},"content":{"rendered":"<div class=\"overview-text\">\n<p><em>Pr\u00e9sentation de l&#8217;\u00e9tui \u00e0 lunettes Fe X-Pac<\/em><\/p>\n<p>Cet \u00e9tui est une solution compacte et polyvalente pour le transport quotidien, con\u00e7ue pour ceux qui veulent garder leurs objets essentiels \u00e0 port\u00e9e de main.<\/p>\n<p>Con\u00e7u pour maintenir vos lunettes de vue ou de soleil en toute s\u00e9curit\u00e9, cet \u00e9tui l\u00e9ger est dot\u00e9 d&#8217;un anneau triangulaire Duraflex qui permet de l&#8217;accrocher facilement \u00e0 une ceinture, \u00e0 un sac ou \u00e0 un porte-mat\u00e9riel.<\/p>\n<p>Cet \u00e9tui est \u00e9galement dot\u00e9 d&#8217;une \u00e9l\u00e9gante boucle m\u00e9tallique magn\u00e9tique pour un acc\u00e8s rapide et s\u00e9curis\u00e9.<\/p>\n<p>X-Pac\u00ae VX21 se caract\u00e9rise par une tr\u00e8s grande durabilit\u00e9, la couche ext\u00e9rieure en taffetas de nylon \u00e9tant tr\u00e8s r\u00e9sistante aux rayures et \u00e0 l&#8217;abrasion. Ils offrent une r\u00e9sistance et une durabilit\u00e9 exceptionnelles pour un poids tr\u00e8s l\u00e9ger.<\/p>\n<p>La mallette de transport Fe X-Pac est un excellent moyen de garder vos objets essentiels organis\u00e9s, accessibles et prot\u00e9g\u00e9s.<\/p>\n<\/div>\n","protected":false},"excerpt":{"rendered":"<p>Pr\u00e9sentation de l&#8217;\u00e9tui \u00e0 lunettes Fe X-Pac Cet \u00e9tui est une solution compacte et polyvalente pour le transport quotidien, con\u00e7ue pour ceux qui veulent garder leurs objets essentiels \u00e0 port\u00e9e de main. Con\u00e7u pour maintenir vos lunettes de vue ou [&hellip;]<\/p>\n","protected":false},"featured_media":2712810,"comment_status":"open","ping_status":"closed","template":"","meta":[],"product_cat":[4493,2064],"product_tag":[],"acf":[],"gallery_images":[2712821,2712833,2712851,2712901,2712864],"_links":{"self":[{"href":"https:\/\/eu.tilta.com\/fr\/wp-json\/wp\/v2\/product\/3137024"}],"collection":[{"href":"https:\/\/eu.tilta.com\/fr\/wp-json\/wp\/v2\/product"}],"about":[{"href":"https:\/\/eu.tilta.com\/fr\/wp-json\/wp\/v2\/types\/product"}],"replies":[{"embeddable":true,"href":"https:\/\/eu.tilta.com\/fr\/wp-json\/wp\/v2\/comments?post=3137024"}],"wp:featuredmedia":[{"embeddable":true,"href":"https:\/\/eu.tilta.com\/fr\/wp-json\/wp\/v2\/media\/2712810"}],"wp:attachment":[{"href":"https:\/\/eu.tilta.com\/fr\/wp-json\/wp\/v2\/media?parent=3137024"}],"wp:term":[{"taxonomy":"product_cat","embeddable":true,"href":"https:\/\/eu.tilta.com\/fr\/wp-json\/wp\/v2\/product_cat?post=3137024"},{"taxonomy":"product_tag","embeddable":true,"href":"https:\/\/eu.tilta.com\/fr\/wp-json\/wp\/v2\/product_tag?post=3137024"}],"curies":[{"name":"wp","href":"https:\/\/api.w.org\/{rel}","templated":true}]}}