{"id":3137037,"date":"2025-11-03T10:41:14","date_gmt":"2025-11-03T09:41:14","guid":{"rendered":"https:\/\/eu.tilta.com\/shop\/cage-dappareil-photo-vintage-pour-sigma-bf-base-kit-v2-silver\/"},"modified":"2025-12-05T14:42:37","modified_gmt":"2025-12-05T13:42:37","slug":"vintage-camera-cage-for-sigma-bf-base-kit-v2-silver","status":"publish","type":"product","link":"https:\/\/eu.tilta.com\/fr\/shop\/vintage-camera-cage-for-sigma-bf-base-kit-v2-silver\/","title":{"rendered":"Cage d&#8217;appareil photo vintage pour Sigma BF Base Kit V2 &#8211; Silver"},"content":{"rendered":"<p><em>Pr\u00e9sentation de la cage d&#8217;appareil photo vintage pour le kit de base Sigma BF<\/em><\/p>\n<p>La base de ce kit est un accessoire de type L-Bracket dot\u00e9 d&#8217;une poign\u00e9e en alliage d&#8217;aluminium qui s&#8217;int\u00e8gre parfaitement au bo\u00eetier de l&#8217;appareil photo pour une sensation naturelle et unifi\u00e9e.<\/p>\n<p>Cela permet d&#8217;utiliser et de manipuler plus confortablement l&#8217;appareil photo tout en restant compact et facile \u00e0 transporter.<\/p>\n<p>La plaque inf\u00e9rieure peut facilement accueillir l&#8217;adaptateur de fixation rapide ARCA inclus.<\/p>\n<p>Cela permet au syst\u00e8me de se monter facilement sur les cardans de la s\u00e9rie S de Ronin ou sur des tr\u00e9pieds l\u00e9gers tels que notre <a href=\"https:\/\/eu.tilta.com\/shop\/tilta-vt05-travel-video-fluid-head-with-3-stage-carbon-fiber-tripod-legs-5kg\/\">tr\u00e9pied \u00e0 t\u00eate fluide de voyage VT-05<\/a>.<\/p>\n<p>Cette unit\u00e9 est con\u00e7ue avec pr\u00e9cision pour s&#8217;adapter en toute s\u00e9curit\u00e9 sans obstruer les boutons d&#8217;alimentation ou de fonction.<\/p>\n","protected":false},"excerpt":{"rendered":"<p>Pr\u00e9sentation de la cage d&#8217;appareil photo vintage pour le kit de base Sigma BF La base de ce kit est un accessoire de type L-Bracket dot\u00e9 d&#8217;une poign\u00e9e en alliage d&#8217;aluminium qui s&#8217;int\u00e8gre parfaitement au bo\u00eetier de l&#8217;appareil photo pour [&hellip;]<\/p>\n","protected":false},"featured_media":3136503,"comment_status":"open","ping_status":"closed","template":"","meta":[],"product_cat":[4335],"product_tag":[],"acf":[],"gallery_images":[3136508,3136611,3136626,3136642],"_links":{"self":[{"href":"https:\/\/eu.tilta.com\/fr\/wp-json\/wp\/v2\/product\/3137037"}],"collection":[{"href":"https:\/\/eu.tilta.com\/fr\/wp-json\/wp\/v2\/product"}],"about":[{"href":"https:\/\/eu.tilta.com\/fr\/wp-json\/wp\/v2\/types\/product"}],"replies":[{"embeddable":true,"href":"https:\/\/eu.tilta.com\/fr\/wp-json\/wp\/v2\/comments?post=3137037"}],"wp:featuredmedia":[{"embeddable":true,"href":"https:\/\/eu.tilta.com\/fr\/wp-json\/wp\/v2\/media\/3136503"}],"wp:attachment":[{"href":"https:\/\/eu.tilta.com\/fr\/wp-json\/wp\/v2\/media?parent=3137037"}],"wp:term":[{"taxonomy":"product_cat","embeddable":true,"href":"https:\/\/eu.tilta.com\/fr\/wp-json\/wp\/v2\/product_cat?post=3137037"},{"taxonomy":"product_tag","embeddable":true,"href":"https:\/\/eu.tilta.com\/fr\/wp-json\/wp\/v2\/product_tag?post=3137037"}],"curies":[{"name":"wp","href":"https:\/\/api.w.org\/{rel}","templated":true}]}}