{"id":3137038,"date":"2025-09-08T09:19:21","date_gmt":"2025-09-08T07:19:21","guid":{"rendered":"https:\/\/eu.tilta.com\/shop\/cage-de-protection-pour-insta360-x5-gris-titane\/"},"modified":"2025-12-05T14:42:37","modified_gmt":"2025-12-05T13:42:37","slug":"full-camera-cage-for-insta360-x5-titanium-grey","status":"publish","type":"product","link":"https:\/\/eu.tilta.com\/fr\/shop\/full-camera-cage-for-insta360-x5-titanium-grey\/","title":{"rendered":"Cage de protection pour Insta360 X5 &#8211; Gris Titane"},"content":{"rendered":"<div class=\"overview-text\">\n<p>Cette cage de cam\u00e9ra offre une protection suppl\u00e9mentaire \u00e0 l&#8217;Insta360 X5 et am\u00e9liore la flexibilit\u00e9 pour le montage et l&#8217;utilisation de la cam\u00e9ra d&#8217;action.<\/p>\n<p>La cage offre plusieurs options de montage pour une vari\u00e9t\u00e9 d&#8217;accessoires, y compris un filetage \u00bc&#8221;-20 avec des points de rep\u00e9rage et un r\u00e9cepteur de griffe froide.<\/p>\n<p>La conception \u00e0 d\u00e9gagement rapide permet d&#8217;installer ou de retirer rapidement la cage pour un acc\u00e8s rapide au bo\u00eetier de l&#8217;appareil photo.<\/p>\n<p>Le support rotatif pivote \u00e0 90\u00b0, ce qui permet aux utilisateurs de poser l&#8217;appareil photo sur une surface plane sans rayer l&#8217;objectif et la cage.<\/p>\n<p>La cage est dot\u00e9e d&#8217;un rembourrage absorbant les chocs qui aide \u00e0 stabiliser le syst\u00e8me et fournit une protection suppl\u00e9mentaire.<\/p>\n<p>La cage offre \u00e9galement un acc\u00e8s facile \u00e0 tous les boutons de l&#8217;utilisateur et au compartiment de la batterie, ce qui facilite le remplacement de celle-ci.<\/p>\n<\/div>\n","protected":false},"excerpt":{"rendered":"<p>Cette cage de cam\u00e9ra offre une protection suppl\u00e9mentaire \u00e0 l&#8217;Insta360 X5 et am\u00e9liore la flexibilit\u00e9 pour le montage et l&#8217;utilisation de la cam\u00e9ra d&#8217;action. La cage offre plusieurs options de montage pour une vari\u00e9t\u00e9 d&#8217;accessoires, y compris un filetage \u00bc&#8221;-20 [&hellip;]<\/p>\n","protected":false},"featured_media":2826259,"comment_status":"open","ping_status":"closed","template":"","meta":[],"product_cat":[4336],"product_tag":[],"acf":[],"gallery_images":[2826266,2826272,2826278,2826301,2826286,2826310],"_links":{"self":[{"href":"https:\/\/eu.tilta.com\/fr\/wp-json\/wp\/v2\/product\/3137038"}],"collection":[{"href":"https:\/\/eu.tilta.com\/fr\/wp-json\/wp\/v2\/product"}],"about":[{"href":"https:\/\/eu.tilta.com\/fr\/wp-json\/wp\/v2\/types\/product"}],"replies":[{"embeddable":true,"href":"https:\/\/eu.tilta.com\/fr\/wp-json\/wp\/v2\/comments?post=3137038"}],"wp:featuredmedia":[{"embeddable":true,"href":"https:\/\/eu.tilta.com\/fr\/wp-json\/wp\/v2\/media\/2826259"}],"wp:attachment":[{"href":"https:\/\/eu.tilta.com\/fr\/wp-json\/wp\/v2\/media?parent=3137038"}],"wp:term":[{"taxonomy":"product_cat","embeddable":true,"href":"https:\/\/eu.tilta.com\/fr\/wp-json\/wp\/v2\/product_cat?post=3137038"},{"taxonomy":"product_tag","embeddable":true,"href":"https:\/\/eu.tilta.com\/fr\/wp-json\/wp\/v2\/product_tag?post=3137038"}],"curies":[{"name":"wp","href":"https:\/\/api.w.org\/{rel}","templated":true}]}}