{"id":3137043,"date":"2025-11-03T10:54:45","date_gmt":"2025-11-03T09:54:45","guid":{"rendered":"https:\/\/eu.tilta.com\/shop\/tete-spherique-arca-pour-poteau-de-support-reglable-hydra\/"},"modified":"2025-12-05T14:42:39","modified_gmt":"2025-12-05T13:42:39","slug":"arca-ball-head-for-hydra-adjustable-support-post","status":"publish","type":"product","link":"https:\/\/eu.tilta.com\/fr\/shop\/arca-ball-head-for-hydra-adjustable-support-post\/","title":{"rendered":"T\u00eate sph\u00e9rique ARCA pour poteau de support r\u00e9glable Hydra"},"content":{"rendered":"<p data-start=\"209\" data-end=\"352\">La rotule ARCA pour le support r\u00e9glable Hydra permet un montage rapide de la cam\u00e9ra et une mise \u00e0 niveau pr\u00e9cise pour les installations professionnelles \u00e0 bord des v\u00e9hicules.<\/p>\n<p data-start=\"354\" data-end=\"660\">Une pince robuste se fixe sur le support, tandis que la rotule s&#8217;interface avec la pince par l&#8217;interm\u00e9diaire d&#8217;une rosette, ce qui permet aux utilisateurs d&#8217;ajuster et de verrouiller l&#8217;inclinaison. Le m\u00e9canisme \u00e0 bille permet une mise \u00e0 niveau rapide dans les int\u00e9rieurs \u00e9troits, et le syst\u00e8me de fixation rapide ARCA permet une fixation\/un retrait rapide lors des tournages multi-cam\u00e9ras.<\/p>\n<p data-start=\"662\" data-end=\"1009\">Un filetage int\u00e9gr\u00e9 \u00bc\u2033-20 avec point de rep\u00e9rage vous permet d&#8217;ajouter un bras articul\u00e9 ou des accessoires pour les moniteurs, les micros ou le mat\u00e9riel sans fil. Pour les cam\u00e9ras plus lourdes, nous recommandons d&#8217;ajouter un deuxi\u00e8me point de contact \u00e0 la cam\u00e9ra pour une plus grande stabilit\u00e9. La compatibilit\u00e9 ARCA n&#8217;est pas garantie pour toutes les plaques de tiers ; une plaque ARCA est incluse.<\/p>\n","protected":false},"excerpt":{"rendered":"<p>La rotule ARCA pour le support r\u00e9glable Hydra permet un montage rapide de la cam\u00e9ra et une mise \u00e0 niveau pr\u00e9cise pour les installations professionnelles \u00e0 bord des v\u00e9hicules. Une pince robuste se fixe sur le support, tandis que la [&hellip;]<\/p>\n","protected":false},"featured_media":3136707,"comment_status":"open","ping_status":"closed","template":"","meta":[],"product_cat":[4318],"product_tag":[],"acf":[],"gallery_images":[3136689,3136695,3136701,3136713,3136719],"_links":{"self":[{"href":"https:\/\/eu.tilta.com\/fr\/wp-json\/wp\/v2\/product\/3137043"}],"collection":[{"href":"https:\/\/eu.tilta.com\/fr\/wp-json\/wp\/v2\/product"}],"about":[{"href":"https:\/\/eu.tilta.com\/fr\/wp-json\/wp\/v2\/types\/product"}],"replies":[{"embeddable":true,"href":"https:\/\/eu.tilta.com\/fr\/wp-json\/wp\/v2\/comments?post=3137043"}],"wp:featuredmedia":[{"embeddable":true,"href":"https:\/\/eu.tilta.com\/fr\/wp-json\/wp\/v2\/media\/3136707"}],"wp:attachment":[{"href":"https:\/\/eu.tilta.com\/fr\/wp-json\/wp\/v2\/media?parent=3137043"}],"wp:term":[{"taxonomy":"product_cat","embeddable":true,"href":"https:\/\/eu.tilta.com\/fr\/wp-json\/wp\/v2\/product_cat?post=3137043"},{"taxonomy":"product_tag","embeddable":true,"href":"https:\/\/eu.tilta.com\/fr\/wp-json\/wp\/v2\/product_tag?post=3137043"}],"curies":[{"name":"wp","href":"https:\/\/api.w.org\/{rel}","templated":true}]}}