{"id":3137066,"date":"2025-09-08T08:27:23","date_gmt":"2025-09-08T06:27:23","guid":{"rendered":"https:\/\/eu.tilta.com\/shop\/plaque-de-montage-horizontale-pour-la-cage-de-la-camera-insta360-x5-gris-titane\/"},"modified":"2026-02-07T09:35:11","modified_gmt":"2026-02-07T08:35:11","slug":"horizontal-mounting-plate-for-insta360-x5-camera-cage-titanium-grey","status":"publish","type":"product","link":"https:\/\/eu.tilta.com\/fr\/shop\/horizontal-mounting-plate-for-insta360-x5-camera-cage-titanium-grey\/","title":{"rendered":"Plaque de montage horizontale pour la cage de la cam\u00e9ra Insta360 X5 &#8211; Gris titane"},"content":{"rendered":"<p data-start=\"143\" data-end=\"223\">Voici la <strong data-start=\"159\" data-end=\"220\">plaque de montage horizontale pour la cage de la cam\u00e9ra Insta360 X5<\/strong>.<\/p>\n<p data-start=\"225\" data-end=\"444\">Cet accessoire permet aux utilisateurs de monter leur Insta360 X5 \u00e0 l&#8217;horizontale, ce qui am\u00e9liore la stabilit\u00e9 en abaissant le centre de gravit\u00e9. Cette configuration est particuli\u00e8rement avantageuse pour les configurations dynamiques telles que les prises de vue de voitures.<\/p>\n<p data-start=\"446\" data-end=\"659\">La plaque de montage est con\u00e7ue pour une installation rapide sans outils : il suffit de la visser \u00e0 la main sur la cage Insta360 X5. Veuillez noter que cet accessoire doit \u00eatre utilis\u00e9 en combinaison avec la cage Insta360 X5.<\/p>\n","protected":false},"excerpt":{"rendered":"<p>Voici la plaque de montage horizontale pour la cage de la cam\u00e9ra Insta360 X5. Cet accessoire permet aux utilisateurs de monter leur Insta360 X5 \u00e0 l&#8217;horizontale, ce qui am\u00e9liore la stabilit\u00e9 en abaissant le centre de gravit\u00e9. Cette configuration est [&hellip;]<\/p>\n","protected":false},"featured_media":2825929,"comment_status":"open","ping_status":"closed","template":"","meta":[],"product_cat":[4336],"product_tag":[],"acf":[],"gallery_images":[2825936,2825942,2825950,2825963,2825957],"_links":{"self":[{"href":"https:\/\/eu.tilta.com\/fr\/wp-json\/wp\/v2\/product\/3137066"}],"collection":[{"href":"https:\/\/eu.tilta.com\/fr\/wp-json\/wp\/v2\/product"}],"about":[{"href":"https:\/\/eu.tilta.com\/fr\/wp-json\/wp\/v2\/types\/product"}],"replies":[{"embeddable":true,"href":"https:\/\/eu.tilta.com\/fr\/wp-json\/wp\/v2\/comments?post=3137066"}],"wp:featuredmedia":[{"embeddable":true,"href":"https:\/\/eu.tilta.com\/fr\/wp-json\/wp\/v2\/media\/2825929"}],"wp:attachment":[{"href":"https:\/\/eu.tilta.com\/fr\/wp-json\/wp\/v2\/media?parent=3137066"}],"wp:term":[{"taxonomy":"product_cat","embeddable":true,"href":"https:\/\/eu.tilta.com\/fr\/wp-json\/wp\/v2\/product_cat?post=3137066"},{"taxonomy":"product_tag","embeddable":true,"href":"https:\/\/eu.tilta.com\/fr\/wp-json\/wp\/v2\/product_tag?post=3137066"}],"curies":[{"name":"wp","href":"https:\/\/api.w.org\/{rel}","templated":true}]}}