{"id":3137071,"date":"2025-08-21T08:10:58","date_gmt":"2025-08-21T06:10:58","guid":{"rendered":"https:\/\/eu.tilta.com\/shop\/fe-x-pac-earbud-carrying-case-noir-gris\/"},"modified":"2026-04-15T04:03:15","modified_gmt":"2026-04-15T02:03:15","slug":"fe-x-pac-earbud-carrying-case-black-grey","status":"publish","type":"product","link":"https:\/\/eu.tilta.com\/fr\/shop\/fe-x-pac-earbud-carrying-case-black-grey\/","title":{"rendered":"Fe X-Pac Earbud Carrying Case &#8211; Noir\/Gris"},"content":{"rendered":"<div class=\"overview-text\">\n<p><em>Pr\u00e9sentation de l&#8217;\u00e9tui de transport pour oreillettes Fe X-Pac<\/em><\/p>\n<p>Cet \u00e9tui est une solution compacte et polyvalente pour le transport quotidien, con\u00e7ue pour ceux qui veulent garder leurs objets essentiels \u00e0 port\u00e9e de main.<\/p>\n<p>Con\u00e7u pour accueillir vos lunettes de vue ou de soleil en toute s\u00e9curit\u00e9, cet \u00e9tui l\u00e9ger est dot\u00e9 d&#8217;un bouton pression en r\u00e9sine durable pour une fermeture audacieuse et tactile.<\/p>\n<p>Chaque d\u00e9tail de l&#8217;\u00e9tui pour \u00e9couteurs Fe est soigneusement \u00e9tudi\u00e9. Le crochet en S \u00e9lastique est un mousqueton polyvalent en alliage d&#8217;aluminium pour une fixation s\u00fbre aux sacs, aux ceintures ou au mat\u00e9riel.<\/p>\n<p>X-Pac\u00ae VX21 se caract\u00e9rise par une tr\u00e8s grande durabilit\u00e9, la couche ext\u00e9rieure en taffetas de nylon \u00e9tant tr\u00e8s r\u00e9sistante aux rayures et \u00e0 l&#8217;abrasion. Ils offrent une r\u00e9sistance et une durabilit\u00e9 exceptionnelles pour un poids tr\u00e8s l\u00e9ger.<\/p>\n<p>L&#8217;\u00e9tui de transport pour \u00e9couteurs Fe X-Pac est un excellent moyen de garder vos \u00e9l\u00e9ments essentiels organis\u00e9s, accessibles et prot\u00e9g\u00e9s.<\/p>\n<\/div>\n","protected":false},"excerpt":{"rendered":"<p>Pr\u00e9sentation de l&#8217;\u00e9tui de transport pour oreillettes Fe X-Pac Cet \u00e9tui est une solution compacte et polyvalente pour le transport quotidien, con\u00e7ue pour ceux qui veulent garder leurs objets essentiels \u00e0 port\u00e9e de main. Con\u00e7u pour accueillir vos lunettes de [&hellip;]<\/p>\n","protected":false},"featured_media":2717846,"comment_status":"open","ping_status":"closed","template":"","meta":[],"product_cat":[4493,884,2064],"product_tag":[],"acf":[],"gallery_images":[2717852,2717858,2717828,2717834,2717840],"_links":{"self":[{"href":"https:\/\/eu.tilta.com\/fr\/wp-json\/wp\/v2\/product\/3137071"}],"collection":[{"href":"https:\/\/eu.tilta.com\/fr\/wp-json\/wp\/v2\/product"}],"about":[{"href":"https:\/\/eu.tilta.com\/fr\/wp-json\/wp\/v2\/types\/product"}],"replies":[{"embeddable":true,"href":"https:\/\/eu.tilta.com\/fr\/wp-json\/wp\/v2\/comments?post=3137071"}],"wp:featuredmedia":[{"embeddable":true,"href":"https:\/\/eu.tilta.com\/fr\/wp-json\/wp\/v2\/media\/2717846"}],"wp:attachment":[{"href":"https:\/\/eu.tilta.com\/fr\/wp-json\/wp\/v2\/media?parent=3137071"}],"wp:term":[{"taxonomy":"product_cat","embeddable":true,"href":"https:\/\/eu.tilta.com\/fr\/wp-json\/wp\/v2\/product_cat?post=3137071"},{"taxonomy":"product_tag","embeddable":true,"href":"https:\/\/eu.tilta.com\/fr\/wp-json\/wp\/v2\/product_tag?post=3137071"}],"curies":[{"name":"wp","href":"https:\/\/api.w.org\/{rel}","templated":true}]}}