{"id":3137099,"date":"2025-11-03T10:45:48","date_gmt":"2025-11-03T09:45:48","guid":{"rendered":"https:\/\/eu.tilta.com\/shop\/support-dextension-pour-poteau-de-support-ajustable-hydra\/"},"modified":"2025-12-05T14:43:34","modified_gmt":"2025-12-05T13:43:34","slug":"extension-bracket-for-hydra-adjustable-support-post","status":"publish","type":"product","link":"https:\/\/eu.tilta.com\/fr\/shop\/extension-bracket-for-hydra-adjustable-support-post\/","title":{"rendered":"Support d&#8217;extension pour poteau de support ajustable Hydra"},"content":{"rendered":"<p data-start=\"203\" data-end=\"330\">Le support d&#8217;extension pour le poteau de support r\u00e9glable Hydra ajoute une port\u00e9e suppl\u00e9mentaire et un positionnement flexible \u00e0 votre \u00e9quipement embarqu\u00e9.<\/p>\n<p data-start=\"332\" data-end=\"675\">Con\u00e7u pour les installations multi-cam\u00e9ras et de diffusion en direct, ce support permet aux utilisateurs d&#8217;allonger la longueur du support pour mieux s&#8217;adapter aux diff\u00e9rents int\u00e9rieurs de voiture. Le joint pivotant permet au support d&#8217;ajuster l&#8217;angle de montage, ce qui facilite l&#8217;alignement de la ventouse sur des surfaces irr\u00e9guli\u00e8res telles que des pare-brise ou des toits ouvrants inclin\u00e9s.<\/p>\n<p data-start=\"677\" data-end=\"870\">De multiples filetages \u00bc\u2033-20 avec des points de positionnement courent le long du corps du support, ce qui vous permet de monter des accessoires suppl\u00e9mentaires ou de combiner plusieurs supports pour obtenir une plus grande extension si n\u00e9cessaire.<\/p>\n<p data-start=\"872\" data-end=\"1081\">Associ\u00e9 au support r\u00e9glable Hydra, ce support augmente la flexibilit\u00e9 de montage et la capacit\u00e9 de r\u00e9glage, cr\u00e9ant ainsi un syst\u00e8me de montage de cam\u00e9ra plus adaptable et plus s\u00fbr pour les installations complexes dans les voitures.<\/p>\n","protected":false},"excerpt":{"rendered":"<p>Le support d&#8217;extension pour le poteau de support r\u00e9glable Hydra ajoute une port\u00e9e suppl\u00e9mentaire et un positionnement flexible \u00e0 votre \u00e9quipement embarqu\u00e9. Con\u00e7u pour les installations multi-cam\u00e9ras et de diffusion en direct, ce support permet aux utilisateurs d&#8217;allonger la longueur [&hellip;]<\/p>\n","protected":false},"featured_media":3136651,"comment_status":"open","ping_status":"closed","template":"","meta":[],"product_cat":[4318],"product_tag":[],"acf":[],"gallery_images":[3136657,3136663],"_links":{"self":[{"href":"https:\/\/eu.tilta.com\/fr\/wp-json\/wp\/v2\/product\/3137099"}],"collection":[{"href":"https:\/\/eu.tilta.com\/fr\/wp-json\/wp\/v2\/product"}],"about":[{"href":"https:\/\/eu.tilta.com\/fr\/wp-json\/wp\/v2\/types\/product"}],"replies":[{"embeddable":true,"href":"https:\/\/eu.tilta.com\/fr\/wp-json\/wp\/v2\/comments?post=3137099"}],"wp:featuredmedia":[{"embeddable":true,"href":"https:\/\/eu.tilta.com\/fr\/wp-json\/wp\/v2\/media\/3136651"}],"wp:attachment":[{"href":"https:\/\/eu.tilta.com\/fr\/wp-json\/wp\/v2\/media?parent=3137099"}],"wp:term":[{"taxonomy":"product_cat","embeddable":true,"href":"https:\/\/eu.tilta.com\/fr\/wp-json\/wp\/v2\/product_cat?post=3137099"},{"taxonomy":"product_tag","embeddable":true,"href":"https:\/\/eu.tilta.com\/fr\/wp-json\/wp\/v2\/product_tag?post=3137099"}],"curies":[{"name":"wp","href":"https:\/\/api.w.org\/{rel}","templated":true}]}}