{"id":3137812,"date":"2025-11-12T07:18:21","date_gmt":"2025-11-12T06:18:21","guid":{"rendered":"https:\/\/eu.tilta.com\/shop\/tilta-top-handle-extension-v2-noir\/"},"modified":"2025-12-05T14:44:06","modified_gmt":"2025-12-05T13:44:06","slug":"tilta-top-handle-extension-v2-black","status":"publish","type":"product","link":"https:\/\/eu.tilta.com\/fr\/shop\/tilta-top-handle-extension-v2-black\/","title":{"rendered":"Tilta Top Handle Extension V2 &#8211; Noir"},"content":{"rendered":"<p><strong>Introduction de l&#8217;extension de la poign\u00e9e sup\u00e9rieure V2  <\/strong><\/p>\n<p>Cet accessoire d&#8217;extension est compatible avec la poign\u00e9e sup\u00e9rieure Fujifilm GFX ETERNA ainsi qu&#8217;avec toutes les autres poign\u00e9es sup\u00e9rieures dot\u00e9es d&#8217;un filetage 3\/8\u2033-16 avec points de rep\u00e8re.<\/p>\n<p>Cela permet aux utilisateurs d&#8217;\u00e9tendre leur poign\u00e9e sup\u00e9rieure, ce qui offre des points de fixation suppl\u00e9mentaires et une plus grande flexibilit\u00e9 lors de la manipulation.<\/p>\n<p>Cette extension comprend une section amovible qui permet aux utilisateurs d&#8217;ajuster la longueur de la poign\u00e9e si n\u00e9cessaire pour accueillir des batteries plus grandes ou plus petites.<\/p>\n<p>La conception incurv\u00e9e de cette extension de poign\u00e9e est une excellente option pour \u00e9largir les possibilit\u00e9s d&#8217;utilisation de l&#8217;appareil photo, en particulier \u00e0 des angles plus faibles.<\/p>\n","protected":false},"excerpt":{"rendered":"<p>Introduction de l&#8217;extension de la poign\u00e9e sup\u00e9rieure V2 Cet accessoire d&#8217;extension est compatible avec la poign\u00e9e sup\u00e9rieure Fujifilm GFX ETERNA ainsi qu&#8217;avec toutes les autres poign\u00e9es sup\u00e9rieures dot\u00e9es d&#8217;un filetage 3\/8\u2033-16 avec points de rep\u00e8re. Cela permet aux utilisateurs d&#8217;\u00e9tendre [&hellip;]<\/p>\n","protected":false},"featured_media":3137661,"comment_status":"open","ping_status":"closed","template":"","meta":[],"product_cat":[4371],"product_tag":[],"acf":[],"gallery_images":[3137655],"_links":{"self":[{"href":"https:\/\/eu.tilta.com\/fr\/wp-json\/wp\/v2\/product\/3137812"}],"collection":[{"href":"https:\/\/eu.tilta.com\/fr\/wp-json\/wp\/v2\/product"}],"about":[{"href":"https:\/\/eu.tilta.com\/fr\/wp-json\/wp\/v2\/types\/product"}],"replies":[{"embeddable":true,"href":"https:\/\/eu.tilta.com\/fr\/wp-json\/wp\/v2\/comments?post=3137812"}],"wp:featuredmedia":[{"embeddable":true,"href":"https:\/\/eu.tilta.com\/fr\/wp-json\/wp\/v2\/media\/3137661"}],"wp:attachment":[{"href":"https:\/\/eu.tilta.com\/fr\/wp-json\/wp\/v2\/media?parent=3137812"}],"wp:term":[{"taxonomy":"product_cat","embeddable":true,"href":"https:\/\/eu.tilta.com\/fr\/wp-json\/wp\/v2\/product_cat?post=3137812"},{"taxonomy":"product_tag","embeddable":true,"href":"https:\/\/eu.tilta.com\/fr\/wp-json\/wp\/v2\/product_tag?post=3137812"}],"curies":[{"name":"wp","href":"https:\/\/api.w.org\/{rel}","templated":true}]}}