{"id":3139204,"date":"2025-11-06T10:53:36","date_gmt":"2025-11-06T09:53:36","guid":{"rendered":"https:\/\/eu.tilta.com\/shop\/support-de-filtre-magnetique-a-degagement-rapide-khronos-pour-iphone-17-pro-pro-max\/"},"modified":"2026-03-30T05:49:56","modified_gmt":"2026-03-30T03:49:56","slug":"khronos-quick-release-magnetic-filter-tray-for-iphone-17-pro-pro-max","status":"publish","type":"product","link":"https:\/\/eu.tilta.com\/fr\/shop\/khronos-quick-release-magnetic-filter-tray-for-iphone-17-pro-pro-max\/","title":{"rendered":"Support de filtre magn\u00e9tique \u00e0 d\u00e9gagement rapide Khronos pour iPhone 17 Pro\/Pro Max"},"content":{"rendered":"<p><em>Pr\u00e9sentation du porte-filtre \u00e0 d\u00e9gagement rapide Khronos pour iPhone 17 Pro\/Pro Max<\/em><\/p>\n<p>Ce porte-filtre permet aux utilisateurs de monter des filtres tels que le filtre magn\u00e9tique FSND, le <a href=\"https:\/\/eu.tilta.com\/shop\/khronos-magnetic-white-mist-filter-for-iphone\/\">filtre White Mist<\/a> et le <a href=\"https:\/\/eu.tilta.com\/shop\/khronos-magnetic-black-mist-filter-for-iphone\/\">filtre Black Mist<\/a> de Khronos sur leur \u00e9tui Khronos pour iPhone 17 Pro\/Pro Max ainsi que sur l&#8217;\u00e9tui Khronos Lite pour iPhone 17 Pro\/Pro Max.<\/p>\n<p>Le plateau se glisse et se verrouille dans la fente de l&#8217;\u00e9tui lui-m\u00eame et se s\u00e9curise gr\u00e2ce \u00e0 une boucle de s\u00e9curit\u00e9 qui se clipse en place et emp\u00eache le plateau de glisser.<\/p>\n<p>Pour l&#8217;enlever, les utilisateurs peuvent appuyer sur cette boucle pour lib\u00e9rer le loquet et faire glisser le plateau vers l&#8217;ext\u00e9rieur.<\/p>\n","protected":false},"excerpt":{"rendered":"<p>Pr\u00e9sentation du porte-filtre \u00e0 d\u00e9gagement rapide Khronos pour iPhone 17 Pro\/Pro Max Ce porte-filtre permet aux utilisateurs de monter des filtres tels que le filtre magn\u00e9tique FSND, le filtre White Mist et le filtre Black Mist de Khronos sur leur [&hellip;]<\/p>\n","protected":false},"featured_media":3137467,"comment_status":"open","ping_status":"closed","template":"","meta":[],"product_cat":[4496,865],"product_tag":[],"acf":[],"gallery_images":[3137460],"_links":{"self":[{"href":"https:\/\/eu.tilta.com\/fr\/wp-json\/wp\/v2\/product\/3139204"}],"collection":[{"href":"https:\/\/eu.tilta.com\/fr\/wp-json\/wp\/v2\/product"}],"about":[{"href":"https:\/\/eu.tilta.com\/fr\/wp-json\/wp\/v2\/types\/product"}],"replies":[{"embeddable":true,"href":"https:\/\/eu.tilta.com\/fr\/wp-json\/wp\/v2\/comments?post=3139204"}],"wp:featuredmedia":[{"embeddable":true,"href":"https:\/\/eu.tilta.com\/fr\/wp-json\/wp\/v2\/media\/3137467"}],"wp:attachment":[{"href":"https:\/\/eu.tilta.com\/fr\/wp-json\/wp\/v2\/media?parent=3139204"}],"wp:term":[{"taxonomy":"product_cat","embeddable":true,"href":"https:\/\/eu.tilta.com\/fr\/wp-json\/wp\/v2\/product_cat?post=3139204"},{"taxonomy":"product_tag","embeddable":true,"href":"https:\/\/eu.tilta.com\/fr\/wp-json\/wp\/v2\/product_tag?post=3139204"}],"curies":[{"name":"wp","href":"https:\/\/api.w.org\/{rel}","templated":true}]}}