{"id":3139219,"date":"2025-11-05T10:57:38","date_gmt":"2025-11-05T09:57:38","guid":{"rendered":"https:\/\/eu.tilta.com\/shop\/kit-de-creation-khronos-lite-iphone-17-pro-pro-max\/"},"modified":"2026-04-08T14:17:56","modified_gmt":"2026-04-08T12:17:56","slug":"khronos-lite-iphone-17-pro-pro-max-creator-kit","status":"publish","type":"product","link":"https:\/\/eu.tilta.com\/fr\/shop\/khronos-lite-iphone-17-pro-pro-max-creator-kit\/","title":{"rendered":"Kit de cr\u00e9ation Khronos Lite iPhone 17 Pro\/Pro Max"},"content":{"rendered":"<div class=\"overview-text\">\n<p data-start=\"198\" data-end=\"250\">Pr\u00e9sentation du kit de cr\u00e9ation Khronos Lite pour iPhone 17 Pro\/Pro Max<\/p>\n<p data-start=\"198\" data-end=\"250\">Des performances professionnelles, plus l\u00e9g\u00e8res que jamais.<\/p>\n<p data-start=\"252\" data-end=\"346\">D\u00e9couvrez l&#8217;\u00e9quilibre parfait entre la facilit\u00e9 d&#8217;utilisation au quotidien et la capacit\u00e9 de r\u00e9alisation de films professionnels.<\/p>\n<p data-start=\"348\" data-end=\"534\">L&#8217;\u00e9tui Khronos Lite Case est dot\u00e9 d&#8217;une b\u00e9quille int\u00e9gr\u00e9e qui prend en charge les orientations horizontales et verticales &#8211; id\u00e9al pour les appels vid\u00e9o mains libres, la diffusion en continu ou les sessions d&#8217;\u00e9tude.<\/p>\n<p data-start=\"536\" data-end=\"738\">Sa plaque arri\u00e8re magn\u00e9tique se connecte en toute transparence \u00e0 une vari\u00e9t\u00e9 d&#8217;accessoires magn\u00e9tiques tels que des porte-cartes, des lumi\u00e8res LED, des disques SSD, des banques d&#8217;alimentation ou des ventilateurs de refroidissement, \u00e9largissant ainsi votre configuration sans l&#8217;encombrer.<\/p>\n<p data-start=\"740\" data-end=\"1027\">La poign\u00e9e Bluetooth l\u00e9g\u00e8re incluse se monte directement sur l&#8217;\u00e9tui via les points de montage de la b\u00e9quille &#8211; en laissant votre port USB-C compl\u00e8tement libre. Gr\u00e2ce \u00e0 la connexion Bluetooth, vous pouvez contr\u00f4ler intuitivement la mise au point, le zoom, l&#8217;obturateur et l&#8217;enregistrement sans toucher l&#8217;\u00e9cran.<\/p>\n<p data-start=\"1029\" data-end=\"1261\">Ce kit comprend \u00e9galement un filtre ND variable de 58 mm (1-5 diaphragmes) et un polariseur de 58 mm avec effet Black Mist 1\/2 int\u00e9gr\u00e9, vous donnant un contr\u00f4le cin\u00e9matographique sur l&#8217;exposition, les reflets et la texture de l&#8217;image dans n&#8217;importe quelle condition de prise de vue.<\/p>\n<p data-start=\"1263\" data-end=\"1475\">Parfait pour les cr\u00e9ateurs qui veulent garder leur iPhone aussi l\u00e9ger et pratique que possible, tout en ayant la libert\u00e9 de le transformer instantan\u00e9ment en un v\u00e9ritable appareil photo professionnel d\u00e8s que l&#8217;inspiration leur vient.<\/p>\n<\/div>\n","protected":false},"excerpt":{"rendered":"<p>Pr\u00e9sentation du kit de cr\u00e9ation Khronos Lite pour iPhone 17 Pro\/Pro Max Des performances professionnelles, plus l\u00e9g\u00e8res que jamais. D\u00e9couvrez l&#8217;\u00e9quilibre parfait entre la facilit\u00e9 d&#8217;utilisation au quotidien et la capacit\u00e9 de r\u00e9alisation de films professionnels. L&#8217;\u00e9tui Khronos Lite Case [&hellip;]<\/p>\n","protected":false},"featured_media":3137361,"comment_status":"open","ping_status":"closed","template":"","meta":[],"product_cat":[],"product_tag":[],"acf":[],"gallery_images":[3137367,3137373,3137379],"_links":{"self":[{"href":"https:\/\/eu.tilta.com\/fr\/wp-json\/wp\/v2\/product\/3139219"}],"collection":[{"href":"https:\/\/eu.tilta.com\/fr\/wp-json\/wp\/v2\/product"}],"about":[{"href":"https:\/\/eu.tilta.com\/fr\/wp-json\/wp\/v2\/types\/product"}],"replies":[{"embeddable":true,"href":"https:\/\/eu.tilta.com\/fr\/wp-json\/wp\/v2\/comments?post=3139219"}],"wp:featuredmedia":[{"embeddable":true,"href":"https:\/\/eu.tilta.com\/fr\/wp-json\/wp\/v2\/media\/3137361"}],"wp:attachment":[{"href":"https:\/\/eu.tilta.com\/fr\/wp-json\/wp\/v2\/media?parent=3139219"}],"wp:term":[{"taxonomy":"product_cat","embeddable":true,"href":"https:\/\/eu.tilta.com\/fr\/wp-json\/wp\/v2\/product_cat?post=3139219"},{"taxonomy":"product_tag","embeddable":true,"href":"https:\/\/eu.tilta.com\/fr\/wp-json\/wp\/v2\/product_tag?post=3139219"}],"curies":[{"name":"wp","href":"https:\/\/api.w.org\/{rel}","templated":true}]}}