{"id":3145233,"date":"2026-04-17T12:37:41","date_gmt":"2026-04-17T10:37:41","guid":{"rendered":"https:\/\/eu.tilta.com\/shop\/ventouse-electronique-avec-montage-en-queue-daronde-4-5%e2%80%b3\/"},"modified":"2026-04-17T12:37:41","modified_gmt":"2026-04-17T10:37:41","slug":"electronic-suction-cup-with-dovetail-mount-4-5%e2%80%b3","status":"publish","type":"product","link":"https:\/\/eu.tilta.com\/fr\/shop\/electronic-suction-cup-with-dovetail-mount-4-5%e2%80%b3\/","title":{"rendered":"Ventouse \u00e9lectronique avec montage en queue d&#8217;aronde (4.5\u2033)"},"content":{"rendered":"<p>TILTA n&#8217;est pas responsable des dommages, blessures ou responsabilit\u00e9s l\u00e9gales caus\u00e9s directement ou indirectement par l&#8217;utilisation de ce produit. En utilisant ce produit, vous \u00eates r\u00e9put\u00e9 avoir accept\u00e9 tous les termes du manuel de l&#8217;utilisateur, qui peut \u00eatre consult\u00e9 <a href=\"https:\/\/cdn.tilta.com\/wp-content\/uploads\/2024\/05\/29091546\/4.5%E5%AF%B8%E7%94%B5%E5%8A%A8%E5%90%B8%E7%9B%98%E2%80%94%E2%80%94%E4%B8%AD%E8%8B%B1%E8%AF%B4%E6%98%8E%E4%B9%A6%EF%BC%88%E5%AE%98%E7%BD%91%E7%89%88%EF%BC%89%E8%BD%AC%E6%9B%B2.pdf\">ICI.<\/a><\/p>\n<p>Voici la ventouse \u00e9lectronique Hydra avec montage en queue d&#8217;aronde.<\/p>\n<p>Ces ventouses de nouvelle g\u00e9n\u00e9ration sont dot\u00e9es d&#8217;un syst\u00e8me de d\u00e9tection de la pression de l&#8217;air qui surveille 1000 fois par seconde afin de reconna\u00eetre et d&#8217;afficher des informations sur l&#8217;\u00e9tat de la ventouse sur un \u00e9cran \u00e9lectronique. Lorsque le syst\u00e8me d\u00e9tecte une perte de pression, le moteur pompe automatiquement de l&#8217;air suppl\u00e9mentaire afin d&#8217;\u00e9viter que les ventouses ne se d\u00e9tachent.<\/p>\n<p>Ce moteur int\u00e9gr\u00e9 \u00e0 haute performance est aliment\u00e9 par une batterie interne et r\u00e9alise l&#8217;aspiration \u00e9lectronique en *5 secondes, ce qui augmente consid\u00e9rablement la vitesse \u00e0 laquelle ces ventouses peuvent \u00eatre fix\u00e9es.<\/p>\n<p>Cette batterie de 2000mAh peut fonctionner pendant plus de 14 heures en continu dans des conditions normales. La batterie prend \u00e9galement en charge une entr\u00e9e d&#8217;alimentation externe USB-C de 5V\/1A, ce qui permet de r\u00e9aliser des prises de vue ininterrompues encore plus longues via des sources d&#8217;alimentation suppl\u00e9mentaires.<\/p>\n<p>La structure m\u00e9canique de la ventouse a \u00e9t\u00e9 am\u00e9lior\u00e9e gr\u00e2ce \u00e0 une structure optimis\u00e9e pr\u00e9sentant un nouveau design compartiment\u00e9. La surface de contact est ainsi augment\u00e9e de 20 % par rapport aux ventouses standard, pour une stabilit\u00e9 et une fiabilit\u00e9 accrues.<\/p>\n<p>La conception modulaire permet d&#8217;utiliser diff\u00e9rentes plaques de montage, ce qui facilite l&#8217;utilisation de ces ventouses avec diff\u00e9rents syst\u00e8mes de support. Le support inclus est compatible avec les plaques \u00e0 queue d&#8217;aronde incluses dans le syst\u00e8me de montage Hydra Alien Pro Car.<\/p>\n<p>Les autres options de montage comprennent la prise en charge du filetage M25 de l&#8217;Hydra Alien, de l&#8217;OTAN, ainsi qu&#8217;une option Universal Multi-Mount permettant de couvrir un large \u00e9ventail de sc\u00e9narios.<\/p>\n<p>Remarque : avant de l&#8217;utiliser, nettoyez la surface \u00e0 laquelle elle est destin\u00e9e et assurez-vous que la ventouse est bien fix\u00e9e \u00e0 la surface. Une petite quantit\u00e9 d&#8217;humidit\u00e9 peut contribuer \u00e0 am\u00e9liorer l&#8217;\u00e9tanch\u00e9it\u00e9 et \u00e0 augmenter la force d&#8217;aspiration. Lorsque vous utilisez la ventouse sur une surface humide, l&#8217;orifice d&#8217;\u00e9chappement\/de d\u00e9charge du liquide expulse du liquide, ce qui est normal.<\/p>\n<p>AVIS DE S\u00c9CURIT\u00c9 POUR LA VENTOUSE \u00c9LECTRONIQUE :<\/p>\n<p>La ventouse \u00e9lectronique, comme les autres ventouses, peut laisser des traces sur diverses surfaces. Il est recommand\u00e9 de prendre des pr\u00e9cautions telles que l&#8217;utilisation d&#8217;un film protecteur ou d&#8217;autres mat\u00e9riaux pour prot\u00e9ger la surface utilis\u00e9e. L&#8217;utilisation de ces ventouses en plein soleil ou dans des environnements plus chauds peut augmenter le risque de laisser une marque. Il n&#8217;est pas recommand\u00e9 d&#8217;utiliser ces ventouses avec des v\u00e9hicules emball\u00e9s.<\/p>\n<p>Il est recommand\u00e9 d&#8217;utiliser cette ventouse sur une surface plane, le poids du bras \u00e9tant \u00e9quilibr\u00e9 au centre de la ventouse. L&#8217;extension du bras au-del\u00e0 de la ventouse ou le montage lat\u00e9ral de la ventouse peut augmenter le risque de d\u00e9faillance. Dans ces situations, nous vous recommandons de prendre des pr\u00e9cautions suppl\u00e9mentaires, par exemple en s\u00e9curisant davantage le syst\u00e8me \u00e0 l&#8217;aide de sangles \u00e0 cliquet ou de cha\u00eenes de s\u00e9curit\u00e9.<\/p>\n<p>Ind\u00e9pendamment des mesures de s\u00e9curit\u00e9 suppl\u00e9mentaires, nous recommandons toujours de pousser la ventouse vers le bas lorsque vous la fixez pour la premi\u00e8re fois sur une surface. La ventouse doit \u00eatre aussi plate que possible contre la surface et doit para\u00eetre nettement plus plate que lorsqu&#8217;elle n&#8217;est pas fix\u00e9e. Fixer la ventouse sans exercer de force physique peut augmenter consid\u00e9rablement le risque de d\u00e9connexion accidentelle.<\/p>\n","protected":false},"excerpt":{"rendered":"<p>TILTA n&#8217;est pas responsable des dommages, blessures ou responsabilit\u00e9s l\u00e9gales caus\u00e9s directement ou indirectement par l&#8217;utilisation de ce produit. En utilisant ce produit, vous \u00eates r\u00e9put\u00e9 avoir accept\u00e9 tous les termes du manuel de l&#8217;utilisateur, qui peut \u00eatre consult\u00e9 ICI. [&hellip;]<\/p>\n","protected":false},"featured_media":3145217,"comment_status":"open","ping_status":"closed","template":"","meta":[],"product_cat":[1894],"product_tag":[],"acf":[],"gallery_images":[3145227,3145222],"_links":{"self":[{"href":"https:\/\/eu.tilta.com\/fr\/wp-json\/wp\/v2\/product\/3145233"}],"collection":[{"href":"https:\/\/eu.tilta.com\/fr\/wp-json\/wp\/v2\/product"}],"about":[{"href":"https:\/\/eu.tilta.com\/fr\/wp-json\/wp\/v2\/types\/product"}],"replies":[{"embeddable":true,"href":"https:\/\/eu.tilta.com\/fr\/wp-json\/wp\/v2\/comments?post=3145233"}],"wp:featuredmedia":[{"embeddable":true,"href":"https:\/\/eu.tilta.com\/fr\/wp-json\/wp\/v2\/media\/3145217"}],"wp:attachment":[{"href":"https:\/\/eu.tilta.com\/fr\/wp-json\/wp\/v2\/media?parent=3145233"}],"wp:term":[{"taxonomy":"product_cat","embeddable":true,"href":"https:\/\/eu.tilta.com\/fr\/wp-json\/wp\/v2\/product_cat?post=3145233"},{"taxonomy":"product_tag","embeddable":true,"href":"https:\/\/eu.tilta.com\/fr\/wp-json\/wp\/v2\/product_tag?post=3145233"}],"curies":[{"name":"wp","href":"https:\/\/api.w.org\/{rel}","templated":true}]}}