{"id":3145240,"date":"2026-04-17T12:20:38","date_gmt":"2026-04-17T10:20:38","guid":{"rendered":"https:\/\/eu.tilta.com\/shop\/housse-de-voyage-protectrice-tilta-pour-dji-osmo-pocket-4\/"},"modified":"2026-04-17T12:20:38","modified_gmt":"2026-04-17T10:20:38","slug":"tilta-protective-travel-case-for-dji-osmo-pocket-4","status":"publish","type":"product","link":"https:\/\/eu.tilta.com\/fr\/shop\/tilta-protective-travel-case-for-dji-osmo-pocket-4\/","title":{"rendered":"Housse de voyage protectrice Tilta pour DJI Osmo Pocket 4"},"content":{"rendered":"<p>Voici l&#8217;\u00e9tui de voyage protecteur Tilta pour DJI Osmo Pocket 4 &#8211; un \u00e9tui de voyage en silicone \u00e0 couverture totale con\u00e7u sur mesure pour prot\u00e9ger votre cam\u00e9ra lors de chaque sortie.<\/p>\n<p>Compos\u00e9 d&#8217;une coque en silicone durable et d&#8217;un int\u00e9rieur doux et rembourr\u00e9, il prot\u00e8ge votre Pocket 4 des chocs, des rayures et de l&#8217;usure quotidienne, tout en le gardant bien en main.<\/p>\n<p>La structure \u00e0 boutons-pression sans soudure s&#8217;ouvre et se ferme en douceur, vous donnant un acc\u00e8s rapide chaque fois que vous en avez besoin.<\/p>\n<p>Trois emplacements magn\u00e9tiques int\u00e9gr\u00e9s pour le rangement des filtres permettent d&#8217;organiser vos filtres et de les monter \u00e0 tout moment, afin que vos accessoires les plus essentiels soient toujours avec vous.<\/p>\n<p>La finition mate permet \u00e0 l&#8217;ext\u00e9rieur de rester propre en \u00e9vitant les empreintes digitales et les taches d&#8217;huile.<\/p>\n<p>La conception de l&#8217;attache multi-points est compatible avec les bandouli\u00e8res, les lani\u00e8res et les bracelets, afin que vous puissiez le transporter \u00e0 votre guise &#8211; \u00e0 l&#8217;abri des chutes et toujours \u00e0 port\u00e9e de main.<\/p>\n<p>Disponible en vert citron, rose clair et bleu ciel.<\/p>\n","protected":false},"excerpt":{"rendered":"<p>Voici l&#8217;\u00e9tui de voyage protecteur Tilta pour DJI Osmo Pocket 4 &#8211; un \u00e9tui de voyage en silicone \u00e0 couverture totale con\u00e7u sur mesure pour prot\u00e9ger votre cam\u00e9ra lors de chaque sortie. Compos\u00e9 d&#8217;une coque en silicone durable et d&#8217;un [&hellip;]<\/p>\n","protected":false},"featured_media":3145172,"comment_status":"open","ping_status":"closed","template":"","meta":[],"product_cat":[4515],"product_tag":[],"acf":[],"gallery_images":[3145167,3145162,3145157],"_links":{"self":[{"href":"https:\/\/eu.tilta.com\/fr\/wp-json\/wp\/v2\/product\/3145240"}],"collection":[{"href":"https:\/\/eu.tilta.com\/fr\/wp-json\/wp\/v2\/product"}],"about":[{"href":"https:\/\/eu.tilta.com\/fr\/wp-json\/wp\/v2\/types\/product"}],"replies":[{"embeddable":true,"href":"https:\/\/eu.tilta.com\/fr\/wp-json\/wp\/v2\/comments?post=3145240"}],"wp:featuredmedia":[{"embeddable":true,"href":"https:\/\/eu.tilta.com\/fr\/wp-json\/wp\/v2\/media\/3145172"}],"wp:attachment":[{"href":"https:\/\/eu.tilta.com\/fr\/wp-json\/wp\/v2\/media?parent=3145240"}],"wp:term":[{"taxonomy":"product_cat","embeddable":true,"href":"https:\/\/eu.tilta.com\/fr\/wp-json\/wp\/v2\/product_cat?post=3145240"},{"taxonomy":"product_tag","embeddable":true,"href":"https:\/\/eu.tilta.com\/fr\/wp-json\/wp\/v2\/product_tag?post=3145240"}],"curies":[{"name":"wp","href":"https:\/\/api.w.org\/{rel}","templated":true}]}}