{"id":3145242,"date":"2026-04-17T12:33:44","date_gmt":"2026-04-17T10:33:44","guid":{"rendered":"https:\/\/eu.tilta.com\/shop\/banque-denergie-portable-pour-dji-osmo-pocket-4-noir\/"},"modified":"2026-04-17T12:33:44","modified_gmt":"2026-04-17T10:33:44","slug":"portable-power-bank-for-dji-osmo-pocket-4-black","status":"publish","type":"product","link":"https:\/\/eu.tilta.com\/fr\/shop\/portable-power-bank-for-dji-osmo-pocket-4-black\/","title":{"rendered":"Banque d&#8217;\u00e9nergie portable pour DJI Osmo Pocket 4 &#8211; Noir"},"content":{"rendered":"<p>Voici le banc d&#8217;alimentation portable Tilta pour DJI Osmo Pocket 4 &#8211; un banc d&#8217;alimentation de 5 000 mAh con\u00e7u pour s&#8217;int\u00e9grer directement \u00e0 la Pocket 4 comme une extension de poign\u00e9e transparente, offrant une charge de passage pendant que vous filmez, de sorte que vous n&#8217;ayez jamais \u00e0 vous arr\u00eater pour changer de batterie.<\/p>\n<p>Plut\u00f4t que de rester dans votre sac, il se fixe directement au fond du Pocket 4, fonctionnant comme une extension naturelle de la poign\u00e9e qui recharge l&#8217;appareil photo en continu pendant l&#8217;utilisation. Lorsque le banc d&#8217;alimentation n&#8217;est pas connect\u00e9 \u00e0 l&#8217;appareil photo, le couvercle de protection fourni coiffe le connecteur USB-C expos\u00e9 sur le dessus, le gardant affleurant, propre et prot\u00e9g\u00e9 de la poussi\u00e8re et des dommages.<\/p>\n<p>Le mini tr\u00e9pied de table inclus se d\u00e9ploie d&#8217;un simple coup, convertissant instantan\u00e9ment votre installation Pocket 4 en un mode de prise de vue stable sur le bureau &#8211; suffisamment compact pour \u00eatre emport\u00e9 partout et \u00e9galement compatible avec la Pocket 3.<\/p>\n","protected":false},"excerpt":{"rendered":"<p>Voici le banc d&#8217;alimentation portable Tilta pour DJI Osmo Pocket 4 &#8211; un banc d&#8217;alimentation de 5 000 mAh con\u00e7u pour s&#8217;int\u00e9grer directement \u00e0 la Pocket 4 comme une extension de poign\u00e9e transparente, offrant une charge de passage pendant que [&hellip;]<\/p>\n","protected":false},"featured_media":3145202,"comment_status":"open","ping_status":"closed","template":"","meta":[],"product_cat":[4515],"product_tag":[],"acf":[],"gallery_images":[3145207,3145212],"_links":{"self":[{"href":"https:\/\/eu.tilta.com\/fr\/wp-json\/wp\/v2\/product\/3145242"}],"collection":[{"href":"https:\/\/eu.tilta.com\/fr\/wp-json\/wp\/v2\/product"}],"about":[{"href":"https:\/\/eu.tilta.com\/fr\/wp-json\/wp\/v2\/types\/product"}],"replies":[{"embeddable":true,"href":"https:\/\/eu.tilta.com\/fr\/wp-json\/wp\/v2\/comments?post=3145242"}],"wp:featuredmedia":[{"embeddable":true,"href":"https:\/\/eu.tilta.com\/fr\/wp-json\/wp\/v2\/media\/3145202"}],"wp:attachment":[{"href":"https:\/\/eu.tilta.com\/fr\/wp-json\/wp\/v2\/media?parent=3145242"}],"wp:term":[{"taxonomy":"product_cat","embeddable":true,"href":"https:\/\/eu.tilta.com\/fr\/wp-json\/wp\/v2\/product_cat?post=3145242"},{"taxonomy":"product_tag","embeddable":true,"href":"https:\/\/eu.tilta.com\/fr\/wp-json\/wp\/v2\/product_tag?post=3145242"}],"curies":[{"name":"wp","href":"https:\/\/api.w.org\/{rel}","templated":true}]}}