{"id":3145257,"date":"2026-04-17T12:07:33","date_gmt":"2026-04-17T10:07:33","guid":{"rendered":"https:\/\/eu.tilta.com\/shop\/tilta-filter-storage-expander-pour-dji-osmo-pocket-3-4-noir\/"},"modified":"2026-04-17T12:07:33","modified_gmt":"2026-04-17T10:07:33","slug":"tilta-filter-storage-expander-for-dji-osmo-pocket-3-4-black","status":"publish","type":"product","link":"https:\/\/eu.tilta.com\/fr\/shop\/tilta-filter-storage-expander-for-dji-osmo-pocket-3-4-black\/","title":{"rendered":"Tilta Filter Storage Expander pour DJI Osmo Pocket 3\/4 &#8211; Noir"},"content":{"rendered":"<p>Voici le Tilta Filter Storage Expander pour DJI Osmo Pocket 3\/4 &#8211; un accessoire multifonctionnel qui se fixe directement sur votre Pocket 3 ou Pocket 4 et transforme la fa\u00e7on dont vous transportez, stockez et \u00e9changez vos filtres en d\u00e9placement.<\/p>\n<p>L&#8217;extension de stockage de filtres peut contenir jusqu&#8217;\u00e0 trois filtres simultan\u00e9ment, les gardant sur l&#8217;appareil photo et pr\u00eats \u00e0 \u00eatre utilis\u00e9s \u00e0 tout moment. Un m\u00e9canisme rotatif vous permet de s\u00e9lectionner instantan\u00e9ment le filtre dont vous avez besoin, et la conception de la plaque arri\u00e8re magn\u00e9tique garantit que chaque filtre se fixe solidement et se d\u00e9tache en un seul mouvement pour des \u00e9changes rapides et sans effort.<\/p>\n<p>Les pieds cach\u00e9s du tr\u00e9pied se d\u00e9plient d&#8217;un seul coup, transformant instantan\u00e9ment votre Pocket 3\/4 en une installation de prise de vue de bureau stable. Lorsqu&#8217;ils ne sont pas utilis\u00e9s, les pieds se replient \u00e0 plat et restent hors de port\u00e9e. Une fente int\u00e9gr\u00e9e vous permet d&#8217;attacher une dragonne pour plus de s\u00e9curit\u00e9 lors des prises de vue \u00e0 main lev\u00e9e.<\/p>\n","protected":false},"excerpt":{"rendered":"<p>Voici le Tilta Filter Storage Expander pour DJI Osmo Pocket 3\/4 &#8211; un accessoire multifonctionnel qui se fixe directement sur votre Pocket 3 ou Pocket 4 et transforme la fa\u00e7on dont vous transportez, stockez et \u00e9changez vos filtres en d\u00e9placement. [&hellip;]<\/p>\n","protected":false},"featured_media":3145097,"comment_status":"open","ping_status":"closed","template":"","meta":[],"product_cat":[2058,4515],"product_tag":[],"acf":[],"gallery_images":[3145102,3145107,3145112,3145117,3145122,3145132,3145127],"_links":{"self":[{"href":"https:\/\/eu.tilta.com\/fr\/wp-json\/wp\/v2\/product\/3145257"}],"collection":[{"href":"https:\/\/eu.tilta.com\/fr\/wp-json\/wp\/v2\/product"}],"about":[{"href":"https:\/\/eu.tilta.com\/fr\/wp-json\/wp\/v2\/types\/product"}],"replies":[{"embeddable":true,"href":"https:\/\/eu.tilta.com\/fr\/wp-json\/wp\/v2\/comments?post=3145257"}],"wp:featuredmedia":[{"embeddable":true,"href":"https:\/\/eu.tilta.com\/fr\/wp-json\/wp\/v2\/media\/3145097"}],"wp:attachment":[{"href":"https:\/\/eu.tilta.com\/fr\/wp-json\/wp\/v2\/media?parent=3145257"}],"wp:term":[{"taxonomy":"product_cat","embeddable":true,"href":"https:\/\/eu.tilta.com\/fr\/wp-json\/wp\/v2\/product_cat?post=3145257"},{"taxonomy":"product_tag","embeddable":true,"href":"https:\/\/eu.tilta.com\/fr\/wp-json\/wp\/v2\/product_tag?post=3145257"}],"curies":[{"name":"wp","href":"https:\/\/api.w.org\/{rel}","templated":true}]}}