{"id":3145260,"date":"2026-04-17T12:02:56","date_gmt":"2026-04-17T10:02:56","guid":{"rendered":"https:\/\/eu.tilta.com\/shop\/accessoires-dextension-tilta-pour-dji-osmo-pocket-3-4-kit-de-filtres\/"},"modified":"2026-04-17T12:02:56","modified_gmt":"2026-04-17T10:02:56","slug":"tilta-expansion-accessories-for-dji-osmo-pocket-3-4-filter-kit","status":"publish","type":"product","link":"https:\/\/eu.tilta.com\/fr\/shop\/tilta-expansion-accessories-for-dji-osmo-pocket-3-4-filter-kit\/","title":{"rendered":"Accessoires d&#8217;extension Tilta pour DJI Osmo Pocket 3\/4 Kit de filtres"},"content":{"rendered":"<p>Voici le kit de filtres Tilta Expansion Accessories pour DJI Osmo Pocket 4 &#8211; un ensemble d&#8217;outils rationalis\u00e9s con\u00e7us pour vous donner un contr\u00f4le cr\u00e9atif imm\u00e9diat sur votre image, directement sur la cam\u00e9ra.<\/p>\n<p>Le kit de filtres de base Tilta pour DJI Osmo Pocket 3\/4 comprend les trois filtres les plus essentiels pour toute prise de vue. Le ND variable (1-5 stops) vous offre un contr\u00f4le flexible de l&#8217;exposition dans une large gamme de conditions d&#8217;\u00e9clairage, vous permettant de maintenir un flou de mouvement cin\u00e9matographique sans faire dispara\u00eetre les hautes lumi\u00e8res. Le filtre Black Mist 1\/4 r\u00e9duit le contraste et ajoute une lueur subtile et onirique aux hautes lumi\u00e8res, pour un rendu soign\u00e9 et cin\u00e9matographique. Le polariseur circulaire r\u00e9duit l&#8217;\u00e9blouissement, minimise les reflets ind\u00e9sirables et fait ressortir des couleurs plus riches et plus satur\u00e9es. Les trois filtres sont dot\u00e9s d&#8217;une connexion magn\u00e9tique \u00e0 enclenchement pour une fixation sans effort et d&#8217;une conception rainur\u00e9e \u00e0 d\u00e9gagement rapide pour des \u00e9changes rapides, par pincement et retrait. La construction ultra-mince garantit l&#8217;absence d&#8217;interf\u00e9rence avec la r\u00e9traction de l&#8217;objectif ou l&#8217;\u00e9talonnage du cardan, et le verre optique de haute qualit\u00e9 trait\u00e9 contre l&#8217;eau, l&#8217;huile et les rayures garantit la nettet\u00e9 et la fid\u00e9lit\u00e9 de vos images.<\/p>\n<p>L&#8217;extension de stockage de filtres Tilta pour DJI Osmo Pocket 3\/4 permet de conserver vos filtres l\u00e0 o\u00f9 vous en avez besoin, c&#8217;est-\u00e0-dire sur la cam\u00e9ra. Il se fixe directement sur le Pocket et peut contenir jusqu&#8217;\u00e0 trois filtres simultan\u00e9ment. Un m\u00e9canisme rotatif vous permet de s\u00e9lectionner le bon filtre \u00e0 la vol\u00e9e, sans avoir \u00e0 sortir l&#8217;\u00e9tui. Lorsque vous \u00eates pr\u00eat \u00e0 changer de place, la conception magn\u00e9tique de la plaque arri\u00e8re permet de le faire instantan\u00e9ment. Les pieds cach\u00e9s du tr\u00e9pied se d\u00e9plient d&#8217;un simple coup, transformant l&#8217;installation en un mode de prise de vue stable sur le bureau lorsque vous en avez besoin.<\/p>\n","protected":false},"excerpt":{"rendered":"<p>Voici le kit de filtres Tilta Expansion Accessories pour DJI Osmo Pocket 4 &#8211; un ensemble d&#8217;outils rationalis\u00e9s con\u00e7us pour vous donner un contr\u00f4le cr\u00e9atif imm\u00e9diat sur votre image, directement sur la cam\u00e9ra. Le kit de filtres de base Tilta [&hellip;]<\/p>\n","protected":false},"featured_media":3145090,"comment_status":"open","ping_status":"closed","template":"","meta":[],"product_cat":[2058,4515],"product_tag":[],"acf":[],"gallery_images":[3145085],"_links":{"self":[{"href":"https:\/\/eu.tilta.com\/fr\/wp-json\/wp\/v2\/product\/3145260"}],"collection":[{"href":"https:\/\/eu.tilta.com\/fr\/wp-json\/wp\/v2\/product"}],"about":[{"href":"https:\/\/eu.tilta.com\/fr\/wp-json\/wp\/v2\/types\/product"}],"replies":[{"embeddable":true,"href":"https:\/\/eu.tilta.com\/fr\/wp-json\/wp\/v2\/comments?post=3145260"}],"wp:featuredmedia":[{"embeddable":true,"href":"https:\/\/eu.tilta.com\/fr\/wp-json\/wp\/v2\/media\/3145090"}],"wp:attachment":[{"href":"https:\/\/eu.tilta.com\/fr\/wp-json\/wp\/v2\/media?parent=3145260"}],"wp:term":[{"taxonomy":"product_cat","embeddable":true,"href":"https:\/\/eu.tilta.com\/fr\/wp-json\/wp\/v2\/product_cat?post=3145260"},{"taxonomy":"product_tag","embeddable":true,"href":"https:\/\/eu.tilta.com\/fr\/wp-json\/wp\/v2\/product_tag?post=3145260"}],"curies":[{"name":"wp","href":"https:\/\/api.w.org\/{rel}","templated":true}]}}