{"id":3145263,"date":"2026-04-17T11:45:12","date_gmt":"2026-04-17T09:45:12","guid":{"rendered":"https:\/\/eu.tilta.com\/shop\/accessoires-dextension-tilta-pour-le-kit-de-voyage-dji-osmo-pocket-4\/"},"modified":"2026-04-17T11:45:12","modified_gmt":"2026-04-17T09:45:12","slug":"tilta-expansion-accessories-for-dji-osmo-pocket-4-travel-kit-2","status":"publish","type":"product","link":"https:\/\/eu.tilta.com\/fr\/shop\/tilta-expansion-accessories-for-dji-osmo-pocket-4-travel-kit-2\/","title":{"rendered":"Accessoires d&#8217;extension Tilta pour le kit de voyage DJI Osmo Pocket 4"},"content":{"rendered":"<p>Le kit de voyage pour DJI Osmo Pocket 4 de Tilta Expansion Accessories est con\u00e7u pour les cr\u00e9ateurs qui sont toujours en mouvement et qui ne veulent jamais faire de compromis sur la protection ou la pr\u00e9paration.<\/p>\n<p>L&#8217;\u00e9tui de voyage protecteur Tilta avec kit de bandouli\u00e8re pour DJI Osmo Pocket 4 (TA-T96-PTK-SB) est con\u00e7u sur mesure pour abriter et prot\u00e9ger votre Pocket 4. Compos\u00e9 d&#8217;une coque en PC durable et d&#8217;une doublure int\u00e9rieure souple avec rembourrage en silicone, il prot\u00e8ge votre appareil photo des chocs, des chutes et de l&#8217;usure quotidienne. Trois fentes int\u00e9rieures magn\u00e9tiques vous permettent de ranger vos filtres directement \u00e0 l&#8217;int\u00e9rieur de l&#8217;\u00e9tui afin qu&#8217;ils soient toujours \u00e0 port\u00e9e de main. La bandouli\u00e8re r\u00e9glable incluse offre des options de transport flexibles &#8211; raccourcissez-la pour un portage confortable \u00e0 l&#8217;\u00e9paule ou allongez-la pour un portage transversal, en gardant les mains libres et votre appareil photo pr\u00eat \u00e0 l&#8217;emploi.<\/p>\n<p>La banque d&#8217;\u00e9nergie portable pour DJI Osmo Pocket 4 (TA-T96-PPB-B) s&#8217;attache directement \u00e0 la Pocket 4 comme une poign\u00e9e int\u00e9gr\u00e9e, fournissant 5 000 mAh de charge pendant que vous filmez. Plus besoin de s&#8217;arr\u00eater pour changer de batterie &#8211; continuez \u00e0 rouler pendant les longues journ\u00e9es de voyage, les sessions prolong\u00e9es et tout ce qui se trouve entre les deux.<\/p>\n<p>Le mini tr\u00e9pied de table \u00e0 d\u00e9gagement rapide de Tilta (TA-QRMT-B) se d\u00e9ploie d&#8217;un seul coup, permettant \u00e0 votre Pocket 4 de passer instantan\u00e9ment de l&#8217;utilisation \u00e0 la main \u00e0 une configuration de prise de vue stable sur le bureau. Pas de t\u00e2tonnement, pas d&#8217;installation compliqu\u00e9e &#8211; il suffit d&#8217;appuyer et de tirer. Suffisamment compact pour \u00eatre transport\u00e9 partout, il est \u00e9galement compatible avec le Pocket 3.<\/p>\n<p>Tout reste organis\u00e9 dans la mallette de transport universelle pour cam\u00e9ras d&#8217;action (TA-ACCC-B), avec plusieurs s\u00e9parations int\u00e9rieures transparentes pour que votre cam\u00e9ra, votre banque d&#8217;alimentation, votre tr\u00e9pied et vos accessoires soient visibles et accessibles en un coup d&#8217;\u0153il. Le tissu ext\u00e9rieur r\u00e9sistant \u00e0 l&#8217;eau de haute densit\u00e9 et la fermeture \u00e9clair \u00e9tanche prot\u00e8gent votre \u00e9quipement sur le terrain.<\/p>\n","protected":false},"excerpt":{"rendered":"<p>Le kit de voyage pour DJI Osmo Pocket 4 de Tilta Expansion Accessories est con\u00e7u pour les cr\u00e9ateurs qui sont toujours en mouvement et qui ne veulent jamais faire de compromis sur la protection ou la pr\u00e9paration. L&#8217;\u00e9tui de voyage [&hellip;]<\/p>\n","protected":false},"featured_media":3145061,"comment_status":"open","ping_status":"closed","template":"","meta":[],"product_cat":[4515],"product_tag":[],"acf":[],"gallery_images":[],"_links":{"self":[{"href":"https:\/\/eu.tilta.com\/fr\/wp-json\/wp\/v2\/product\/3145263"}],"collection":[{"href":"https:\/\/eu.tilta.com\/fr\/wp-json\/wp\/v2\/product"}],"about":[{"href":"https:\/\/eu.tilta.com\/fr\/wp-json\/wp\/v2\/types\/product"}],"replies":[{"embeddable":true,"href":"https:\/\/eu.tilta.com\/fr\/wp-json\/wp\/v2\/comments?post=3145263"}],"wp:featuredmedia":[{"embeddable":true,"href":"https:\/\/eu.tilta.com\/fr\/wp-json\/wp\/v2\/media\/3145061"}],"wp:attachment":[{"href":"https:\/\/eu.tilta.com\/fr\/wp-json\/wp\/v2\/media?parent=3145263"}],"wp:term":[{"taxonomy":"product_cat","embeddable":true,"href":"https:\/\/eu.tilta.com\/fr\/wp-json\/wp\/v2\/product_cat?post=3145263"},{"taxonomy":"product_tag","embeddable":true,"href":"https:\/\/eu.tilta.com\/fr\/wp-json\/wp\/v2\/product_tag?post=3145263"}],"curies":[{"name":"wp","href":"https:\/\/api.w.org\/{rel}","templated":true}]}}