{"id":3145274,"date":"2026-04-17T11:42:22","date_gmt":"2026-04-17T09:42:22","guid":{"rendered":"https:\/\/eu.tilta.com\/shop\/housse-de-voyage-protectrice-tilta-avec-kit-de-bandouliere-pour-dji-osmo-pocket-4\/"},"modified":"2026-04-17T11:42:22","modified_gmt":"2026-04-17T09:42:22","slug":"tilta-protective-travel-case-with-shoulder-strap-kit-for-dji-osmo-pocket-4","status":"publish","type":"product","link":"https:\/\/eu.tilta.com\/fr\/shop\/tilta-protective-travel-case-with-shoulder-strap-kit-for-dji-osmo-pocket-4\/","title":{"rendered":"Housse de voyage protectrice Tilta avec kit de bandouli\u00e8re pour DJI Osmo Pocket 4"},"content":{"rendered":"<p>Nous vous pr\u00e9sentons l&#8217;\u00e9tui de voyage protecteur avec bandouli\u00e8re Tilta pour DJI Osmo Pocket 4 &#8211; un \u00e9tui de voyage en silicone \u00e0 couverture totale con\u00e7u sur mesure, associ\u00e9 \u00e0 une bandouli\u00e8re ajustable assortie, con\u00e7u pour les cr\u00e9ateurs qui sont toujours en mouvement.<\/p>\n<p>Compos\u00e9 d&#8217;une coque en silicone durable et d&#8217;un int\u00e9rieur doux et rembourr\u00e9, il prot\u00e8ge votre Pocket 4 des chocs, des rayures et de l&#8217;usure quotidienne. La structure \u00e0 boutons-pression sans couture s&#8217;ouvre et se ferme en douceur pour un acc\u00e8s rapide et facile quand vous en avez besoin.<\/p>\n<p>Trois emplacements magn\u00e9tiques int\u00e9gr\u00e9s pour le rangement des filtres permettent d&#8217;organiser vos filtres et de les monter \u00e0 tout moment. La finition mate emp\u00eache les empreintes digitales et les taches d&#8217;huile, ce qui permet \u00e0 l&#8217;\u00e9tui de rester propre \u00e0 chaque sortie.<\/p>\n<p>La bandouli\u00e8re assortie incluse se fixe solidement \u00e0 l&#8217;\u00e9tui et s&#8217;ajuste entre 120 cm et 160 cm, ce qui vous permet de la porter \u00e0 l&#8217;\u00e9paule ou en bandouli\u00e8re &#8211; vous gardez ainsi les mains libres et votre Pocket 4 toujours \u00e0 port\u00e9e de main.<\/p>\n<p>Disponible en vert citron, rose clair et bleu ciel.<\/p>\n","protected":false},"excerpt":{"rendered":"<p>Nous vous pr\u00e9sentons l&#8217;\u00e9tui de voyage protecteur avec bandouli\u00e8re Tilta pour DJI Osmo Pocket 4 &#8211; un \u00e9tui de voyage en silicone \u00e0 couverture totale con\u00e7u sur mesure, associ\u00e9 \u00e0 une bandouli\u00e8re ajustable assortie, con\u00e7u pour les cr\u00e9ateurs qui sont [&hellip;]<\/p>\n","protected":false},"featured_media":3144987,"comment_status":"open","ping_status":"closed","template":"","meta":[],"product_cat":[4515],"product_tag":[],"acf":[],"gallery_images":[],"_links":{"self":[{"href":"https:\/\/eu.tilta.com\/fr\/wp-json\/wp\/v2\/product\/3145274"}],"collection":[{"href":"https:\/\/eu.tilta.com\/fr\/wp-json\/wp\/v2\/product"}],"about":[{"href":"https:\/\/eu.tilta.com\/fr\/wp-json\/wp\/v2\/types\/product"}],"replies":[{"embeddable":true,"href":"https:\/\/eu.tilta.com\/fr\/wp-json\/wp\/v2\/comments?post=3145274"}],"wp:featuredmedia":[{"embeddable":true,"href":"https:\/\/eu.tilta.com\/fr\/wp-json\/wp\/v2\/media\/3144987"}],"wp:attachment":[{"href":"https:\/\/eu.tilta.com\/fr\/wp-json\/wp\/v2\/media?parent=3145274"}],"wp:term":[{"taxonomy":"product_cat","embeddable":true,"href":"https:\/\/eu.tilta.com\/fr\/wp-json\/wp\/v2\/product_cat?post=3145274"},{"taxonomy":"product_tag","embeddable":true,"href":"https:\/\/eu.tilta.com\/fr\/wp-json\/wp\/v2\/product_tag?post=3145274"}],"curies":[{"name":"wp","href":"https:\/\/api.w.org\/{rel}","templated":true}]}}