{"id":3145284,"date":"2026-04-17T11:34:32","date_gmt":"2026-04-17T09:34:32","guid":{"rendered":"https:\/\/eu.tilta.com\/shop\/accessoires-dextension-tilta-pour-dji-osmo-pocket-4-lightweight-kit\/"},"modified":"2026-04-17T11:34:32","modified_gmt":"2026-04-17T09:34:32","slug":"tilta-expansion-accessories-for-dji-osmo-pocket-4-lightweight-kit","status":"publish","type":"product","link":"https:\/\/eu.tilta.com\/fr\/shop\/tilta-expansion-accessories-for-dji-osmo-pocket-4-lightweight-kit\/","title":{"rendered":"Accessoires d&#8217;extension Tilta pour DJI Osmo Pocket 4 Lightweight Kit"},"content":{"rendered":"<p>Voici le kit l\u00e9ger d&#8217;accessoires d&#8217;extension Tilta pour DJI Osmo Pocket 4 &#8211; un kit quotidien fin et \u00e9l\u00e9gant pour les cr\u00e9ateurs qui veulent que leur cam\u00e9ra soit prot\u00e9g\u00e9e et pr\u00eate \u00e0 filmer \u00e0 tout moment.<br \/>\nLa housse de protection en silicone Tilta pour DJI Osmo Pocket 4 enveloppe votre cam\u00e9ra dans une protection en silicone souple de tous les c\u00f4t\u00e9s, avec des housses s\u00e9par\u00e9es pour le corps et la t\u00eate du cardan. Le design \u00e0 couverture totale prot\u00e8ge votre Pocket 4 des rayures, des \u00e9raflures et de l&#8217;usure quotidienne sans ajouter d&#8217;encombrement. La texture ondul\u00e9e des panneaux de la poign\u00e9e offre une surface antid\u00e9rapante pour une prise en main plus s\u00fbre et plus confortable.<\/p>\n<p>La housse est con\u00e7ue de mani\u00e8re \u00e0 ne pas interf\u00e9rer avec l&#8217;\u00e9cran librement rotatif du Pocket 4, ce qui vous permet de prendre des photos dans n&#8217;importe quelle orientation sans retirer l&#8217;\u00e9tui. Disponible en trois couleurs &#8211; Lilac Purple, Celadon White et Sand Beige &#8211; avec la possibilit\u00e9 de m\u00e9langer et d&#8217;assortir les housses du corps et de la t\u00eate de cardan pour l&#8217;int\u00e9grer \u00e0 votre style de tous les jours.<\/p>\n<p>Le mini tr\u00e9pied de table \u00e0 d\u00e9gagement rapide de Tilta se d\u00e9ploie d&#8217;un seul coup, permettant \u00e0 votre Pocket 4 de passer instantan\u00e9ment de l&#8217;utilisation \u00e0 la main \u00e0 une configuration de prise de vue stable sur le bureau. Pas de t\u00e2tonnement, pas d&#8217;installation compliqu\u00e9e &#8211; il suffit d&#8217;appuyer et de tirer. Suffisamment compact pour \u00eatre transport\u00e9 partout, il est \u00e9galement compatible avec le Pocket 3.<\/p>\n<p>La protection d&#8217;\u00e9cran pour DJI Osmo Pocket 4 prot\u00e8ge votre \u00e9cran des rayures quotidiennes avec un rev\u00eatement AR qui r\u00e9duit les reflets pour une vue plus claire dans toutes les conditions d&#8217;\u00e9clairage.<\/p>\n","protected":false},"excerpt":{"rendered":"<p>Voici le kit l\u00e9ger d&#8217;accessoires d&#8217;extension Tilta pour DJI Osmo Pocket 4 &#8211; un kit quotidien fin et \u00e9l\u00e9gant pour les cr\u00e9ateurs qui veulent que leur cam\u00e9ra soit prot\u00e9g\u00e9e et pr\u00eate \u00e0 filmer \u00e0 tout moment. La housse de protection [&hellip;]<\/p>\n","protected":false},"featured_media":3145032,"comment_status":"open","ping_status":"closed","template":"","meta":[],"product_cat":[4515],"product_tag":[],"acf":[],"gallery_images":[3145042,3145037,3145047,3145052],"_links":{"self":[{"href":"https:\/\/eu.tilta.com\/fr\/wp-json\/wp\/v2\/product\/3145284"}],"collection":[{"href":"https:\/\/eu.tilta.com\/fr\/wp-json\/wp\/v2\/product"}],"about":[{"href":"https:\/\/eu.tilta.com\/fr\/wp-json\/wp\/v2\/types\/product"}],"replies":[{"embeddable":true,"href":"https:\/\/eu.tilta.com\/fr\/wp-json\/wp\/v2\/comments?post=3145284"}],"wp:featuredmedia":[{"embeddable":true,"href":"https:\/\/eu.tilta.com\/fr\/wp-json\/wp\/v2\/media\/3145032"}],"wp:attachment":[{"href":"https:\/\/eu.tilta.com\/fr\/wp-json\/wp\/v2\/media?parent=3145284"}],"wp:term":[{"taxonomy":"product_cat","embeddable":true,"href":"https:\/\/eu.tilta.com\/fr\/wp-json\/wp\/v2\/product_cat?post=3145284"},{"taxonomy":"product_tag","embeddable":true,"href":"https:\/\/eu.tilta.com\/fr\/wp-json\/wp\/v2\/product_tag?post=3145284"}],"curies":[{"name":"wp","href":"https:\/\/api.w.org\/{rel}","templated":true}]}}