{"id":3145287,"date":"2026-04-17T11:09:53","date_gmt":"2026-04-17T09:09:53","guid":{"rendered":"https:\/\/eu.tilta.com\/shop\/courroie-depaule-pour-dji-osmo-pocket-4-protective-travel-case\/"},"modified":"2026-04-17T11:09:53","modified_gmt":"2026-04-17T09:09:53","slug":"shoulder-strap-for-dji-osmo-pocket-4-protective-travel-case","status":"publish","type":"product","link":"https:\/\/eu.tilta.com\/fr\/shop\/shoulder-strap-for-dji-osmo-pocket-4-protective-travel-case\/","title":{"rendered":"Courroie d&#8217;\u00e9paule pour DJI Osmo Pocket 4 Protective Travel Case"},"content":{"rendered":"<p>La sangle d&#8217;\u00e9paule Tilta pour l&#8217;\u00e9tui de voyage protecteur DJI Osmo Pocket 4 se fixe directement \u00e0 l&#8217;\u00e9tui de voyage protecteur, vous permettant de transporter votre cam\u00e9ra confortablement \u00e0 l&#8217;\u00e9paule ou en bandouli\u00e8re. R\u00e9glable entre 120cm et 160cm pour s&#8217;adapter \u00e0 tous les styles de portage.<\/p>\n","protected":false},"excerpt":{"rendered":"<p>La sangle d&#8217;\u00e9paule Tilta pour l&#8217;\u00e9tui de voyage protecteur DJI Osmo Pocket 4 se fixe directement \u00e0 l&#8217;\u00e9tui de voyage protecteur, vous permettant de transporter votre cam\u00e9ra confortablement \u00e0 l&#8217;\u00e9paule ou en bandouli\u00e8re. R\u00e9glable entre 120cm et 160cm pour s&#8217;adapter [&hellip;]<\/p>\n","protected":false},"featured_media":3144903,"comment_status":"open","ping_status":"closed","template":"","meta":[],"product_cat":[4515],"product_tag":[],"acf":[],"gallery_images":[],"_links":{"self":[{"href":"https:\/\/eu.tilta.com\/fr\/wp-json\/wp\/v2\/product\/3145287"}],"collection":[{"href":"https:\/\/eu.tilta.com\/fr\/wp-json\/wp\/v2\/product"}],"about":[{"href":"https:\/\/eu.tilta.com\/fr\/wp-json\/wp\/v2\/types\/product"}],"replies":[{"embeddable":true,"href":"https:\/\/eu.tilta.com\/fr\/wp-json\/wp\/v2\/comments?post=3145287"}],"wp:featuredmedia":[{"embeddable":true,"href":"https:\/\/eu.tilta.com\/fr\/wp-json\/wp\/v2\/media\/3144903"}],"wp:attachment":[{"href":"https:\/\/eu.tilta.com\/fr\/wp-json\/wp\/v2\/media?parent=3145287"}],"wp:term":[{"taxonomy":"product_cat","embeddable":true,"href":"https:\/\/eu.tilta.com\/fr\/wp-json\/wp\/v2\/product_cat?post=3145287"},{"taxonomy":"product_tag","embeddable":true,"href":"https:\/\/eu.tilta.com\/fr\/wp-json\/wp\/v2\/product_tag?post=3145287"}],"curies":[{"name":"wp","href":"https:\/\/api.w.org\/{rel}","templated":true}]}}