{"id":3145296,"date":"2026-04-17T11:26:49","date_gmt":"2026-04-17T09:26:49","guid":{"rendered":"https:\/\/eu.tilta.com\/shop\/tilta-silicone-protective-cover-pour-dji-osmo-pocket-4-power-kit\/"},"modified":"2026-04-17T11:26:49","modified_gmt":"2026-04-17T09:26:49","slug":"tilta-silicone-protective-cover-for-dji-osmo-pocket-4-power-kit","status":"publish","type":"product","link":"https:\/\/eu.tilta.com\/fr\/shop\/tilta-silicone-protective-cover-for-dji-osmo-pocket-4-power-kit\/","title":{"rendered":"Tilta Silicone Protective Cover pour DJI Osmo Pocket 4 Power Kit"},"content":{"rendered":"<p>Voici le Tilta Silicone Protective Cover Power Kit pour DJI Osmo Pocket 4 &#8211; un ensemble complet de cinq pi\u00e8ces en silicone qui prot\u00e8ge chaque partie de votre installation Pocket 4, de la t\u00eate du gimbal et de l&#8217;\u00e9cran rotatif jusqu&#8217;au corps, \u00e0 la poign\u00e9e d&#8217;extension et \u00e0 la poign\u00e9e de la batterie. Chaque pi\u00e8ce est ajust\u00e9e avec pr\u00e9cision pour que votre appareil photo soit toujours beau et prot\u00e9g\u00e9, quelle que soit la fr\u00e9quence de vos prises de vue.<br \/>\nCe kit compl\u00e8te le kit de base en ajoutant le couvercle en silicone pour la poign\u00e9e de la batterie, compl\u00e9tant ainsi la couverture compl\u00e8te en silicone de tous les composants de votre Pocket 4. Les cinq pi\u00e8ces &#8211; la rotule, le bo\u00eetier, l&#8217;\u00e9cran, la poign\u00e9e d&#8217;extension et la poign\u00e9e de batterie &#8211; sont ajust\u00e9es avec pr\u00e9cision \u00e0 leurs parties respectives, ce qui permet d&#8217;acc\u00e9der \u00e0 tous les boutons et \u00e0 toutes les commandes sans aucune interf\u00e9rence. La texture ondul\u00e9e des panneaux de pr\u00e9hension du corps, de la poign\u00e9e d&#8217;extension et des couvercles de la poign\u00e9e de la batterie garantit une prise en main s\u00fbre, confortable et antid\u00e9rapante \u00e0 tout moment. Le couvercle du cardan prot\u00e8ge la t\u00eate tout en permettant \u00e0 l&#8217;\u00e9cran de tourner librement. Disponible en violet lilas, blanc c\u00e9ladon et beige sable avec la possibilit\u00e9 de m\u00e9langer et d&#8217;assortir pour que votre Pocket 4 soit vraiment le v\u00f4tre.<\/p>\n","protected":false},"excerpt":{"rendered":"<p>Voici le Tilta Silicone Protective Cover Power Kit pour DJI Osmo Pocket 4 &#8211; un ensemble complet de cinq pi\u00e8ces en silicone qui prot\u00e8ge chaque partie de votre installation Pocket 4, de la t\u00eate du gimbal et de l&#8217;\u00e9cran rotatif [&hellip;]<\/p>\n","protected":false},"featured_media":3144926,"comment_status":"open","ping_status":"closed","template":"","meta":[],"product_cat":[4515],"product_tag":[],"acf":[],"gallery_images":[3144931,3144936,3144941],"_links":{"self":[{"href":"https:\/\/eu.tilta.com\/fr\/wp-json\/wp\/v2\/product\/3145296"}],"collection":[{"href":"https:\/\/eu.tilta.com\/fr\/wp-json\/wp\/v2\/product"}],"about":[{"href":"https:\/\/eu.tilta.com\/fr\/wp-json\/wp\/v2\/types\/product"}],"replies":[{"embeddable":true,"href":"https:\/\/eu.tilta.com\/fr\/wp-json\/wp\/v2\/comments?post=3145296"}],"wp:featuredmedia":[{"embeddable":true,"href":"https:\/\/eu.tilta.com\/fr\/wp-json\/wp\/v2\/media\/3144926"}],"wp:attachment":[{"href":"https:\/\/eu.tilta.com\/fr\/wp-json\/wp\/v2\/media?parent=3145296"}],"wp:term":[{"taxonomy":"product_cat","embeddable":true,"href":"https:\/\/eu.tilta.com\/fr\/wp-json\/wp\/v2\/product_cat?post=3145296"},{"taxonomy":"product_tag","embeddable":true,"href":"https:\/\/eu.tilta.com\/fr\/wp-json\/wp\/v2\/product_tag?post=3145296"}],"curies":[{"name":"wp","href":"https:\/\/api.w.org\/{rel}","templated":true}]}}