{"id":3145340,"date":"2026-04-14T11:54:35","date_gmt":"2026-04-14T09:54:35","guid":{"rendered":"https:\/\/eu.tilta.com\/shop\/nucleus-m-ii-extended-mod-motor-gear\/"},"modified":"2026-04-14T11:54:35","modified_gmt":"2026-04-14T09:54:35","slug":"nucleus-m-ii-extended-mod-motor-gear","status":"publish","type":"product","link":"https:\/\/eu.tilta.com\/fr\/shop\/nucleus-m-ii-extended-mod-motor-gear\/","title":{"rendered":"Nucleus-M II Extended Mod Motor Gear"},"content":{"rendered":"<div>\n<p class=\"whitespace-normal\">Le Nucleus-M II Extended Mod Motor Gear est con\u00e7u pour vous permettre d&#8217;\u00e9largir votre choix d&#8217;objectifs pour vos reportages. La conception de certains objectifs de cin\u00e9ma peut parfois cr\u00e9er des interf\u00e9rences physiques entre l&#8217;objectif et les engrenages du moteur.<\/p>\n<\/div>\n<div>\n<p class=\"whitespace-normal\">L&#8217;engrenage moteur Extended Mod est sp\u00e9cialement con\u00e7u pour relever ce d\u00e9fi, en r\u00e9solvant les probl\u00e8mes d&#8217;espacement qui se posent avec les objectifs dont l&#8217;espacement entre les anneaux d&#8217;engrenage est court. Avec un diam\u00e8tre plus large, l&#8217;engrenage du moteur Extended Mod permet au moteur M II d&#8217;atteindre une plus grande distance, \u00e9liminant ainsi les limitations physiques dues aux conceptions uniques des objectifs.<\/p>\n<\/div>\n<div>\n<p class=\"whitespace-normal\">En permettant au moteur Nucleus-M II de se fixer sur une plus grande vari\u00e9t\u00e9 d&#8217;objectifs cin\u00e9ma, il \u00e9limine les probl\u00e8mes d&#8217;incompatibilit\u00e9 qui limiteraient autrement vos options cr\u00e9atives. Quelle que soit la lentille qui convient le mieux \u00e0 votre vision, le motor\u00e9ducteur Extended Mod garantit que votre syst\u00e8me Nucleus-M II peut suivre.<\/p>\n<\/div>\n","protected":false},"excerpt":{"rendered":"<p>Le Nucleus-M II Extended Mod Motor Gear est con\u00e7u pour vous permettre d&#8217;\u00e9largir votre choix d&#8217;objectifs pour vos reportages. La conception de certains objectifs de cin\u00e9ma peut parfois cr\u00e9er des interf\u00e9rences physiques entre l&#8217;objectif et les engrenages du moteur. L&#8217;engrenage [&hellip;]<\/p>\n","protected":false},"featured_media":3144770,"comment_status":"open","ping_status":"closed","template":"","meta":[],"product_cat":[3920],"product_tag":[],"acf":[],"gallery_images":[3144755,3144760,3144765,3144725,3144730,3144735],"_links":{"self":[{"href":"https:\/\/eu.tilta.com\/fr\/wp-json\/wp\/v2\/product\/3145340"}],"collection":[{"href":"https:\/\/eu.tilta.com\/fr\/wp-json\/wp\/v2\/product"}],"about":[{"href":"https:\/\/eu.tilta.com\/fr\/wp-json\/wp\/v2\/types\/product"}],"replies":[{"embeddable":true,"href":"https:\/\/eu.tilta.com\/fr\/wp-json\/wp\/v2\/comments?post=3145340"}],"wp:featuredmedia":[{"embeddable":true,"href":"https:\/\/eu.tilta.com\/fr\/wp-json\/wp\/v2\/media\/3144770"}],"wp:attachment":[{"href":"https:\/\/eu.tilta.com\/fr\/wp-json\/wp\/v2\/media?parent=3145340"}],"wp:term":[{"taxonomy":"product_cat","embeddable":true,"href":"https:\/\/eu.tilta.com\/fr\/wp-json\/wp\/v2\/product_cat?post=3145340"},{"taxonomy":"product_tag","embeddable":true,"href":"https:\/\/eu.tilta.com\/fr\/wp-json\/wp\/v2\/product_tag?post=3145340"}],"curies":[{"name":"wp","href":"https:\/\/api.w.org\/{rel}","templated":true}]}}