{"id":3145349,"date":"2026-04-17T11:54:49","date_gmt":"2026-04-17T09:54:49","guid":{"rendered":"https:\/\/eu.tilta.com\/shop\/accessoires-dextension-tilta-pour-dji-osmo-pocket-4-ultimate-kit\/"},"modified":"2026-04-17T11:54:49","modified_gmt":"2026-04-17T09:54:49","slug":"tilta-expansion-accessories-for-dji-osmo-pocket-4-ultimate-kit","status":"publish","type":"product","link":"https:\/\/eu.tilta.com\/fr\/shop\/tilta-expansion-accessories-for-dji-osmo-pocket-4-ultimate-kit\/","title":{"rendered":"Accessoires d&#8217;extension Tilta pour DJI Osmo Pocket 4 Ultimate Kit"},"content":{"rendered":"<p>Voici le kit ultime d&#8217;accessoires d&#8217;extension Tilta pour DJI Osmo Pocket 4 &#8211; une collection d&#8217;outils soigneusement assembl\u00e9s, con\u00e7us pour \u00e9liminer les compromis qui freinent les cr\u00e9ateurs.<\/p>\n<p>Le c\u0153ur du kit est la banque d&#8217;alimentation portable pour DJI Osmo Pocket 4 (TA-T96-PPB-B). Plut\u00f4t que de rester dans votre sac, cette banque d&#8217;alimentation de 5 000 mAh se fixe directement \u00e0 la Pocket 4, fonctionnant comme une poign\u00e9e \u00e9tendue qui s&#8217;int\u00e8gre parfaitement \u00e0 la poign\u00e9e de l&#8217;appareil photo. Il recharge l&#8217;appareil photo pendant que vous filmez, vous offrant ainsi une autonomie prolong\u00e9e pour r\u00e9aliser des tournages d&#8217;une journ\u00e9e, des vlogs de voyage et des contenus de longue dur\u00e9e sans avoir \u00e0 vous soucier de la batterie.<\/p>\n<p>Le Tilta Quick Release Selfie Stick Tripod (TT-SS-BH-B) est con\u00e7u pour les cr\u00e9ateurs qui agissent rapidement. Une simple pression sur la g\u00e2chette permet de d\u00e9ployer automatiquement les jambes du tr\u00e9pied &#8211; il suffit de l&#8217;appuyer sur n&#8217;importe quelle surface pour \u00eatre pr\u00eat \u00e0 photographier en quelques secondes. Sa plage de hauteur r\u00e9glable de 6,5 \u00e0 14,4 pouces s&#8217;adapte facilement aux actions en contre-plong\u00e9e, aux portraits \u00e0 hauteur d&#8217;\u0153il et aux perspectives sur\u00e9lev\u00e9es. La rotule int\u00e9gr\u00e9e, avec un angle de 360\u00b0 et une inclinaison de 90\u00b0, se verrouille en toute s\u00e9curit\u00e9 dans n&#8217;importe quelle position, et un filetage lat\u00e9ral de 1\/4\u2033&#8221;-20 avec des points de fixation vous permet d&#8217;ajouter des accessoires suppl\u00e9mentaires. Pesant \u00e0 peine 0,41 lb, il est aussi facile \u00e0 transporter qu&#8217;\u00e0 utiliser.<\/p>\n<p>Le kit de montage d&#8217;accessoires magn\u00e9tiques pour DJI Osmo Pocket 3\/4 (TA-T65-MAK-TW) apporte une capacit\u00e9 de montage polyvalente \u00e0 votre Pocket 4. Le Mini Accessory Mounting Expander inclus entoure la cam\u00e9ra avec un design ajust\u00e9 et discret, offrant de multiples interfaces, y compris 1\/4\u2033&#8221;-20, cold shoe, GoPro-style, et un connecteur magn\u00e9tique DJI &#8211; tout en maintenant un acc\u00e8s complet au joystick, aux boutons, et \u00e0 la fente pour carte SD. Le support de montage magn\u00e9tique fourni comporte deux points d&#8217;articulation avec une inclinaison de 270\u00b0 sur l&#8217;axe sup\u00e9rieur et de 180\u00b0 sur l&#8217;axe inf\u00e9rieur, ce qui permet une gamme presque illimit\u00e9e de positions de montage. Le rembourrage en silicone haute densit\u00e9 prot\u00e8ge l&#8217;appareil photo et assure une bonne prise en main.<\/p>\n<p>Le Tilta Ultimate Filter Kit for DJI Osmo Pocket 3\/4 (TF-OP3-C) compl\u00e8te votre bo\u00eete \u00e0 outils cr\u00e9ative avec six filtres magn\u00e9tiques de pr\u00e9cision. Les filtres ND 1,5, 1,8 et 2,1 offrent un contr\u00f4le gradu\u00e9 de la densit\u00e9 neutre pour un flou de mouvement naturel et constant, quel que soit l&#8217;\u00e9clairage. Les filtres Black Mist 1\/4 et 1\/2 adoucissent les hautes lumi\u00e8res et ajoutent une qualit\u00e9 cin\u00e9matographique qui rehausse vos s\u00e9quences. Le polariseur circulaire r\u00e9duit l&#8217;\u00e9blouissement, les reflets ind\u00e9sirables et enrichit les couleurs pour des images plus vraies que nature. Chaque filtre est dot\u00e9 d&#8217;une connexion magn\u00e9tique pour une fixation sans effort et d&#8217;une conception rainur\u00e9e \u00e0 d\u00e9gagement rapide &#8211; pincez pour retirer, c&#8217;est fait.<\/p>\n<p>Tout se transporte dans l&#8217;\u00e9tui universel pour cam\u00e9ras d&#8217;action (TA-ACCC-B). Gr\u00e2ce aux multiples cloisons int\u00e9rieures transparentes, votre appareil photo, votre banque d&#8217;alimentation, votre tr\u00e9pied, vos filtres et vos accessoires sont visibles et organis\u00e9s d&#8217;un seul coup d&#8217;\u0153il. Le tissu ext\u00e9rieur imperm\u00e9able haute densit\u00e9 et la fermeture \u00e9clair \u00e9tanche prot\u00e8gent votre \u00e9quipement, que vous naviguiez dans une ville anim\u00e9e ou que vous filmiez dans les intemp\u00e9ries.<\/p>\n","protected":false},"excerpt":{"rendered":"<p>Voici le kit ultime d&#8217;accessoires d&#8217;extension Tilta pour DJI Osmo Pocket 4 &#8211; une collection d&#8217;outils soigneusement assembl\u00e9s, con\u00e7us pour \u00e9liminer les compromis qui freinent les cr\u00e9ateurs. Le c\u0153ur du kit est la banque d&#8217;alimentation portable pour DJI Osmo Pocket [&hellip;]<\/p>\n","protected":false},"featured_media":3145068,"comment_status":"open","ping_status":"closed","template":"","meta":[],"product_cat":[4515],"product_tag":[],"acf":[],"gallery_images":[3145073,3145078],"_links":{"self":[{"href":"https:\/\/eu.tilta.com\/fr\/wp-json\/wp\/v2\/product\/3145349"}],"collection":[{"href":"https:\/\/eu.tilta.com\/fr\/wp-json\/wp\/v2\/product"}],"about":[{"href":"https:\/\/eu.tilta.com\/fr\/wp-json\/wp\/v2\/types\/product"}],"replies":[{"embeddable":true,"href":"https:\/\/eu.tilta.com\/fr\/wp-json\/wp\/v2\/comments?post=3145349"}],"wp:featuredmedia":[{"embeddable":true,"href":"https:\/\/eu.tilta.com\/fr\/wp-json\/wp\/v2\/media\/3145068"}],"wp:attachment":[{"href":"https:\/\/eu.tilta.com\/fr\/wp-json\/wp\/v2\/media?parent=3145349"}],"wp:term":[{"taxonomy":"product_cat","embeddable":true,"href":"https:\/\/eu.tilta.com\/fr\/wp-json\/wp\/v2\/product_cat?post=3145349"},{"taxonomy":"product_tag","embeddable":true,"href":"https:\/\/eu.tilta.com\/fr\/wp-json\/wp\/v2\/product_tag?post=3145349"}],"curies":[{"name":"wp","href":"https:\/\/api.w.org\/{rel}","templated":true}]}}