{"id":3145350,"date":"2026-04-17T11:02:26","date_gmt":"2026-04-17T09:02:26","guid":{"rendered":"https:\/\/eu.tilta.com\/shop\/dragonne-tilta-pour-dji-osmo-pocket-3-4-noir\/"},"modified":"2026-04-17T11:02:26","modified_gmt":"2026-04-17T09:02:26","slug":"tilta-wrist-strap-for-dji-osmo-pocket-3-4-black","status":"publish","type":"product","link":"https:\/\/eu.tilta.com\/fr\/shop\/tilta-wrist-strap-for-dji-osmo-pocket-3-4-black\/","title":{"rendered":"Dragonne Tilta pour DJI Osmo Pocket 3\/4 &#8211; Noir"},"content":{"rendered":"<p>La dragonne Tilta pour DJI Osmo Pocket 3\/4 s&#8217;attache directement \u00e0 votre cam\u00e9ra, la maintenant fix\u00e9e \u00e0 votre poignet pendant que vous filmez, afin que vous n&#8217;ayez jamais \u00e0 vous soucier de la faire tomber. L\u00e9ger et discret, c&#8217;est le moyen le plus simple d&#8217;ajouter une couche de s\u00e9curit\u00e9 \u00e0 chaque sortie.<\/p>\n","protected":false},"excerpt":{"rendered":"<p>La dragonne Tilta pour DJI Osmo Pocket 3\/4 s&#8217;attache directement \u00e0 votre cam\u00e9ra, la maintenant fix\u00e9e \u00e0 votre poignet pendant que vous filmez, afin que vous n&#8217;ayez jamais \u00e0 vous soucier de la faire tomber. L\u00e9ger et discret, c&#8217;est le [&hellip;]<\/p>\n","protected":false},"featured_media":3144887,"comment_status":"open","ping_status":"closed","template":"","meta":[],"product_cat":[2058,4515],"product_tag":[],"acf":[],"gallery_images":[3144897,3144892],"_links":{"self":[{"href":"https:\/\/eu.tilta.com\/fr\/wp-json\/wp\/v2\/product\/3145350"}],"collection":[{"href":"https:\/\/eu.tilta.com\/fr\/wp-json\/wp\/v2\/product"}],"about":[{"href":"https:\/\/eu.tilta.com\/fr\/wp-json\/wp\/v2\/types\/product"}],"replies":[{"embeddable":true,"href":"https:\/\/eu.tilta.com\/fr\/wp-json\/wp\/v2\/comments?post=3145350"}],"wp:featuredmedia":[{"embeddable":true,"href":"https:\/\/eu.tilta.com\/fr\/wp-json\/wp\/v2\/media\/3144887"}],"wp:attachment":[{"href":"https:\/\/eu.tilta.com\/fr\/wp-json\/wp\/v2\/media?parent=3145350"}],"wp:term":[{"taxonomy":"product_cat","embeddable":true,"href":"https:\/\/eu.tilta.com\/fr\/wp-json\/wp\/v2\/product_cat?post=3145350"},{"taxonomy":"product_tag","embeddable":true,"href":"https:\/\/eu.tilta.com\/fr\/wp-json\/wp\/v2\/product_tag?post=3145350"}],"curies":[{"name":"wp","href":"https:\/\/api.w.org\/{rel}","templated":true}]}}