{"id":3145354,"date":"2026-04-17T10:58:33","date_gmt":"2026-04-17T08:58:33","guid":{"rendered":"https:\/\/eu.tilta.com\/shop\/film-de-protection-pour-dji-osmo-pocket-4\/"},"modified":"2026-04-17T10:58:33","modified_gmt":"2026-04-17T08:58:33","slug":"screen-protector-for-dji-osmo-pocket-4","status":"publish","type":"product","link":"https:\/\/eu.tilta.com\/fr\/shop\/screen-protector-for-dji-osmo-pocket-4\/","title":{"rendered":"Film de protection pour DJI Osmo Pocket 4"},"content":{"rendered":"<p>La protection d&#8217;\u00e9cran Tilta pour DJI Osmo Pocket 4 est con\u00e7ue pour s&#8217;adapter \u00e0 l&#8217;\u00e9cran de la Pocket 4 et le prot\u00e9ger des rayures et de l&#8217;usure quotidienne. Un rev\u00eatement AR r\u00e9duit les reflets pour une vision plus claire dans toutes les conditions d&#8217;\u00e9clairage.<\/p>\n","protected":false},"excerpt":{"rendered":"<p>La protection d&#8217;\u00e9cran Tilta pour DJI Osmo Pocket 4 est con\u00e7ue pour s&#8217;adapter \u00e0 l&#8217;\u00e9cran de la Pocket 4 et le prot\u00e9ger des rayures et de l&#8217;usure quotidienne. Un rev\u00eatement AR r\u00e9duit les reflets pour une vision plus claire dans [&hellip;]<\/p>\n","protected":false},"featured_media":3144880,"comment_status":"open","ping_status":"closed","template":"","meta":[],"product_cat":[4515],"product_tag":[],"acf":[],"gallery_images":[],"_links":{"self":[{"href":"https:\/\/eu.tilta.com\/fr\/wp-json\/wp\/v2\/product\/3145354"}],"collection":[{"href":"https:\/\/eu.tilta.com\/fr\/wp-json\/wp\/v2\/product"}],"about":[{"href":"https:\/\/eu.tilta.com\/fr\/wp-json\/wp\/v2\/types\/product"}],"replies":[{"embeddable":true,"href":"https:\/\/eu.tilta.com\/fr\/wp-json\/wp\/v2\/comments?post=3145354"}],"wp:featuredmedia":[{"embeddable":true,"href":"https:\/\/eu.tilta.com\/fr\/wp-json\/wp\/v2\/media\/3144880"}],"wp:attachment":[{"href":"https:\/\/eu.tilta.com\/fr\/wp-json\/wp\/v2\/media?parent=3145354"}],"wp:term":[{"taxonomy":"product_cat","embeddable":true,"href":"https:\/\/eu.tilta.com\/fr\/wp-json\/wp\/v2\/product_cat?post=3145354"},{"taxonomy":"product_tag","embeddable":true,"href":"https:\/\/eu.tilta.com\/fr\/wp-json\/wp\/v2\/product_tag?post=3145354"}],"curies":[{"name":"wp","href":"https:\/\/api.w.org\/{rel}","templated":true}]}}